{"id":1484,"date":"2025-05-21T20:01:39","date_gmt":"2025-05-21T20:01:39","guid":{"rendered":"https:\/\/npschmuckwerk.de\/?post_type=product&#038;p=1484"},"modified":"2025-07-24T10:50:19","modified_gmt":"2025-07-24T10:50:19","slug":"silberring-oberflaeche-quer-gekratzt-mit-18-rosa-farbenen-saphiren-2","status":"publish","type":"product","link":"https:\/\/npschmuckwerk.de\/en\/product\/silberring-oberflaeche-quer-gekratzt-mit-18-rosa-farbenen-saphiren-2\/","title":{"rendered":"Silberring Oberfl\u00e4che quer gekratzt mit 18 rosa farbenen Saphiren"},"content":{"rendered":"<p><strong>Silberring mit quer gekratzt Oberfl\u00e4che und 18 rosa Saphiren (1,7 mm)<\/strong><\/p>\n<p>Dieser zarte Beisteckring aus 925er Silber \u00fcberzeugt mit seiner einzigartigen Oberfl\u00e4che, die quer gekratzt wurde, um dem Ring eine markante Textur zu verleihen. Auf dieser rauen Struktur sind 18 rosa Saphire (je 1,7 mm Durchmesser) in einer klaren, gleichm\u00e4\u00dfigen Anordnung eingefasst, was dem Ring einen dezenten, aber lebendigen Farbakzent gibt. Der Ring misst 2,77 \u00d7 2,7 mm und ist in Gr\u00f6\u00dfe 57 erh\u00e4ltlich.<\/p>\n<ul>\n<li><strong>Material:<\/strong> 925 Silber<\/li>\n<li><strong>Steine:<\/strong> 18 rosa Saphire (1,7 mm)<\/li>\n<li><strong>Ma\u00dfe Ring:<\/strong> 2,77 \u00d7 2,7 mm<\/li>\n<li><strong>Ringgr\u00f6\u00dfe:<\/strong> 57<\/li>\n<li><strong>Gewicht:<\/strong> 3,73 g<\/li>\n<li><strong>Preis:<\/strong> 385,00 \u20ac<\/li>\n<\/ul>\n<p>Ein handgefertigter Beisteckring, der mit zarten Details und eleganter Struktur punktet.<\/p>","protected":false},"excerpt":{"rendered":"<p>Beisteckring mit rosa Saphiren \u2013 feine Textur, zarte Eleganz &amp; handgefertigt.<\/p>","protected":false},"featured_media":2032,"comment_status":"closed","ping_status":"closed","template":"","meta":[],"product_brand":[],"product_cat":[48,74,75,46],"product_tag":[55],"class_list":{"0":"post-1484","1":"product","2":"type-product","3":"status-publish","4":"has-post-thumbnail","6":"product_cat-beisteckring","7":"product_cat-verkauf-nach-absprache","8":"product_cat-kv","9":"product_cat-ring","10":"product_tag-kombi","12":"first","13":"instock","14":"virtual","15":"taxable","16":"purchasable","17":"product-type-simple"},"_links":{"self":[{"href":"https:\/\/npschmuckwerk.de\/en\/wp-json\/wp\/v2\/product\/1484","targetHints":{"allow":["GET"]}}],"collection":[{"href":"https:\/\/npschmuckwerk.de\/en\/wp-json\/wp\/v2\/product"}],"about":[{"href":"https:\/\/npschmuckwerk.de\/en\/wp-json\/wp\/v2\/types\/product"}],"replies":[{"embeddable":true,"href":"https:\/\/npschmuckwerk.de\/en\/wp-json\/wp\/v2\/comments?post=1484"}],"wp:featuredmedia":[{"embeddable":true,"href":"https:\/\/npschmuckwerk.de\/en\/wp-json\/wp\/v2\/media\/2032"}],"wp:attachment":[{"href":"https:\/\/npschmuckwerk.de\/en\/wp-json\/wp\/v2\/media?parent=1484"}],"wp:term":[{"taxonomy":"product_brand","embeddable":true,"href":"https:\/\/npschmuckwerk.de\/en\/wp-json\/wp\/v2\/product_brand?post=1484"},{"taxonomy":"product_cat","embeddable":true,"href":"https:\/\/npschmuckwerk.de\/en\/wp-json\/wp\/v2\/product_cat?post=1484"},{"taxonomy":"product_tag","embeddable":true,"href":"https:\/\/npschmuckwerk.de\/en\/wp-json\/wp\/v2\/product_tag?post=1484"}],"curies":[{"name":"wp","href":"https:\/\/api.w.org\/{rel}","templated":true}]}}