{"id":1429,"date":"2025-05-21T19:05:05","date_gmt":"2025-05-21T19:05:05","guid":{"rendered":"https:\/\/npschmuckwerk.de\/?post_type=product&#038;p=1429"},"modified":"2025-07-24T10:50:18","modified_gmt":"2025-07-24T10:50:18","slug":"weissblond-anhaenger-mit-weissem-brillant-010ct","status":"publish","type":"product","link":"https:\/\/npschmuckwerk.de\/en\/product\/weissblond-anhaenger-mit-weissem-brillant-010ct\/","title":{"rendered":"Wei\u00dfblond Anh\u00e4nger mit wei\u00dfem Brillant 0,10ct"},"content":{"rendered":"<p><strong>Wei\u00dfgold-Anh\u00e4nger mit wei\u00dfem Brillant (0,10 ct)<\/strong><\/p>\n<p>Dieser elegante Anh\u00e4nger aus 585er Wei\u00dfgold pr\u00e4sentiert sich in einer klaren, modernen Form und ist mit einem wei\u00dfen Brillanten von 0,10 ct (tw\/vsi) besetzt. Der funkelnde Stein bildet das strahlende Zentrum und steht im harmonischen Kontrast zum k\u00fchlen Glanz des Wei\u00dfgoldes. Dezent im Format, hochwertig in der Ausstrahlung \u2013 ein feines Schmuckst\u00fcck f\u00fcr jeden Tag oder besondere Anl\u00e4sse.<\/p>\n<ul>\n<li><strong>Material:<\/strong> 585 Wei\u00dfgold<\/li>\n<li><strong>Stein:<\/strong> Wei\u00dfer Brillant 0,10 ct (tw\/vsi)<\/li>\n<li><strong>Ma\u00dfe:<\/strong> 6,44 \u00d7 3,55 mm<\/li>\n<li><strong>Gewicht:<\/strong> 0,35 g<\/li>\n<li><strong>Preis:<\/strong> 450,00 \u20ac<\/li>\n<\/ul>\n<p>In meisterhafter Handarbeit gefertigt \u2013 ein edles Detail mit klassischem Glanz.<\/p>","protected":false},"excerpt":{"rendered":"<p>Wei\u00dfgold-Anh\u00e4nger mit 0,10 ct Brillant \u2013 klar, elegant und handgefertigt.<\/p>","protected":false},"featured_media":1431,"comment_status":"closed","ping_status":"closed","template":"","meta":[],"product_brand":[],"product_cat":[40,74,75,39],"product_tag":[],"class_list":{"0":"post-1429","1":"product","2":"type-product","3":"status-publish","4":"has-post-thumbnail","6":"product_cat-anhaenger","7":"product_cat-verkauf-nach-absprache","8":"product_cat-kv","9":"product_cat-halsschmuck","11":"first","12":"instock","13":"virtual","14":"taxable","15":"purchasable","16":"product-type-simple"},"_links":{"self":[{"href":"https:\/\/npschmuckwerk.de\/en\/wp-json\/wp\/v2\/product\/1429","targetHints":{"allow":["GET"]}}],"collection":[{"href":"https:\/\/npschmuckwerk.de\/en\/wp-json\/wp\/v2\/product"}],"about":[{"href":"https:\/\/npschmuckwerk.de\/en\/wp-json\/wp\/v2\/types\/product"}],"replies":[{"embeddable":true,"href":"https:\/\/npschmuckwerk.de\/en\/wp-json\/wp\/v2\/comments?post=1429"}],"wp:featuredmedia":[{"embeddable":true,"href":"https:\/\/npschmuckwerk.de\/en\/wp-json\/wp\/v2\/media\/1431"}],"wp:attachment":[{"href":"https:\/\/npschmuckwerk.de\/en\/wp-json\/wp\/v2\/media?parent=1429"}],"wp:term":[{"taxonomy":"product_brand","embeddable":true,"href":"https:\/\/npschmuckwerk.de\/en\/wp-json\/wp\/v2\/product_brand?post=1429"},{"taxonomy":"product_cat","embeddable":true,"href":"https:\/\/npschmuckwerk.de\/en\/wp-json\/wp\/v2\/product_cat?post=1429"},{"taxonomy":"product_tag","embeddable":true,"href":"https:\/\/npschmuckwerk.de\/en\/wp-json\/wp\/v2\/product_tag?post=1429"}],"curies":[{"name":"wp","href":"https:\/\/api.w.org\/{rel}","templated":true}]}}