{"id":1309,"date":"2025-05-21T17:51:04","date_gmt":"2025-05-21T17:51:04","guid":{"rendered":"https:\/\/npschmuckwerk.de\/?post_type=product&#038;p=1309"},"modified":"2025-07-24T10:50:19","modified_gmt":"2025-07-24T10:50:19","slug":"silberring-mit-geschwaerzter-geschmorter-oberflaeche-und-22-13mm-gelben-si-brillanten","status":"publish","type":"product","link":"https:\/\/npschmuckwerk.de\/en\/product\/silberring-mit-geschwaerzter-geschmorter-oberflaeche-und-22-13mm-gelben-si-brillanten\/","title":{"rendered":"Silberring mit geschw\u00e4rzter \/ geschmorter Oberfl\u00e4che und 22 (1,3mm) gelben SI &#8211; Brillanten"},"content":{"rendered":"<p><strong>Silberring mit geschw\u00e4rzter\/geschmorter Oberfl\u00e4che und 22 gelben SI-Brillanten<\/strong><\/p>\n<p>Dieser elegante Silberring aus 925er Silber kombiniert eine markante geschw\u00e4rzte und geschmorte Oberfl\u00e4che mit 22 gelben SI-Brillanten (1,3 mm) in einer pr\u00e4zisen Fassung. Der Ring (3 \u00d7 2,8 mm) ist ein einzigartiges Unikat, das durch die feine Anordnung der Brillanten einen subtilen Glanz erh\u00e4lt. Der Ring ist in Gr\u00f6\u00dfe 61 erh\u00e4ltlich und eignet sich sowohl als Beisteckring als auch f\u00fcr besondere Anl\u00e4sse. Die gelben Brillanten und die besondere Oberfl\u00e4chenbehandlung machen diesen Ring zu einem Blickfang.<\/p>\n<ul>\n<li><strong>Material:<\/strong> 925 Silber<\/li>\n<li><strong>Steine:<\/strong> 22 gelbe SI-Brillanten (1,3 mm)<\/li>\n<li><strong>Ma\u00dfe Ring:<\/strong> 3 \u00d7 2,8 mm<\/li>\n<li><strong>Ringgr\u00f6\u00dfe:<\/strong> 61<\/li>\n<li><strong>Gewicht:<\/strong> 4,52 g<\/li>\n<li><strong>Preis:<\/strong> 400,00 \u20ac<\/li>\n<\/ul>\n<p>Ein handgefertigter Beisteckring, der durch seine geschw\u00e4rzte Oberfl\u00e4che und die funkelnden gelben Brillanten beeindruckt.<\/p>","protected":false},"excerpt":{"rendered":"<p>Silberring mit geschw\u00e4rzter\/geschmorter Oberfl\u00e4che und 22 gelben Brillanten \u2013 edel, funkelnd und handgefertigt.<\/p>","protected":false},"featured_media":2038,"comment_status":"closed","ping_status":"closed","template":"","meta":[],"product_brand":[],"product_cat":[47,48,74,75,46],"product_tag":[55],"class_list":{"0":"post-1309","1":"product","2":"type-product","3":"status-publish","4":"has-post-thumbnail","6":"product_cat-schmuckring","7":"product_cat-beisteckring","8":"product_cat-verkauf-nach-absprache","9":"product_cat-kv","10":"product_cat-ring","11":"product_tag-kombi","13":"first","14":"instock","15":"virtual","16":"taxable","17":"purchasable","18":"product-type-simple"},"_links":{"self":[{"href":"https:\/\/npschmuckwerk.de\/en\/wp-json\/wp\/v2\/product\/1309","targetHints":{"allow":["GET"]}}],"collection":[{"href":"https:\/\/npschmuckwerk.de\/en\/wp-json\/wp\/v2\/product"}],"about":[{"href":"https:\/\/npschmuckwerk.de\/en\/wp-json\/wp\/v2\/types\/product"}],"replies":[{"embeddable":true,"href":"https:\/\/npschmuckwerk.de\/en\/wp-json\/wp\/v2\/comments?post=1309"}],"wp:featuredmedia":[{"embeddable":true,"href":"https:\/\/npschmuckwerk.de\/en\/wp-json\/wp\/v2\/media\/2038"}],"wp:attachment":[{"href":"https:\/\/npschmuckwerk.de\/en\/wp-json\/wp\/v2\/media?parent=1309"}],"wp:term":[{"taxonomy":"product_brand","embeddable":true,"href":"https:\/\/npschmuckwerk.de\/en\/wp-json\/wp\/v2\/product_brand?post=1309"},{"taxonomy":"product_cat","embeddable":true,"href":"https:\/\/npschmuckwerk.de\/en\/wp-json\/wp\/v2\/product_cat?post=1309"},{"taxonomy":"product_tag","embeddable":true,"href":"https:\/\/npschmuckwerk.de\/en\/wp-json\/wp\/v2\/product_tag?post=1309"}],"curies":[{"name":"wp","href":"https:\/\/api.w.org\/{rel}","templated":true}]}}