{"id":1293,"date":"2025-05-21T17:24:20","date_gmt":"2025-05-21T17:24:20","guid":{"rendered":"https:\/\/npschmuckwerk.de\/?post_type=product&#038;p=1293"},"modified":"2025-07-24T10:50:18","modified_gmt":"2025-07-24T10:50:18","slug":"gelbgoldkugelring-18mm-kugeln","status":"publish","type":"product","link":"https:\/\/npschmuckwerk.de\/en\/product\/gelbgoldkugelring-18mm-kugeln\/","title":{"rendered":"Gelbgoldkugelring 1,8mm Kugeln"},"content":{"rendered":"<p><strong>Gelbgoldkugelring mit 1,8 mm Kugeln<\/strong><\/p>\n<p>Dieser elegante Gelbgoldkugelring aus 585er Gelbgold bietet eine feine und harmonische Struktur mit Kugeln von ca. 1,8 mm Durchmesser. Der Ring (1,8 \u00d7 2 mm) kombiniert das edle Gelbgold mit einer minimalistischen Form, die sich perfekt f\u00fcr den Alltag oder besondere Anl\u00e4sse eignet. Die schlichte Eleganz dieses Rings macht ihn zu einem zeitlosen Schmuckst\u00fcck, das in Gr\u00f6\u00dfe 56 erh\u00e4ltlich ist und sowohl als Solit\u00e4r als auch im Kombinationslook getragen werden kann.<\/p>\n<ul>\n<li><strong>Material:<\/strong> 585 Gelbgold<\/li>\n<li><strong>Ma\u00dfe Kugel:<\/strong> ca. 1,8 mm<\/li>\n<li><strong>Ma\u00dfe Ring:<\/strong> 1,8 \u00d7 2 mm<\/li>\n<li><strong>Ringgr\u00f6\u00dfe:<\/strong> 56<\/li>\n<li><strong>Gewicht:<\/strong> 1,88 g<\/li>\n<li><strong>Preis:<\/strong> 515,00 \u20ac<\/li>\n<\/ul>\n<p>&nbsp;<\/p>\n<p>Ein handgefertigter Kugelring, der durch seine schlichte Form und edles Material besticht.<\/p>","protected":false},"excerpt":{"rendered":"<p>Gelbgoldkugelring \u2013 elegant, minimalistisch und handgefertigt mit 1,8 mm Kugeln.<\/p>","protected":false},"featured_media":2042,"comment_status":"closed","ping_status":"closed","template":"","meta":[],"product_brand":[],"product_cat":[75,46,47,48,52,74],"product_tag":[55],"class_list":{"0":"post-1293","1":"product","2":"type-product","3":"status-publish","4":"has-post-thumbnail","6":"product_cat-kv","7":"product_cat-ring","8":"product_cat-schmuckring","9":"product_cat-beisteckring","10":"product_cat-kugelring","11":"product_cat-verkauf-nach-absprache","12":"product_tag-kombi","14":"first","15":"instock","16":"virtual","17":"taxable","18":"purchasable","19":"product-type-simple"},"_links":{"self":[{"href":"https:\/\/npschmuckwerk.de\/en\/wp-json\/wp\/v2\/product\/1293","targetHints":{"allow":["GET"]}}],"collection":[{"href":"https:\/\/npschmuckwerk.de\/en\/wp-json\/wp\/v2\/product"}],"about":[{"href":"https:\/\/npschmuckwerk.de\/en\/wp-json\/wp\/v2\/types\/product"}],"replies":[{"embeddable":true,"href":"https:\/\/npschmuckwerk.de\/en\/wp-json\/wp\/v2\/comments?post=1293"}],"wp:featuredmedia":[{"embeddable":true,"href":"https:\/\/npschmuckwerk.de\/en\/wp-json\/wp\/v2\/media\/2042"}],"wp:attachment":[{"href":"https:\/\/npschmuckwerk.de\/en\/wp-json\/wp\/v2\/media?parent=1293"}],"wp:term":[{"taxonomy":"product_brand","embeddable":true,"href":"https:\/\/npschmuckwerk.de\/en\/wp-json\/wp\/v2\/product_brand?post=1293"},{"taxonomy":"product_cat","embeddable":true,"href":"https:\/\/npschmuckwerk.de\/en\/wp-json\/wp\/v2\/product_cat?post=1293"},{"taxonomy":"product_tag","embeddable":true,"href":"https:\/\/npschmuckwerk.de\/en\/wp-json\/wp\/v2\/product_tag?post=1293"}],"curies":[{"name":"wp","href":"https:\/\/api.w.org\/{rel}","templated":true}]}}