{"id":1241,"date":"2025-05-21T14:50:51","date_gmt":"2025-05-21T14:50:51","guid":{"rendered":"https:\/\/npschmuckwerk.de\/?post_type=product&#038;p=1241"},"modified":"2025-07-24T10:50:20","modified_gmt":"2025-07-24T10:50:20","slug":"silberring-mit-gelbgoldstreifen-und-kuegelchen","status":"publish","type":"product","link":"https:\/\/npschmuckwerk.de\/en\/product\/silberring-mit-gelbgoldstreifen-und-kuegelchen\/","title":{"rendered":"Silberring mit Gelbgoldstreifen und K\u00fcgelchen"},"content":{"rendered":"<p><strong>Silberring mit Gelbgoldstreifen und K\u00fcgelchen<\/strong><\/p>\n<p>Dieser elegante Silberring aus 925er Silber kombiniert edles Silber mit Akzenten aus 585er Gelbgold. Die markanten Gelbgoldstreifen (2,67 mm breit) verlaufen entlang des Rings und werden von kleinen K\u00fcgelchen erg\u00e4nzt, die dem Design eine verspielte Textur verleihen. Der Ring hat eine Breite von 7,2 \u00d7 6 mm und ist in Gr\u00f6\u00dfe 59 erh\u00e4ltlich. Mit seinem modernen Design und den goldenen Akzenten ist dieser Ring ein einzigartiges Schmuckst\u00fcck, das sowohl im Alltag als auch zu besonderen Anl\u00e4ssen getragen werden kann.<\/p>\n<ul>\n<li><strong>Material:<\/strong> 925 Silber, 585 Gelbgold<\/li>\n<li><strong>Ma\u00dfe Ring:<\/strong> 7,2 \u00d7 6 mm<\/li>\n<li><strong>Breite Gelbgoldstreifen:<\/strong> 2,67 mm<\/li>\n<li><strong>Ringgr\u00f6\u00dfe:<\/strong> 59<\/li>\n<li><strong>Gewicht:<\/strong> 10,96 g<\/li>\n<li><strong>Preis:<\/strong> 219,00 \u20ac<\/li>\n<\/ul>\n<p>Ein handgefertigter Schmuckring, der durch die edlen Gelbgoldstreifen und die verspielten K\u00fcgelchen besticht.<\/p>","protected":false},"excerpt":{"rendered":"<p>Silberring mit Gelbgoldstreifen und K\u00fcgelchen \u2013 edel, verspielt und handgefertigt.<\/p>","protected":false},"featured_media":1311,"comment_status":"closed","ping_status":"closed","template":"","meta":[],"product_brand":[],"product_cat":[46,47,74,75],"product_tag":[],"class_list":{"0":"post-1241","1":"product","2":"type-product","3":"status-publish","4":"has-post-thumbnail","6":"product_cat-ring","7":"product_cat-schmuckring","8":"product_cat-verkauf-nach-absprache","9":"product_cat-kv","11":"first","12":"instock","13":"virtual","14":"taxable","15":"purchasable","16":"product-type-simple"},"_links":{"self":[{"href":"https:\/\/npschmuckwerk.de\/en\/wp-json\/wp\/v2\/product\/1241","targetHints":{"allow":["GET"]}}],"collection":[{"href":"https:\/\/npschmuckwerk.de\/en\/wp-json\/wp\/v2\/product"}],"about":[{"href":"https:\/\/npschmuckwerk.de\/en\/wp-json\/wp\/v2\/types\/product"}],"replies":[{"embeddable":true,"href":"https:\/\/npschmuckwerk.de\/en\/wp-json\/wp\/v2\/comments?post=1241"}],"wp:featuredmedia":[{"embeddable":true,"href":"https:\/\/npschmuckwerk.de\/en\/wp-json\/wp\/v2\/media\/1311"}],"wp:attachment":[{"href":"https:\/\/npschmuckwerk.de\/en\/wp-json\/wp\/v2\/media?parent=1241"}],"wp:term":[{"taxonomy":"product_brand","embeddable":true,"href":"https:\/\/npschmuckwerk.de\/en\/wp-json\/wp\/v2\/product_brand?post=1241"},{"taxonomy":"product_cat","embeddable":true,"href":"https:\/\/npschmuckwerk.de\/en\/wp-json\/wp\/v2\/product_cat?post=1241"},{"taxonomy":"product_tag","embeddable":true,"href":"https:\/\/npschmuckwerk.de\/en\/wp-json\/wp\/v2\/product_tag?post=1241"}],"curies":[{"name":"wp","href":"https:\/\/api.w.org\/{rel}","templated":true}]}}