{"id":1239,"date":"2025-05-21T14:50:51","date_gmt":"2025-05-21T14:50:51","guid":{"rendered":"https:\/\/npschmuckwerk.de\/?post_type=product&#038;p=1239"},"modified":"2025-07-24T10:50:17","modified_gmt":"2025-07-24T10:50:17","slug":"silberring-mit-geschmorter-geschwaerzter-oberflaeche-und-13-gelben-si-brillanten-im-pavee-gefasst","status":"publish","type":"product","link":"https:\/\/npschmuckwerk.de\/en\/product\/silberring-mit-geschmorter-geschwaerzter-oberflaeche-und-13-gelben-si-brillanten-im-pavee-gefasst\/","title":{"rendered":"Silberring mit geschmorter\/ geschw\u00e4rzter Oberfl\u00e4che und 13 gelben SI &#8211; Brillanten im pave\u00e9 gefasst"},"content":{"rendered":"<p><strong>Silberring mit geschmorter\/geschw\u00e4rzter Oberfl\u00e4che und 13 gelben SI-Brillanten im Pav\u00e9 gefasst<\/strong><\/p>\n<p>Dieser einzigartige Silberring aus 925er Silber kombiniert eine markante geschw\u00e4rzte und geschmorte Oberfl\u00e4che mit 13 gelben SI-Brillanten (1,3 mm) im Pav\u00e9 gefasst. Die Brillantfl\u00e4che misst 9,13 mm in der L\u00e4nge und bringt die leuchtende Gelbf\u00e4rbung der Brillanten wunderbar zur Geltung. Der Ring misst 5,23 \u00d7 4,78 mm und ist in Gr\u00f6\u00dfe 60 erh\u00e4ltlich. Der Pav\u00e9-Style und das edle Design machen diesen Ring zu einem faszinierenden Unikat, das sowohl im Alltag als auch zu besonderen Anl\u00e4ssen getragen werden kann.<\/p>\n<ul>\n<li><strong>Material:<\/strong> 925 Silber<\/li>\n<li><strong>Steine:<\/strong> 13 gelbe SI-Brillanten (1,3 mm), im Pav\u00e9 gefasst<\/li>\n<li><strong>Ma\u00dfe Ring:<\/strong> 5,23 \u00d7 4,78 mm<\/li>\n<li><strong>Ma\u00dfe Pav\u00e9fl\u00e4che:<\/strong> 9,13 mm lang<\/li>\n<li><strong>Ringgr\u00f6\u00dfe:<\/strong> 60<\/li>\n<li><strong>Gewicht:<\/strong> 12,23 g<\/li>\n<li><strong>Preis:<\/strong> 649,00 \u20ac<\/li>\n<\/ul>\n<p>Ein handgefertigtes Unikat, das mit seiner geschw\u00e4rzten Oberfl\u00e4che und den strahlenden gelben Brillanten begeistert.<\/p>","protected":false},"excerpt":{"rendered":"<p>Silberring mit geschmorter\/geschw\u00e4rzter Oberfl\u00e4che und 13 gelben Brillanten \u2013 einzigartig, funkelnd und handgefertigt.<\/p>","protected":false},"featured_media":2039,"comment_status":"closed","ping_status":"closed","template":"","meta":[],"product_brand":[],"product_cat":[74,75,38,46,47],"product_tag":[55],"class_list":{"0":"post-1239","1":"product","2":"type-product","3":"status-publish","4":"has-post-thumbnail","6":"product_cat-verkauf-nach-absprache","7":"product_cat-kv","8":"product_cat-unikate","9":"product_cat-ring","10":"product_cat-schmuckring","11":"product_tag-kombi","13":"first","14":"instock","15":"featured","16":"virtual","17":"taxable","18":"purchasable","19":"product-type-simple"},"_links":{"self":[{"href":"https:\/\/npschmuckwerk.de\/en\/wp-json\/wp\/v2\/product\/1239","targetHints":{"allow":["GET"]}}],"collection":[{"href":"https:\/\/npschmuckwerk.de\/en\/wp-json\/wp\/v2\/product"}],"about":[{"href":"https:\/\/npschmuckwerk.de\/en\/wp-json\/wp\/v2\/types\/product"}],"replies":[{"embeddable":true,"href":"https:\/\/npschmuckwerk.de\/en\/wp-json\/wp\/v2\/comments?post=1239"}],"wp:featuredmedia":[{"embeddable":true,"href":"https:\/\/npschmuckwerk.de\/en\/wp-json\/wp\/v2\/media\/2039"}],"wp:attachment":[{"href":"https:\/\/npschmuckwerk.de\/en\/wp-json\/wp\/v2\/media?parent=1239"}],"wp:term":[{"taxonomy":"product_brand","embeddable":true,"href":"https:\/\/npschmuckwerk.de\/en\/wp-json\/wp\/v2\/product_brand?post=1239"},{"taxonomy":"product_cat","embeddable":true,"href":"https:\/\/npschmuckwerk.de\/en\/wp-json\/wp\/v2\/product_cat?post=1239"},{"taxonomy":"product_tag","embeddable":true,"href":"https:\/\/npschmuckwerk.de\/en\/wp-json\/wp\/v2\/product_tag?post=1239"}],"curies":[{"name":"wp","href":"https:\/\/api.w.org\/{rel}","templated":true}]}}