{"id":1237,"date":"2025-05-21T14:50:50","date_gmt":"2025-05-21T14:50:50","guid":{"rendered":"https:\/\/npschmuckwerk.de\/?post_type=product&#038;p=1237"},"modified":"2025-07-24T10:50:17","modified_gmt":"2025-07-24T10:50:17","slug":"silberring-mit-geschmorter-und-geschwaerzter-und-13-grauen-brillanten-im-pavee-gefasst","status":"publish","type":"product","link":"https:\/\/npschmuckwerk.de\/en\/product\/silberring-mit-geschmorter-und-geschwaerzter-und-13-grauen-brillanten-im-pavee-gefasst\/","title":{"rendered":"Silberring mit geschmorter und geschw\u00e4rzter und 13 grauen Brillanten im Pave\u00e9 gefasst"},"content":{"rendered":"<p><strong>Silberring mit geschmorter und geschw\u00e4rzter Oberfl\u00e4che und 13 grauen Brillanten im Pav\u00e9 gefasst<\/strong><\/p>\n<p>Dieser einzigartige Silberring aus 925er Silber kombiniert eine markante geschw\u00e4rzte und geschmorte Oberfl\u00e4che mit dem Glanz von 13 grauen Brillanten (1,3 mm) im Pav\u00e9 gefasst. Die Brillantfl\u00e4che misst 8,7 mm in der L\u00e4nge und sorgt f\u00fcr ein faszinierendes Funkeln. Der Ring (5,73 \u00d7 3,62 mm) tr\u00e4gt die Brillanten in einer feinen Pav\u00e9-Fassung, was den Ring zu einem auff\u00e4lligen Schmuckst\u00fcck f\u00fcr besondere Anl\u00e4sse macht. Der Ring ist in Gr\u00f6\u00dfe 56 erh\u00e4ltlich und eignet sich perfekt als Unikat f\u00fcr Liebhaber von markantem und edlem Design.<\/p>\n<ul>\n<li><strong>Material:<\/strong> 925 Silber<\/li>\n<li><strong>Steine:<\/strong> 13 graue Brillanten (1,3 mm), im Pav\u00e9 gefasst<\/li>\n<li><strong>Ma\u00dfe Ring:<\/strong> 5,73 \u00d7 3,62 mm<\/li>\n<li><strong>Brillantfl\u00e4che:<\/strong> 8,7 mm lang<\/li>\n<li><strong>Ringgr\u00f6\u00dfe:<\/strong> 56<\/li>\n<li><strong>Gewicht:<\/strong> 7,86 g<\/li>\n<li><strong>Preis:<\/strong> 649,00 \u20ac<\/li>\n<\/ul>\n<p>Ein handgefertigtes Unikat, das mit seiner markanten Oberfl\u00e4che und den funkelnden Brillanten begeistert.<\/p>","protected":false},"excerpt":{"rendered":"<p>Silberring mit geschmorter Oberfl\u00e4che und 13 grauen Brillanten \u2013 einzigartig, edel und handgefertigt.<\/p>","protected":false},"featured_media":960,"comment_status":"closed","ping_status":"closed","template":"","meta":[],"product_brand":[],"product_cat":[46,47,74,75,38],"product_tag":[55],"class_list":{"0":"post-1237","1":"product","2":"type-product","3":"status-publish","4":"has-post-thumbnail","6":"product_cat-ring","7":"product_cat-schmuckring","8":"product_cat-verkauf-nach-absprache","9":"product_cat-kv","10":"product_cat-unikate","11":"product_tag-kombi","13":"first","14":"instock","15":"virtual","16":"taxable","17":"purchasable","18":"product-type-simple"},"_links":{"self":[{"href":"https:\/\/npschmuckwerk.de\/en\/wp-json\/wp\/v2\/product\/1237","targetHints":{"allow":["GET"]}}],"collection":[{"href":"https:\/\/npschmuckwerk.de\/en\/wp-json\/wp\/v2\/product"}],"about":[{"href":"https:\/\/npschmuckwerk.de\/en\/wp-json\/wp\/v2\/types\/product"}],"replies":[{"embeddable":true,"href":"https:\/\/npschmuckwerk.de\/en\/wp-json\/wp\/v2\/comments?post=1237"}],"wp:featuredmedia":[{"embeddable":true,"href":"https:\/\/npschmuckwerk.de\/en\/wp-json\/wp\/v2\/media\/960"}],"wp:attachment":[{"href":"https:\/\/npschmuckwerk.de\/en\/wp-json\/wp\/v2\/media?parent=1237"}],"wp:term":[{"taxonomy":"product_brand","embeddable":true,"href":"https:\/\/npschmuckwerk.de\/en\/wp-json\/wp\/v2\/product_brand?post=1237"},{"taxonomy":"product_cat","embeddable":true,"href":"https:\/\/npschmuckwerk.de\/en\/wp-json\/wp\/v2\/product_cat?post=1237"},{"taxonomy":"product_tag","embeddable":true,"href":"https:\/\/npschmuckwerk.de\/en\/wp-json\/wp\/v2\/product_tag?post=1237"}],"curies":[{"name":"wp","href":"https:\/\/api.w.org\/{rel}","templated":true}]}}