{"id":1235,"date":"2025-05-21T14:50:50","date_gmt":"2025-05-21T14:50:50","guid":{"rendered":"https:\/\/npschmuckwerk.de\/?post_type=product&#038;p=1235"},"modified":"2025-07-24T10:50:18","modified_gmt":"2025-07-24T10:50:18","slug":"4in1-silberring-mit-verschiedenen-schienen-und-oberflaechen-matt-poliert-gehaemmert-und-geschwaerzt","status":"publish","type":"product","link":"https:\/\/npschmuckwerk.de\/en\/product\/4in1-silberring-mit-verschiedenen-schienen-und-oberflaechen-matt-poliert-gehaemmert-und-geschwaerzt\/","title":{"rendered":"4in1 Silberring mit verschiedenen Schienen und Oberfl\u00e4chen, Matt, poliert, geh\u00e4mmert und geschw\u00e4rzt"},"content":{"rendered":"<p><strong>4in1 Silberring mit verschiedenen Schienen und Oberfl\u00e4chen<\/strong><\/p>\n<p>Dieser einzigartige 4in1 Silberring aus 925er Silber kombiniert verschiedene Oberfl\u00e4chenbehandlungen, darunter matt, poliert, geh\u00e4mmert und geschw\u00e4rzt. Jede Schiene des Rings hat eine eigene Textur, die zusammen ein faszinierendes und abwechslungsreiches Design ergeben. Der Ring misst 9,82 \u00d7 2,85 mm und ist in Gr\u00f6\u00dfe 60,5 erh\u00e4ltlich. Mit seiner vielseitigen Oberfl\u00e4che ist dieser Ring ein echtes Statement-St\u00fcck, das sowohl im Alltag als auch zu besonderen Anl\u00e4ssen getragen werden kann.<\/p>\n<ul>\n<li><strong>Material:<\/strong> 925 Silber<\/li>\n<li><strong>Ma\u00dfe Ring:<\/strong> 9,82 \u00d7 2,85 mm<\/li>\n<li><strong>Ringgr\u00f6\u00dfe:<\/strong> 60,5<\/li>\n<li><strong>Gewicht:<\/strong> 12,98 g<\/li>\n<li><strong>Preis:<\/strong> 440,00 \u20ac<\/li>\n<\/ul>\n<p>In kunstvoller Handarbeit gefertigt \u2013 ein Unikat, das mit seiner Kombination aus Oberfl\u00e4chenbehandlungen besticht.<\/p>","protected":false},"excerpt":{"rendered":"<p>4in1 Silberring \u2013 matt, poliert, geh\u00e4mmert und geschw\u00e4rzt \u2013 einzigartig, edel und handgefertigt.<\/p>","protected":false},"featured_media":958,"comment_status":"closed","ping_status":"closed","template":"","meta":[],"product_brand":[],"product_cat":[75,46,47,52,74],"product_tag":[],"class_list":{"0":"post-1235","1":"product","2":"type-product","3":"status-publish","4":"has-post-thumbnail","6":"product_cat-kv","7":"product_cat-ring","8":"product_cat-schmuckring","9":"product_cat-kugelring","10":"product_cat-verkauf-nach-absprache","12":"first","13":"instock","14":"virtual","15":"taxable","16":"purchasable","17":"product-type-simple"},"_links":{"self":[{"href":"https:\/\/npschmuckwerk.de\/en\/wp-json\/wp\/v2\/product\/1235","targetHints":{"allow":["GET"]}}],"collection":[{"href":"https:\/\/npschmuckwerk.de\/en\/wp-json\/wp\/v2\/product"}],"about":[{"href":"https:\/\/npschmuckwerk.de\/en\/wp-json\/wp\/v2\/types\/product"}],"replies":[{"embeddable":true,"href":"https:\/\/npschmuckwerk.de\/en\/wp-json\/wp\/v2\/comments?post=1235"}],"wp:featuredmedia":[{"embeddable":true,"href":"https:\/\/npschmuckwerk.de\/en\/wp-json\/wp\/v2\/media\/958"}],"wp:attachment":[{"href":"https:\/\/npschmuckwerk.de\/en\/wp-json\/wp\/v2\/media?parent=1235"}],"wp:term":[{"taxonomy":"product_brand","embeddable":true,"href":"https:\/\/npschmuckwerk.de\/en\/wp-json\/wp\/v2\/product_brand?post=1235"},{"taxonomy":"product_cat","embeddable":true,"href":"https:\/\/npschmuckwerk.de\/en\/wp-json\/wp\/v2\/product_cat?post=1235"},{"taxonomy":"product_tag","embeddable":true,"href":"https:\/\/npschmuckwerk.de\/en\/wp-json\/wp\/v2\/product_tag?post=1235"}],"curies":[{"name":"wp","href":"https:\/\/api.w.org\/{rel}","templated":true}]}}