{"id":1234,"date":"2025-05-21T14:50:50","date_gmt":"2025-05-21T14:50:50","guid":{"rendered":"https:\/\/npschmuckwerk.de\/?post_type=product&#038;p=1234"},"modified":"2025-07-24T10:50:19","modified_gmt":"2025-07-24T10:50:19","slug":"silberring-mit-geschmorter-geschwaerzter-oberflaeche-und-norwegischem-schiefer","status":"publish","type":"product","link":"https:\/\/npschmuckwerk.de\/en\/product\/silberring-mit-geschmorter-geschwaerzter-oberflaeche-und-norwegischem-schiefer\/","title":{"rendered":"Silberring mit geschmorter\/geschw\u00e4rzter Oberfl\u00e4che und norwegischem Schiefer"},"content":{"rendered":"<p><strong>Silberring mit geschmorter\/geschw\u00e4rzter Oberfl\u00e4che und norwegischem Schiefer<\/strong><\/p>\n<p>Dieser einzigartige Silberring aus 925er Silber besticht durch seine markante geschw\u00e4rzte und geschmorte Oberfl\u00e4che, die dem Ring eine besondere Textur verleiht. Der Ringkopf (15 \u00d7 16 mm) ist mit edlem norwegischem Schiefer verziert, dessen nat\u00fcrliche Struktur und Farben in Kombination mit dem silbernen Material f\u00fcr ein einzigartiges Design sorgen. Der Ring ist in Gr\u00f6\u00dfe 58 erh\u00e4ltlich und eignet sich perfekt f\u00fcr Schmuckliebhaber, die rustikale Eleganz und au\u00dfergew\u00f6hnliche Materialien sch\u00e4tzen.<\/p>\n<ul>\n<li><strong>Material:<\/strong> 925 Silber, norwegischer Schiefer<\/li>\n<li><strong>Ma\u00dfe Ringkopf:<\/strong> 15 \u00d7 16 mm<\/li>\n<li><strong>Ringgr\u00f6\u00dfe:<\/strong> 58<\/li>\n<li><strong>Gewicht:<\/strong> 20,83 g<\/li>\n<li><strong>Preis:<\/strong> 390,00 \u20ac<\/li>\n<\/ul>\n<p>In meisterhafter Handarbeit gefertigt \u2013 ein Unikat, das mit seiner markanten Oberfl\u00e4che und dem nat\u00fcrlichen Schiefer verf\u00fchrt.<\/p>","protected":false},"excerpt":{"rendered":"<p>Silberring mit geschmorter\/geschw\u00e4rzter Oberfl\u00e4che und norwegischem Schiefer \u2013 einzigartig, rustikal und handgefertigt.<\/p>","protected":false},"featured_media":957,"comment_status":"closed","ping_status":"closed","template":"","meta":[],"product_brand":[],"product_cat":[46,47,74,75,38],"product_tag":[],"class_list":{"0":"post-1234","1":"product","2":"type-product","3":"status-publish","4":"has-post-thumbnail","6":"product_cat-ring","7":"product_cat-schmuckring","8":"product_cat-verkauf-nach-absprache","9":"product_cat-kv","10":"product_cat-unikate","12":"first","13":"instock","14":"virtual","15":"taxable","16":"purchasable","17":"product-type-simple"},"_links":{"self":[{"href":"https:\/\/npschmuckwerk.de\/en\/wp-json\/wp\/v2\/product\/1234","targetHints":{"allow":["GET"]}}],"collection":[{"href":"https:\/\/npschmuckwerk.de\/en\/wp-json\/wp\/v2\/product"}],"about":[{"href":"https:\/\/npschmuckwerk.de\/en\/wp-json\/wp\/v2\/types\/product"}],"replies":[{"embeddable":true,"href":"https:\/\/npschmuckwerk.de\/en\/wp-json\/wp\/v2\/comments?post=1234"}],"wp:featuredmedia":[{"embeddable":true,"href":"https:\/\/npschmuckwerk.de\/en\/wp-json\/wp\/v2\/media\/957"}],"wp:attachment":[{"href":"https:\/\/npschmuckwerk.de\/en\/wp-json\/wp\/v2\/media?parent=1234"}],"wp:term":[{"taxonomy":"product_brand","embeddable":true,"href":"https:\/\/npschmuckwerk.de\/en\/wp-json\/wp\/v2\/product_brand?post=1234"},{"taxonomy":"product_cat","embeddable":true,"href":"https:\/\/npschmuckwerk.de\/en\/wp-json\/wp\/v2\/product_cat?post=1234"},{"taxonomy":"product_tag","embeddable":true,"href":"https:\/\/npschmuckwerk.de\/en\/wp-json\/wp\/v2\/product_tag?post=1234"}],"curies":[{"name":"wp","href":"https:\/\/api.w.org\/{rel}","templated":true}]}}