{"id":1226,"date":"2025-05-21T14:50:49","date_gmt":"2025-05-21T14:50:49","guid":{"rendered":"https:\/\/npschmuckwerk.de\/?post_type=product&#038;p=1226"},"modified":"2025-07-24T10:50:20","modified_gmt":"2025-07-24T10:50:20","slug":"silberring-mit-geschmorter-und-gelbgold-fassung-in-gelbgold-mit-citrin","status":"publish","type":"product","link":"https:\/\/npschmuckwerk.de\/en\/product\/silberring-mit-geschmorter-und-gelbgold-fassung-in-gelbgold-mit-citrin\/","title":{"rendered":"Silberring mit geschmorter und Gelbgold Fassung in gelbgold mit Citrin"},"content":{"rendered":"<p><strong>Silberring mit geschmorter Oberfl\u00e4che und Gelbgoldfassung mit Citrin<\/strong><\/p>\n<p>Dieser einzigartige Silberring aus 925er Silber zeichnet sich durch eine geschmorte Oberfl\u00e4che aus, die mit einer eleganten Gelbgoldfassung kombiniert wird. Der Citrin (10,17 \u00d7 10,33 mm) ist in einer fein gearbeiteten Gelbgoldfassung eingefasst, wodurch der warme, goldene Ton des Steins hervorgehoben wird. Die Ringschiene misst ca. 12,9 \u00d7 2,6 mm und bietet eine solide Basis, w\u00e4hrend der Citrin das Hauptaugenmerk dieses handgefertigten Unikats darstellt. Der Ring ist in Gr\u00f6\u00dfe 59 erh\u00e4ltlich und eignet sich perfekt f\u00fcr jeden Anlass, bei dem Sie ein au\u00dfergew\u00f6hnliches Schmuckst\u00fcck tragen m\u00f6chten.<\/p>\n<ul>\n<li><strong>Material:<\/strong> 925 Silber, 585 Gelbgold, Citrin<\/li>\n<li><strong>Ma\u00dfe Schiene:<\/strong> ca. 12,9 \u00d7 2,6 mm<\/li>\n<li><strong>Ma\u00dfe Fassung:<\/strong> 10,17 \u00d7 10,33 mm<\/li>\n<li><strong>Ringgr\u00f6\u00dfe:<\/strong> 59<\/li>\n<li><strong>Gewicht:<\/strong> 18,45 g<\/li>\n<li><strong>Preis:<\/strong> 290,00 \u20ac<\/li>\n<\/ul>\n<p>In pr\u00e4ziser Handarbeit gefertigt \u2013 ein luxuri\u00f6ser Ring, der durch seine Kombination aus Silber, Gelbgold und dem funkelnden Citrin besticht.<\/p>","protected":false},"excerpt":{"rendered":"<p>Silberring mit geschmorter Oberfl\u00e4che und Gelbgoldfassung \u2013 mit Citrin \u2013 einzigartig, edel und handgefertigt.<\/p>","protected":false},"featured_media":954,"comment_status":"closed","ping_status":"closed","template":"","meta":[],"product_brand":[],"product_cat":[46,47,74,75,38],"product_tag":[],"class_list":{"0":"post-1226","1":"product","2":"type-product","3":"status-publish","4":"has-post-thumbnail","6":"product_cat-ring","7":"product_cat-schmuckring","8":"product_cat-verkauf-nach-absprache","9":"product_cat-kv","10":"product_cat-unikate","12":"first","13":"instock","14":"virtual","15":"taxable","16":"purchasable","17":"product-type-simple"},"_links":{"self":[{"href":"https:\/\/npschmuckwerk.de\/en\/wp-json\/wp\/v2\/product\/1226","targetHints":{"allow":["GET"]}}],"collection":[{"href":"https:\/\/npschmuckwerk.de\/en\/wp-json\/wp\/v2\/product"}],"about":[{"href":"https:\/\/npschmuckwerk.de\/en\/wp-json\/wp\/v2\/types\/product"}],"replies":[{"embeddable":true,"href":"https:\/\/npschmuckwerk.de\/en\/wp-json\/wp\/v2\/comments?post=1226"}],"wp:featuredmedia":[{"embeddable":true,"href":"https:\/\/npschmuckwerk.de\/en\/wp-json\/wp\/v2\/media\/954"}],"wp:attachment":[{"href":"https:\/\/npschmuckwerk.de\/en\/wp-json\/wp\/v2\/media?parent=1226"}],"wp:term":[{"taxonomy":"product_brand","embeddable":true,"href":"https:\/\/npschmuckwerk.de\/en\/wp-json\/wp\/v2\/product_brand?post=1226"},{"taxonomy":"product_cat","embeddable":true,"href":"https:\/\/npschmuckwerk.de\/en\/wp-json\/wp\/v2\/product_cat?post=1226"},{"taxonomy":"product_tag","embeddable":true,"href":"https:\/\/npschmuckwerk.de\/en\/wp-json\/wp\/v2\/product_tag?post=1226"}],"curies":[{"name":"wp","href":"https:\/\/api.w.org\/{rel}","templated":true}]}}