{"id":1225,"date":"2025-05-21T14:50:49","date_gmt":"2025-05-21T14:50:49","guid":{"rendered":"https:\/\/npschmuckwerk.de\/?post_type=product&#038;p=1225"},"modified":"2025-07-24T10:50:16","modified_gmt":"2025-07-24T10:50:16","slug":"gelbgold-ringe-mit-geschmorter-oberflaeche-und-006ct-brillant","status":"publish","type":"product","link":"https:\/\/npschmuckwerk.de\/en\/product\/gelbgold-ringe-mit-geschmorter-oberflaeche-und-006ct-brillant\/","title":{"rendered":"Gelbgold Ringe mit geschmorter Oberfl\u00e4che und 0,06ct Brillant"},"content":{"rendered":"<p><strong>Gelbgold Ringe mit geschmorter Oberfl\u00e4che und 0,06 ct Brillant<\/strong><\/p>\n<p>Dieser einzigartige Gelbgoldringe aus 585er Gelbgold beeindruckt mit einer geschmorten Oberfl\u00e4che, die ihnen eine markante, rustikale Textur verleihen. Der Ring ist mit einem 0,06 ct Brillant (\u00d8 2,6 mm, tw\/vsi) besetzt, der in einer klassischen Krappenfassung perfekt zur Geltung kommt. Die Ringma\u00dfe betragen ca. 2,2 \u00d7 2 mm und sind in den Gr\u00f6\u00dfen 56 und 57 erh\u00e4ltlich. Die Ringe eignen sich sowohl f\u00fcr den Alltag als auch f\u00fcr besondere Anl\u00e4sse und sind ein Unikat, das Eleganz und Individualit\u00e4t miteinander vereint.<\/p>\n<ul>\n<li><strong>Material:<\/strong> 585 Gelbgold<\/li>\n<li><strong>Stein:<\/strong> 0,06 ct Brillant (\u00d8 2,6 mm), tw\/vsi<\/li>\n<li><strong>Ma\u00dfe Ring:<\/strong> ca. 2,2 \u00d7 2 mm<\/li>\n<li><strong>Ringgr\u00f6\u00dfen:<\/strong> 56, 57<\/li>\n<li><strong>Gewicht:<\/strong> 6,04 g<\/li>\n<li><strong>Preis:<\/strong> 1.269,00 \u20ac<\/li>\n<\/ul>\n<p>Ein handgefertigtes Unikat, das mit seiner rustikalen Oberfl\u00e4che und dem funkelnden Brillant besticht.<\/p>","protected":false},"excerpt":{"rendered":"<p>Gelbgold Ring mit geschmorter Oberfl\u00e4che und Brillant \u2013 einzigartig, edel und handgefertigt.<\/p>","protected":false},"featured_media":953,"comment_status":"closed","ping_status":"closed","template":"","meta":[],"product_brand":[],"product_cat":[38,46,47,74,75],"product_tag":[],"class_list":{"0":"post-1225","1":"product","2":"type-product","3":"status-publish","4":"has-post-thumbnail","6":"product_cat-unikate","7":"product_cat-ring","8":"product_cat-schmuckring","9":"product_cat-verkauf-nach-absprache","10":"product_cat-kv","12":"first","13":"instock","14":"virtual","15":"taxable","16":"purchasable","17":"product-type-simple"},"_links":{"self":[{"href":"https:\/\/npschmuckwerk.de\/en\/wp-json\/wp\/v2\/product\/1225","targetHints":{"allow":["GET"]}}],"collection":[{"href":"https:\/\/npschmuckwerk.de\/en\/wp-json\/wp\/v2\/product"}],"about":[{"href":"https:\/\/npschmuckwerk.de\/en\/wp-json\/wp\/v2\/types\/product"}],"replies":[{"embeddable":true,"href":"https:\/\/npschmuckwerk.de\/en\/wp-json\/wp\/v2\/comments?post=1225"}],"wp:featuredmedia":[{"embeddable":true,"href":"https:\/\/npschmuckwerk.de\/en\/wp-json\/wp\/v2\/media\/953"}],"wp:attachment":[{"href":"https:\/\/npschmuckwerk.de\/en\/wp-json\/wp\/v2\/media?parent=1225"}],"wp:term":[{"taxonomy":"product_brand","embeddable":true,"href":"https:\/\/npschmuckwerk.de\/en\/wp-json\/wp\/v2\/product_brand?post=1225"},{"taxonomy":"product_cat","embeddable":true,"href":"https:\/\/npschmuckwerk.de\/en\/wp-json\/wp\/v2\/product_cat?post=1225"},{"taxonomy":"product_tag","embeddable":true,"href":"https:\/\/npschmuckwerk.de\/en\/wp-json\/wp\/v2\/product_tag?post=1225"}],"curies":[{"name":"wp","href":"https:\/\/api.w.org\/{rel}","templated":true}]}}