{"id":1223,"date":"2025-05-21T14:50:49","date_gmt":"2025-05-21T14:50:49","guid":{"rendered":"https:\/\/npschmuckwerk.de\/?post_type=product&#038;p=1223"},"modified":"2025-07-24T10:50:20","modified_gmt":"2025-07-24T10:50:20","slug":"bicolor-ring-mit-gehaemmerter-oberflaeche-gruenem-turmalin-in-gelbgoldzarge-gefasst","status":"publish","type":"product","link":"https:\/\/npschmuckwerk.de\/en\/product\/bicolor-ring-mit-gehaemmerter-oberflaeche-gruenem-turmalin-in-gelbgoldzarge-gefasst\/","title":{"rendered":"Bicolor Ring mit geh\u00e4mmerter Oberfl\u00e4che, gr\u00fcnem Turmalin in Gelbgoldzarge gefasst"},"content":{"rendered":"<p><strong>Bicolor Ring mit geh\u00e4mmerter Oberfl\u00e4che und gr\u00fcnem Turmalin in Gelbgoldzarge gefasst<\/strong><\/p>\n<p>Dieser elegante Bicolor-Ring aus 925er Silber und 585er Gelbgold kombiniert eine markante geh\u00e4mmerte Oberfl\u00e4che mit einem lebendigen gr\u00fcnen Turmalin. Der Turmalin (\u00d8 6,33 mm) ist in eine feine Gelbgoldzarge eingefasst, die das gr\u00fcne Funkeln des Steins perfekt zur Geltung bringt. Der Schienenweg des Rings misst 10,44 \u00d7 1,87 mm und bietet eine schlichte, aber robuste Basis f\u00fcr den auff\u00e4lligen Stein. Der Ring ist in Gr\u00f6\u00dfe 57,5 erh\u00e4ltlich und eignet sich sowohl f\u00fcr den t\u00e4glichen Gebrauch als auch f\u00fcr besondere Anl\u00e4sse.<\/p>\n<ul>\n<li><strong>Material:<\/strong> 925 Silber, 585 Gelbgold, gr\u00fcner Turmalin<\/li>\n<li><strong>Ma\u00dfe Schienenweg:<\/strong> 10,44 \u00d7 1,87 mm<\/li>\n<li><strong>Ma\u00dfe Fassung:<\/strong> 6,33 mm im Durchmesser<\/li>\n<li><strong>Ringgr\u00f6\u00dfe:<\/strong> 57,5<\/li>\n<li><strong>Gewicht:<\/strong> 10,39 g<\/li>\n<li><strong>Preis:<\/strong> 229,00 \u20ac<\/li>\n<\/ul>\n<p>Ein handgefertigter Schmuckring, der mit seinem Bicolor-Design und dem lebendigen Turmalin gl\u00e4nzt.<\/p>","protected":false},"excerpt":{"rendered":"<p>Bicolor Ring mit geh\u00e4mmerter Oberfl\u00e4che und gr\u00fcnem Turmalin \u2013 markant, edel und handgefertigt.<\/p>","protected":false},"featured_media":952,"comment_status":"closed","ping_status":"closed","template":"","meta":[],"product_brand":[],"product_cat":[46,47,74,75],"product_tag":[55],"class_list":{"0":"post-1223","1":"product","2":"type-product","3":"status-publish","4":"has-post-thumbnail","6":"product_cat-ring","7":"product_cat-schmuckring","8":"product_cat-verkauf-nach-absprache","9":"product_cat-kv","10":"product_tag-kombi","12":"first","13":"instock","14":"virtual","15":"taxable","16":"purchasable","17":"product-type-simple"},"_links":{"self":[{"href":"https:\/\/npschmuckwerk.de\/en\/wp-json\/wp\/v2\/product\/1223","targetHints":{"allow":["GET"]}}],"collection":[{"href":"https:\/\/npschmuckwerk.de\/en\/wp-json\/wp\/v2\/product"}],"about":[{"href":"https:\/\/npschmuckwerk.de\/en\/wp-json\/wp\/v2\/types\/product"}],"replies":[{"embeddable":true,"href":"https:\/\/npschmuckwerk.de\/en\/wp-json\/wp\/v2\/comments?post=1223"}],"wp:featuredmedia":[{"embeddable":true,"href":"https:\/\/npschmuckwerk.de\/en\/wp-json\/wp\/v2\/media\/952"}],"wp:attachment":[{"href":"https:\/\/npschmuckwerk.de\/en\/wp-json\/wp\/v2\/media?parent=1223"}],"wp:term":[{"taxonomy":"product_brand","embeddable":true,"href":"https:\/\/npschmuckwerk.de\/en\/wp-json\/wp\/v2\/product_brand?post=1223"},{"taxonomy":"product_cat","embeddable":true,"href":"https:\/\/npschmuckwerk.de\/en\/wp-json\/wp\/v2\/product_cat?post=1223"},{"taxonomy":"product_tag","embeddable":true,"href":"https:\/\/npschmuckwerk.de\/en\/wp-json\/wp\/v2\/product_tag?post=1223"}],"curies":[{"name":"wp","href":"https:\/\/api.w.org\/{rel}","templated":true}]}}