{"id":1222,"date":"2025-05-21T14:50:48","date_gmt":"2025-05-21T14:50:48","guid":{"rendered":"https:\/\/npschmuckwerk.de\/?post_type=product&#038;p=1222"},"modified":"2025-07-24T10:50:16","modified_gmt":"2025-07-24T10:50:16","slug":"platinring-mit-lupenreinem-029ct-brillant-in-weissgold-krappenfassung-gefasst","status":"publish","type":"product","link":"https:\/\/npschmuckwerk.de\/en\/product\/platinring-mit-lupenreinem-029ct-brillant-in-weissgold-krappenfassung-gefasst\/","title":{"rendered":"Platinring mit Lupenreinem 0,29ct Brillant in Wei\u00dfgold krappenfassung gefasst"},"content":{"rendered":"<p><strong>Platinring mit lupenreinem 0,29 ct Brillant in Wei\u00dfgold-Krappenfassung<\/strong><\/p>\n<p>Dieser elegante Verlobungsring aus 950 Platin ist mit einem lupenreinen 0,29 ct Brillant (\u00d8 3,96 mm) in einer feinen Wei\u00dfgold-Krappenfassung (\u00d8 5 mm) besetzt. Die schlichte, aber luxuri\u00f6se Schiene (1,65 \u00d7 1,65 mm) bietet dem Brillanten eine perfekte B\u00fchne, sodass das funkeln des Steins im Mittelpunkt steht. Der Ring ist in Gr\u00f6\u00dfe 59 erh\u00e4ltlich und eignet sich ideal f\u00fcr den besonderen Moment. Mit seiner edlen Kombination aus Platin und Wei\u00dfgold ist dieser Ring ein Symbol f\u00fcr zeitlose Sch\u00f6nheit und Liebe.<\/p>\n<ul>\n<li><strong>Material:<\/strong> 950 Pt, 750 Wei\u00dfgold<\/li>\n<li><strong>Stein:<\/strong> 0,29 ct lupenreiner Brillant (3,96 mm Durchmesser)<\/li>\n<li><strong>Ma\u00dfe Schiene:<\/strong> 1,65 \u00d7 1,65 mm<\/li>\n<li><strong>Ma\u00dfe Fassung:<\/strong> 5 mm im Durchmesser<\/li>\n<li><strong>Ringgr\u00f6\u00dfe:<\/strong> 59<\/li>\n<li><strong>Gewicht:<\/strong> 3,66 g<\/li>\n<li><strong>Preis:<\/strong> 2.100,00 \u20ac<\/li>\n<\/ul>\n<p>Ein handgefertigtes Meisterwerk \u2013 der perfekte Verlobungsring mit einem einzigartigen Brillanten und edlen Materialien.<\/p>","protected":false},"excerpt":{"rendered":"<p>Platinring mit 0,29 ct lupenreinem Brillant \u2013 luxuri\u00f6s, edel und handgefertigt.<\/p>","protected":false},"featured_media":951,"comment_status":"closed","ping_status":"closed","template":"","meta":[],"product_brand":[],"product_cat":[46,50,74,75],"product_tag":[],"class_list":{"0":"post-1222","1":"product","2":"type-product","3":"status-publish","4":"has-post-thumbnail","6":"product_cat-ring","7":"product_cat-verlobungsring-trauringe","8":"product_cat-verkauf-nach-absprache","9":"product_cat-kv","11":"first","12":"instock","13":"virtual","14":"taxable","15":"purchasable","16":"product-type-simple"},"_links":{"self":[{"href":"https:\/\/npschmuckwerk.de\/en\/wp-json\/wp\/v2\/product\/1222","targetHints":{"allow":["GET"]}}],"collection":[{"href":"https:\/\/npschmuckwerk.de\/en\/wp-json\/wp\/v2\/product"}],"about":[{"href":"https:\/\/npschmuckwerk.de\/en\/wp-json\/wp\/v2\/types\/product"}],"replies":[{"embeddable":true,"href":"https:\/\/npschmuckwerk.de\/en\/wp-json\/wp\/v2\/comments?post=1222"}],"wp:featuredmedia":[{"embeddable":true,"href":"https:\/\/npschmuckwerk.de\/en\/wp-json\/wp\/v2\/media\/951"}],"wp:attachment":[{"href":"https:\/\/npschmuckwerk.de\/en\/wp-json\/wp\/v2\/media?parent=1222"}],"wp:term":[{"taxonomy":"product_brand","embeddable":true,"href":"https:\/\/npschmuckwerk.de\/en\/wp-json\/wp\/v2\/product_brand?post=1222"},{"taxonomy":"product_cat","embeddable":true,"href":"https:\/\/npschmuckwerk.de\/en\/wp-json\/wp\/v2\/product_cat?post=1222"},{"taxonomy":"product_tag","embeddable":true,"href":"https:\/\/npschmuckwerk.de\/en\/wp-json\/wp\/v2\/product_tag?post=1222"}],"curies":[{"name":"wp","href":"https:\/\/api.w.org\/{rel}","templated":true}]}}