{"id":1221,"date":"2025-05-21T14:50:48","date_gmt":"2025-05-21T14:50:48","guid":{"rendered":"https:\/\/npschmuckwerk.de\/?post_type=product&#038;p=1221"},"modified":"2025-07-24T10:48:53","modified_gmt":"2025-07-24T10:48:53","slug":"silberring-mit-geschmorter-oberflaeche","status":"publish","type":"product","link":"https:\/\/npschmuckwerk.de\/en\/product\/silberring-mit-geschmorter-oberflaeche\/","title":{"rendered":"Silberring mit geschmorter Oberfl\u00e4che"},"content":{"rendered":"<p><strong>Silberring mit geschmorter Oberfl\u00e4che<\/strong><\/p>\n<p>Dieser minimalistische Silberring aus 925er Silber besticht durch seine markante geschmorte Oberfl\u00e4che, die dem Ring eine einzigartige, rauchige Textur verleiht. Die Ma\u00dfe des Rings betragen 5,3 \u00d7 2,2 mm, was ihn zu einem schlichten, aber eindrucksvollen Schmuckst\u00fcck macht. In Gr\u00f6\u00dfe 57,5 erh\u00e4ltlich, eignet sich dieser Ring sowohl f\u00fcr den Alltag als auch f\u00fcr besondere Anl\u00e4sse. Als Unikat ist er ein perfektes Beispiel f\u00fcr zeitlose Eleganz, die durch die feine Handarbeit des Silberschmieds entsteht.<\/p>\n<ul>\n<li><strong>Material:<\/strong> 925 Silber<\/li>\n<li><strong>Ma\u00dfe Ring:<\/strong> 5,3 \u00d7 2,2 mm<\/li>\n<li><strong>Ringgr\u00f6\u00dfe:<\/strong> 57,5<\/li>\n<li><strong>Gewicht:<\/strong> 4,55 g<\/li>\n<li><strong>Preis:<\/strong> 125,00 \u20ac<\/li>\n<\/ul>\n<p>Ein handgefertigtes Unikat \u2013 schlicht und dennoch markant, mit einer einzigartigen Oberfl\u00e4chenstruktur.<\/p>","protected":false},"excerpt":{"rendered":"<p>Silberring mit geschmorter Oberfl\u00e4che \u2013 einzigartig, minimalistisch und handgefertigt.<\/p>","protected":false},"featured_media":950,"comment_status":"closed","ping_status":"closed","template":"","meta":[],"product_brand":[],"product_cat":[46,47,73,38],"product_tag":[],"class_list":{"0":"post-1221","1":"product","2":"type-product","3":"status-publish","4":"has-post-thumbnail","6":"product_cat-ring","7":"product_cat-schmuckring","8":"product_cat-direktverkauf","9":"product_cat-unikate","11":"first","12":"instock","13":"taxable","14":"shipping-taxable","15":"purchasable","16":"product-type-simple"},"_links":{"self":[{"href":"https:\/\/npschmuckwerk.de\/en\/wp-json\/wp\/v2\/product\/1221","targetHints":{"allow":["GET"]}}],"collection":[{"href":"https:\/\/npschmuckwerk.de\/en\/wp-json\/wp\/v2\/product"}],"about":[{"href":"https:\/\/npschmuckwerk.de\/en\/wp-json\/wp\/v2\/types\/product"}],"replies":[{"embeddable":true,"href":"https:\/\/npschmuckwerk.de\/en\/wp-json\/wp\/v2\/comments?post=1221"}],"wp:featuredmedia":[{"embeddable":true,"href":"https:\/\/npschmuckwerk.de\/en\/wp-json\/wp\/v2\/media\/950"}],"wp:attachment":[{"href":"https:\/\/npschmuckwerk.de\/en\/wp-json\/wp\/v2\/media?parent=1221"}],"wp:term":[{"taxonomy":"product_brand","embeddable":true,"href":"https:\/\/npschmuckwerk.de\/en\/wp-json\/wp\/v2\/product_brand?post=1221"},{"taxonomy":"product_cat","embeddable":true,"href":"https:\/\/npschmuckwerk.de\/en\/wp-json\/wp\/v2\/product_cat?post=1221"},{"taxonomy":"product_tag","embeddable":true,"href":"https:\/\/npschmuckwerk.de\/en\/wp-json\/wp\/v2\/product_tag?post=1221"}],"curies":[{"name":"wp","href":"https:\/\/api.w.org\/{rel}","templated":true}]}}