{"id":1220,"date":"2025-05-21T14:50:48","date_gmt":"2025-05-21T14:50:48","guid":{"rendered":"https:\/\/npschmuckwerk.de\/?post_type=product&#038;p=1220"},"modified":"2025-07-24T10:48:57","modified_gmt":"2025-07-24T10:48:57","slug":"silberring-mit-geschmorter-oberflaeche-und-gruenem-turmalin-in-silber-gefasst","status":"publish","type":"product","link":"https:\/\/npschmuckwerk.de\/en\/product\/silberring-mit-geschmorter-oberflaeche-und-gruenem-turmalin-in-silber-gefasst\/","title":{"rendered":"Silberring mit geschmorter Oberfl\u00e4che und gr\u00fcnem Turmalin in Silber gefasst"},"content":{"rendered":"<p><strong>Silberring mit geschmorter Oberfl\u00e4che und gr\u00fcnem Turmalin in Silber gefasst<\/strong><\/p>\n<p>Dieser Silberring aus 925er Silber kombiniert die markante, rustikale Textur einer geschmorten Oberfl\u00e4che mit der Sch\u00f6nheit eines gr\u00fcnen Turmalins, der in Silber gefasst ist. Der Ringkopf mit einer Fassung von 7,3 mm und einer Ringschiene von 13 mm bietet eine robuste, aber dennoch elegante Form. Der gr\u00fcne Turmalin verleiht dem Ring eine lebendige Frische und hebt sich sch\u00f6n von der matten, geschmorten Silberoberfl\u00e4che ab. Der Ring ist in Gr\u00f6\u00dfe 58 erh\u00e4ltlich und eignet sich hervorragend als Unikat f\u00fcr besondere Anl\u00e4sse oder als Statement-St\u00fcck im Alltag.<\/p>\n<ul>\n<li><strong>Material:<\/strong> 925 Silber, gr\u00fcner Turmalin<\/li>\n<li><strong>Ma\u00dfe Fassung:<\/strong> 7,3 mm<\/li>\n<li><strong>Ma\u00dfe Ringschiene:<\/strong> 13 mm<\/li>\n<li><strong>Ringgr\u00f6\u00dfe:<\/strong> 58<\/li>\n<li><strong>Gewicht:<\/strong> 12,07 g<\/li>\n<li><strong>Preis:<\/strong> 189,00 \u20ac<\/li>\n<\/ul>\n<p>Ein handgefertigtes Unikat, das mit seiner einzigartigen Oberfl\u00e4che und dem lebendigen Turmalin begeistert.<\/p>","protected":false},"excerpt":{"rendered":"<p>Silberring mit geschmorter Oberfl\u00e4che und gr\u00fcnem Turmalin \u2013 einzigartig, edel und handgefertigt.<\/p>","protected":false},"featured_media":949,"comment_status":"closed","ping_status":"closed","template":"","meta":[],"product_brand":[],"product_cat":[38,46,47,73],"product_tag":[],"class_list":{"0":"post-1220","1":"product","2":"type-product","3":"status-publish","4":"has-post-thumbnail","6":"product_cat-unikate","7":"product_cat-ring","8":"product_cat-schmuckring","9":"product_cat-direktverkauf","11":"first","12":"instock","13":"taxable","14":"shipping-taxable","15":"purchasable","16":"product-type-simple"},"_links":{"self":[{"href":"https:\/\/npschmuckwerk.de\/en\/wp-json\/wp\/v2\/product\/1220","targetHints":{"allow":["GET"]}}],"collection":[{"href":"https:\/\/npschmuckwerk.de\/en\/wp-json\/wp\/v2\/product"}],"about":[{"href":"https:\/\/npschmuckwerk.de\/en\/wp-json\/wp\/v2\/types\/product"}],"replies":[{"embeddable":true,"href":"https:\/\/npschmuckwerk.de\/en\/wp-json\/wp\/v2\/comments?post=1220"}],"wp:featuredmedia":[{"embeddable":true,"href":"https:\/\/npschmuckwerk.de\/en\/wp-json\/wp\/v2\/media\/949"}],"wp:attachment":[{"href":"https:\/\/npschmuckwerk.de\/en\/wp-json\/wp\/v2\/media?parent=1220"}],"wp:term":[{"taxonomy":"product_brand","embeddable":true,"href":"https:\/\/npschmuckwerk.de\/en\/wp-json\/wp\/v2\/product_brand?post=1220"},{"taxonomy":"product_cat","embeddable":true,"href":"https:\/\/npschmuckwerk.de\/en\/wp-json\/wp\/v2\/product_cat?post=1220"},{"taxonomy":"product_tag","embeddable":true,"href":"https:\/\/npschmuckwerk.de\/en\/wp-json\/wp\/v2\/product_tag?post=1220"}],"curies":[{"name":"wp","href":"https:\/\/api.w.org\/{rel}","templated":true}]}}