{"id":1219,"date":"2025-05-21T14:50:48","date_gmt":"2025-05-21T14:50:48","guid":{"rendered":"https:\/\/npschmuckwerk.de\/?post_type=product&#038;p=1219"},"modified":"2025-07-24T10:50:16","modified_gmt":"2025-07-24T10:50:16","slug":"bicolor-ring-mit-05ct-beige-braunem-naturfarbenen-brillant","status":"publish","type":"product","link":"https:\/\/npschmuckwerk.de\/en\/product\/bicolor-ring-mit-05ct-beige-braunem-naturfarbenen-brillant\/","title":{"rendered":"Bicolor Ring mit 0,5ct beige braunem naturfarbenen Brillant"},"content":{"rendered":"<p><strong>Bicolor Ring mit 0,5 ct beige braunem naturfarbenen Brillant<\/strong><\/p>\n<p>Dieser elegante Bicolor-Ring vereint 925er Silber und 585er Gelbgold in einer harmonischen Verbindung. Der Ring ist mit einem 0,5 ct (4,8 mm Durchmesser) gro\u00dfen, beige-braunen naturfarbenen Brillanten besetzt, der im Ringkopf (Durchmesser 10,9 mm) perfekt zur Geltung kommt. Die Ringschiene misst 14,74 \u00d7 2,53 mm und bietet eine schlichte, aber elegante Basis f\u00fcr den strahlenden Brillant. Der Ring ist in Gr\u00f6\u00dfe 58,5 erh\u00e4ltlich und eignet sich sowohl f\u00fcr besondere Anl\u00e4sse als auch f\u00fcr den t\u00e4glichen Gebrauch.<\/p>\n<ul>\n<li><strong>Material:<\/strong> 925 Silber, 585 Gelbgold<\/li>\n<li><strong>Stein:<\/strong> 0,5 ct beige brauner naturfarbener Brillant (4,8 mm)<\/li>\n<li><strong>Ma\u00dfe Ringkopf:<\/strong> 10,9 mm im Durchmesser<\/li>\n<li><strong>Ma\u00dfe Ringschiene:<\/strong> 14,74 \u00d7 2,53 mm<\/li>\n<li><strong>Ringgr\u00f6\u00dfe:<\/strong> 58,5<\/li>\n<li><strong>Gewicht:<\/strong> 22,23 g<\/li>\n<li><strong>Preis:<\/strong> 1.890,00 \u20ac<\/li>\n<\/ul>\n<p>In meisterhafter Handarbeit gefertigt \u2013 ein luxuri\u00f6ser Ring, der durch seinen funkelnden Brillanten und das Bicolor-Design beeindruckt.<\/p>","protected":false},"excerpt":{"rendered":"<p>Bicolor Ring mit 0,5 ct Brillant \u2013 edel, funkelnd und handgefertigt.<\/p>","protected":false},"featured_media":948,"comment_status":"closed","ping_status":"closed","template":"","meta":[],"product_brand":[],"product_cat":[46,47,74,75],"product_tag":[],"class_list":{"0":"post-1219","1":"product","2":"type-product","3":"status-publish","4":"has-post-thumbnail","6":"product_cat-ring","7":"product_cat-schmuckring","8":"product_cat-verkauf-nach-absprache","9":"product_cat-kv","11":"first","12":"instock","13":"virtual","14":"taxable","15":"purchasable","16":"product-type-simple"},"_links":{"self":[{"href":"https:\/\/npschmuckwerk.de\/en\/wp-json\/wp\/v2\/product\/1219","targetHints":{"allow":["GET"]}}],"collection":[{"href":"https:\/\/npschmuckwerk.de\/en\/wp-json\/wp\/v2\/product"}],"about":[{"href":"https:\/\/npschmuckwerk.de\/en\/wp-json\/wp\/v2\/types\/product"}],"replies":[{"embeddable":true,"href":"https:\/\/npschmuckwerk.de\/en\/wp-json\/wp\/v2\/comments?post=1219"}],"wp:featuredmedia":[{"embeddable":true,"href":"https:\/\/npschmuckwerk.de\/en\/wp-json\/wp\/v2\/media\/948"}],"wp:attachment":[{"href":"https:\/\/npschmuckwerk.de\/en\/wp-json\/wp\/v2\/media?parent=1219"}],"wp:term":[{"taxonomy":"product_brand","embeddable":true,"href":"https:\/\/npschmuckwerk.de\/en\/wp-json\/wp\/v2\/product_brand?post=1219"},{"taxonomy":"product_cat","embeddable":true,"href":"https:\/\/npschmuckwerk.de\/en\/wp-json\/wp\/v2\/product_cat?post=1219"},{"taxonomy":"product_tag","embeddable":true,"href":"https:\/\/npschmuckwerk.de\/en\/wp-json\/wp\/v2\/product_tag?post=1219"}],"curies":[{"name":"wp","href":"https:\/\/api.w.org\/{rel}","templated":true}]}}