{"id":1218,"date":"2025-05-21T14:50:48","date_gmt":"2025-05-21T14:50:48","guid":{"rendered":"https:\/\/npschmuckwerk.de\/?post_type=product&#038;p=1218"},"modified":"2025-07-24T10:48:57","modified_gmt":"2025-07-24T10:48:57","slug":"silberring-mit-geschmorter-oberflaeche-und-gruenem-turmalin","status":"publish","type":"product","link":"https:\/\/npschmuckwerk.de\/en\/product\/silberring-mit-geschmorter-oberflaeche-und-gruenem-turmalin\/","title":{"rendered":"Silberring mit geschmorter Oberfl\u00e4che und gr\u00fcnem Turmalin"},"content":{"rendered":"<p><strong>Silberring mit geschmorter Oberfl\u00e4che und gr\u00fcnem Turmalin<\/strong><\/p>\n<p>Dieser auff\u00e4llige Silberring aus 925er Silber kombiniert eine einzigartige geschmorte Oberfl\u00e4che mit einem lebendigen gr\u00fcnen Turmalin. Der Ringkopf misst 21,25 \u00d7 21,18 mm und setzt den Stein perfekt in Szene, w\u00e4hrend die Ringschiene (2,6 \u00d7 1,6 mm) eine schlichte Basis bildet. Der gr\u00fcne Turmalin strahlt eine beruhigende Frische aus und bildet einen sch\u00f6nen Kontrast zur warmen Textur des geschmorten Silbers. Der Ring ist in Gr\u00f6\u00dfe 55 erh\u00e4ltlich und eignet sich als markantes Schmuckst\u00fcck f\u00fcr den Alltag oder besondere Anl\u00e4sse.<\/p>\n<ul>\n<li><strong>Material:<\/strong> 925 Silber, gr\u00fcner Turmalin<\/li>\n<li><strong>Ma\u00dfe Ringkopf:<\/strong> 21,25 \u00d7 21,18 mm<\/li>\n<li><strong>Ma\u00dfe Ringschiene:<\/strong> 2,6 \u00d7 1,6 mm<\/li>\n<li><strong>Ringgr\u00f6\u00dfe:<\/strong> 55<\/li>\n<li><strong>Gewicht:<\/strong> 7,87 g<\/li>\n<li><strong>Preis:<\/strong> 189,00 \u20ac<\/li>\n<\/ul>\n<p>Ein handgefertigtes Unikat \u2013 der perfekte Mix aus rustikaler Textur und edlem Stein.<\/p>","protected":false},"excerpt":{"rendered":"<p>Silberring mit geschmorter Oberfl\u00e4che und gr\u00fcnem Turmalin \u2013 einzigartig, edel und handgefertigt.<\/p>","protected":false},"featured_media":947,"comment_status":"closed","ping_status":"closed","template":"","meta":[],"product_brand":[],"product_cat":[46,47,73,38],"product_tag":[],"class_list":{"0":"post-1218","1":"product","2":"type-product","3":"status-publish","4":"has-post-thumbnail","6":"product_cat-ring","7":"product_cat-schmuckring","8":"product_cat-direktverkauf","9":"product_cat-unikate","11":"first","12":"instock","13":"taxable","14":"shipping-taxable","15":"purchasable","16":"product-type-simple"},"_links":{"self":[{"href":"https:\/\/npschmuckwerk.de\/en\/wp-json\/wp\/v2\/product\/1218","targetHints":{"allow":["GET"]}}],"collection":[{"href":"https:\/\/npschmuckwerk.de\/en\/wp-json\/wp\/v2\/product"}],"about":[{"href":"https:\/\/npschmuckwerk.de\/en\/wp-json\/wp\/v2\/types\/product"}],"replies":[{"embeddable":true,"href":"https:\/\/npschmuckwerk.de\/en\/wp-json\/wp\/v2\/comments?post=1218"}],"wp:featuredmedia":[{"embeddable":true,"href":"https:\/\/npschmuckwerk.de\/en\/wp-json\/wp\/v2\/media\/947"}],"wp:attachment":[{"href":"https:\/\/npschmuckwerk.de\/en\/wp-json\/wp\/v2\/media?parent=1218"}],"wp:term":[{"taxonomy":"product_brand","embeddable":true,"href":"https:\/\/npschmuckwerk.de\/en\/wp-json\/wp\/v2\/product_brand?post=1218"},{"taxonomy":"product_cat","embeddable":true,"href":"https:\/\/npschmuckwerk.de\/en\/wp-json\/wp\/v2\/product_cat?post=1218"},{"taxonomy":"product_tag","embeddable":true,"href":"https:\/\/npschmuckwerk.de\/en\/wp-json\/wp\/v2\/product_tag?post=1218"}],"curies":[{"name":"wp","href":"https:\/\/api.w.org\/{rel}","templated":true}]}}