{"id":1217,"date":"2025-05-21T14:50:48","date_gmt":"2025-05-21T14:50:48","guid":{"rendered":"https:\/\/npschmuckwerk.de\/?post_type=product&#038;p=1217"},"modified":"2025-07-24T10:50:19","modified_gmt":"2025-07-24T10:50:19","slug":"silberring-mira-kugeldraht-und-facettiertem-prasiolithin-silber-gefasst","status":"publish","type":"product","link":"https:\/\/npschmuckwerk.de\/en\/product\/silberring-mira-kugeldraht-und-facettiertem-prasiolithin-silber-gefasst\/","title":{"rendered":"Silberring  Kugeldraht und facettiertem Prasiolith in Silber gefasst"},"content":{"rendered":"<p><strong>Silberring mit Kugeldraht und facettiertem Prasiolith in Silber gefasst<\/strong><\/p>\n<p>Dieser auff\u00e4llige Silberring aus 925er Silber kombiniert eine raffinierte Kugeldrahtstruktur mit einem facettierten Prasiolith. Der Ringkopf (15,9 \u00d7 15,9 \u00d7 9,84 mm) setzt den Stein in einer eleganten Silberfassung perfekt in Szene, w\u00e4hrend der kugelige Draht eine zus\u00e4tzliche Textur und Tiefe bietet. Der Prasiolith besticht mit seinem zarten Gr\u00fcn und dem funkelnden Facettenschliff, der dem Ring eine subtile Lebendigkeit verleiht. Der Ring ist in Gr\u00f6\u00dfe 57 erh\u00e4ltlich und eignet sich perfekt f\u00fcr anspruchsvolle Schmuckliebhaber.<\/p>\n<ul>\n<li><strong>Material:<\/strong> 925 Silber, Prasiolith<\/li>\n<li><strong>Ma\u00dfe Ringkopf:<\/strong> 15,9 \u00d7 15,9 \u00d7 9,84 mm<\/li>\n<li><strong>Ringgr\u00f6\u00dfe:<\/strong> 57<\/li>\n<li><strong>Gewicht:<\/strong> 24,55 g<\/li>\n<li><strong>Preis:<\/strong> 399,00 \u20ac<\/li>\n<\/ul>\n<p>In kunstvoller Handarbeit gefertigt \u2013 ein einzigartiger Ring, der durch seine raffinierte Struktur und den lebendigen Prasiolith besticht.<\/p>","protected":false},"excerpt":{"rendered":"<p>Silberring Mira mit Kugeldraht und facettiertem Prasiolith \u2013 einzigartig, edel und handgefertigt.<\/p>","protected":false},"featured_media":946,"comment_status":"closed","ping_status":"closed","template":"","meta":[],"product_brand":[],"product_cat":[75,46,47,52,74],"product_tag":[],"class_list":{"0":"post-1217","1":"product","2":"type-product","3":"status-publish","4":"has-post-thumbnail","6":"product_cat-kv","7":"product_cat-ring","8":"product_cat-schmuckring","9":"product_cat-kugelring","10":"product_cat-verkauf-nach-absprache","12":"first","13":"instock","14":"virtual","15":"taxable","16":"purchasable","17":"product-type-simple"},"_links":{"self":[{"href":"https:\/\/npschmuckwerk.de\/en\/wp-json\/wp\/v2\/product\/1217","targetHints":{"allow":["GET"]}}],"collection":[{"href":"https:\/\/npschmuckwerk.de\/en\/wp-json\/wp\/v2\/product"}],"about":[{"href":"https:\/\/npschmuckwerk.de\/en\/wp-json\/wp\/v2\/types\/product"}],"replies":[{"embeddable":true,"href":"https:\/\/npschmuckwerk.de\/en\/wp-json\/wp\/v2\/comments?post=1217"}],"wp:featuredmedia":[{"embeddable":true,"href":"https:\/\/npschmuckwerk.de\/en\/wp-json\/wp\/v2\/media\/946"}],"wp:attachment":[{"href":"https:\/\/npschmuckwerk.de\/en\/wp-json\/wp\/v2\/media?parent=1217"}],"wp:term":[{"taxonomy":"product_brand","embeddable":true,"href":"https:\/\/npschmuckwerk.de\/en\/wp-json\/wp\/v2\/product_brand?post=1217"},{"taxonomy":"product_cat","embeddable":true,"href":"https:\/\/npschmuckwerk.de\/en\/wp-json\/wp\/v2\/product_cat?post=1217"},{"taxonomy":"product_tag","embeddable":true,"href":"https:\/\/npschmuckwerk.de\/en\/wp-json\/wp\/v2\/product_tag?post=1217"}],"curies":[{"name":"wp","href":"https:\/\/api.w.org\/{rel}","templated":true}]}}