{"id":1215,"date":"2025-05-21T14:50:48","date_gmt":"2025-05-21T14:50:48","guid":{"rendered":"https:\/\/npschmuckwerk.de\/?post_type=product&#038;p=1215"},"modified":"2025-07-24T10:50:17","modified_gmt":"2025-07-24T10:50:17","slug":"bicolor-ring-silber-silbergeschwaerzt-mit-geschmorter-oberflaeche-und-gelbgoldzwischendraht","status":"publish","type":"product","link":"https:\/\/npschmuckwerk.de\/en\/product\/bicolor-ring-silber-silbergeschwaerzt-mit-geschmorter-oberflaeche-und-gelbgoldzwischendraht\/","title":{"rendered":"Bicolor Ring Silber\/Silbergeschw\u00e4rzt mit geschmorter Oberfl\u00e4che und Gelbgoldzwischendraht"},"content":{"rendered":"<p><strong>Bicolor Ring aus Silber\/geschw\u00e4rztem Silber mit geschmorter Oberfl\u00e4che und Gelbgoldzwischendraht<\/strong><\/p>\n<p>Dieser einzigartige Bicolor-Ring vereint die markante Oberfl\u00e4che von 925er Silber, das durch eine geschw\u00e4rzte und geschmorte Verarbeitung eine au\u00dfergew\u00f6hnliche Textur erh\u00e4lt, mit edlem 585er Gelbgold. Der Ring (13,4 \u00d7 3,97 mm) ist mit einem feinen Gelbgolddraht (Breite 1,22 mm) versehen, der das Design auf elegante Weise erg\u00e4nzt. Diese Kombination aus k\u00fchlem Silber und warmem Gold schafft ein modernes und zugleich rustikales Schmuckst\u00fcck, das in Gr\u00f6\u00dfe 57,5 erh\u00e4ltlich ist.<\/p>\n<ul>\n<li><strong>Material:<\/strong> 925 Silber, 585 Gelbgold<\/li>\n<li><strong>Ma\u00dfe Ring:<\/strong> 13,4 \u00d7 3,97 mm<\/li>\n<li><strong>Gelbgolddraht:<\/strong> Breite 1,22 mm<\/li>\n<li><strong>Ringgr\u00f6\u00dfe:<\/strong> 57,5<\/li>\n<li><strong>Gewicht:<\/strong> 21,67 g<\/li>\n<li><strong>Preis:<\/strong> 690,00 \u20ac<\/li>\n<\/ul>\n<p>Ein handgefertigtes Unikat \u2013 ein kunstvolles Zusammenspiel von Texturen und edlen Materialien.<\/p>","protected":false},"excerpt":{"rendered":"<p>Bicolor-Ring mit geschw\u00e4rztem Silber &#038; Gelbgold \u2013 markant, edel und handgefertigt.<\/p>","protected":false},"featured_media":944,"comment_status":"closed","ping_status":"closed","template":"","meta":[],"product_brand":[],"product_cat":[46,47,74,75,38],"product_tag":[],"class_list":{"0":"post-1215","1":"product","2":"type-product","3":"status-publish","4":"has-post-thumbnail","6":"product_cat-ring","7":"product_cat-schmuckring","8":"product_cat-verkauf-nach-absprache","9":"product_cat-kv","10":"product_cat-unikate","12":"first","13":"instock","14":"virtual","15":"taxable","16":"purchasable","17":"product-type-simple"},"_links":{"self":[{"href":"https:\/\/npschmuckwerk.de\/en\/wp-json\/wp\/v2\/product\/1215","targetHints":{"allow":["GET"]}}],"collection":[{"href":"https:\/\/npschmuckwerk.de\/en\/wp-json\/wp\/v2\/product"}],"about":[{"href":"https:\/\/npschmuckwerk.de\/en\/wp-json\/wp\/v2\/types\/product"}],"replies":[{"embeddable":true,"href":"https:\/\/npschmuckwerk.de\/en\/wp-json\/wp\/v2\/comments?post=1215"}],"wp:featuredmedia":[{"embeddable":true,"href":"https:\/\/npschmuckwerk.de\/en\/wp-json\/wp\/v2\/media\/944"}],"wp:attachment":[{"href":"https:\/\/npschmuckwerk.de\/en\/wp-json\/wp\/v2\/media?parent=1215"}],"wp:term":[{"taxonomy":"product_brand","embeddable":true,"href":"https:\/\/npschmuckwerk.de\/en\/wp-json\/wp\/v2\/product_brand?post=1215"},{"taxonomy":"product_cat","embeddable":true,"href":"https:\/\/npschmuckwerk.de\/en\/wp-json\/wp\/v2\/product_cat?post=1215"},{"taxonomy":"product_tag","embeddable":true,"href":"https:\/\/npschmuckwerk.de\/en\/wp-json\/wp\/v2\/product_tag?post=1215"}],"curies":[{"name":"wp","href":"https:\/\/api.w.org\/{rel}","templated":true}]}}