{"id":1214,"date":"2025-05-21T14:50:47","date_gmt":"2025-05-21T14:50:47","guid":{"rendered":"https:\/\/npschmuckwerk.de\/?post_type=product&#038;p=1214"},"modified":"2025-08-24T10:45:48","modified_gmt":"2025-08-24T10:45:48","slug":"silbersiegelring-mit-epoxidharz-bearbeitetem-palmholz","status":"publish","type":"product","link":"https:\/\/npschmuckwerk.de\/en\/product\/silbersiegelring-mit-epoxidharz-bearbeitetem-palmholz\/","title":{"rendered":"Silbersiegelring mit epoxidharz bearbeitetem Palmholz"},"content":{"rendered":"<p><strong>Silbersiegelring mit epoxidharzbearbeitetem Palmholz<\/strong><\/p>\n<p>Dieser Silbersiegelring aus 925er Silber kombiniert die nat\u00fcrliche Sch\u00f6nheit von Palmholz mit einer modernen, k\u00fcnstlerischen Bearbeitung. Der Ringkopf (19,24 \u00d7 17,61 \u00d7 2,84 mm) ist mit epoxidharzbearbeitetem Palmholz gef\u00fcllt, was dem Schmuckst\u00fcck eine interessante Textur und Farbvarianz verleiht. Das Holz wird durch das Harz in seiner nat\u00fcrlichen Form unterst\u00fctzt und gewinnt so an Haltbarkeit und Individualit\u00e4t. Der Ring ist in Gr\u00f6\u00dfe 58 erh\u00e4ltlich und bietet ein einzigartiges Design, das Handwerkskunst und Natur verbindet.<\/p>\n<ul>\n<li><strong>Material:<\/strong> 925 Silber, Palmholz, Epoxidharz<\/li>\n<li><strong>Ma\u00dfe Ringkopf:<\/strong> 19,24 \u00d7 17,61 \u00d7 2,84 mm<\/li>\n<li><strong>Ringgr\u00f6\u00dfe:<\/strong> 58<\/li>\n<li><strong>Gewicht:<\/strong> 12,49 g<\/li>\n<li><strong>Preis:<\/strong> 199,00 \u20ac<\/li>\n<\/ul>\n<p>Ein handgefertigter Ring, der Naturmaterialien mit innovativer Technik vereint und zu einem einzigartigen Schmuckst\u00fcck wird.<\/p>","protected":false},"excerpt":{"rendered":"<p>Silbersiegelring mit epoxidharzbearbeitetem Palmholz \u2013 einzigartig, naturverbunden und handgefertigt.<\/p>","protected":false},"featured_media":943,"comment_status":"closed","ping_status":"closed","template":"","meta":[],"product_brand":[],"product_cat":[46,47,73],"product_tag":[],"class_list":{"0":"post-1214","1":"product","2":"type-product","3":"status-publish","4":"has-post-thumbnail","6":"product_cat-ring","7":"product_cat-schmuckring","8":"product_cat-direktverkauf","10":"first","11":"outofstock","12":"taxable","13":"shipping-taxable","14":"purchasable","15":"product-type-simple"},"_links":{"self":[{"href":"https:\/\/npschmuckwerk.de\/en\/wp-json\/wp\/v2\/product\/1214","targetHints":{"allow":["GET"]}}],"collection":[{"href":"https:\/\/npschmuckwerk.de\/en\/wp-json\/wp\/v2\/product"}],"about":[{"href":"https:\/\/npschmuckwerk.de\/en\/wp-json\/wp\/v2\/types\/product"}],"replies":[{"embeddable":true,"href":"https:\/\/npschmuckwerk.de\/en\/wp-json\/wp\/v2\/comments?post=1214"}],"wp:featuredmedia":[{"embeddable":true,"href":"https:\/\/npschmuckwerk.de\/en\/wp-json\/wp\/v2\/media\/943"}],"wp:attachment":[{"href":"https:\/\/npschmuckwerk.de\/en\/wp-json\/wp\/v2\/media?parent=1214"}],"wp:term":[{"taxonomy":"product_brand","embeddable":true,"href":"https:\/\/npschmuckwerk.de\/en\/wp-json\/wp\/v2\/product_brand?post=1214"},{"taxonomy":"product_cat","embeddable":true,"href":"https:\/\/npschmuckwerk.de\/en\/wp-json\/wp\/v2\/product_cat?post=1214"},{"taxonomy":"product_tag","embeddable":true,"href":"https:\/\/npschmuckwerk.de\/en\/wp-json\/wp\/v2\/product_tag?post=1214"}],"curies":[{"name":"wp","href":"https:\/\/api.w.org\/{rel}","templated":true}]}}