{"id":1213,"date":"2025-05-21T14:50:47","date_gmt":"2025-05-21T14:50:47","guid":{"rendered":"https:\/\/npschmuckwerk.de\/?post_type=product&#038;p=1213"},"modified":"2025-07-24T10:48:53","modified_gmt":"2025-07-24T10:48:53","slug":"silberkugelring-mit-silbernavette","status":"publish","type":"product","link":"https:\/\/npschmuckwerk.de\/en\/product\/silberkugelring-mit-silbernavette\/","title":{"rendered":"Silberkugelring mit Silbernavette"},"content":{"rendered":"<p><strong>Silberkugelring mit Silbernavette<\/strong><\/p>\n<p>Dieser stilvolle Silberkugelring aus 925er Silber wird durch eine pr\u00e4zise gefasste Silbernavette erg\u00e4nzt. Die feinen Silberkugeln (\u00d8 2 mm) bieten eine sanfte Textur, die das auff\u00e4llige Navette (12,1 \u00d7 4,76 \u00d7 1,4 mm) wunderbar zur Geltung bringt. Der Ring ist in Gr\u00f6\u00dfe 54 erh\u00e4ltlich und eignet sich perfekt als eleganter Akzent f\u00fcr den Alltag oder besondere Anl\u00e4sse.<\/p>\n<ul>\n<li><strong>Material:<\/strong> 925 Silber<\/li>\n<li><strong>Ma\u00dfe Navette:<\/strong> 12,1 \u00d7 4,76 \u00d7 1,4 mm<\/li>\n<li><strong>Kugelgr\u00f6\u00dfe:<\/strong> \u00d8 2 mm<\/li>\n<li><strong>Ringgr\u00f6\u00dfe:<\/strong> 54<\/li>\n<li><strong>Gewicht:<\/strong> 1,93 g<\/li>\n<li><strong>Preis:<\/strong> 99,00 \u20ac<\/li>\n<\/ul>\n<p>Ein handgefertigter Ring mit klarer Form und edlem, minimalistischen Design.<\/p>","protected":false},"excerpt":{"rendered":"<p>Silberkugelring mit Silbernavette \u2013 elegant, minimalistisch und handgefertigt.<\/p>","protected":false},"featured_media":942,"comment_status":"closed","ping_status":"closed","template":"","meta":[],"product_brand":[],"product_cat":[46,47,52,73],"product_tag":[],"class_list":{"0":"post-1213","1":"product","2":"type-product","3":"status-publish","4":"has-post-thumbnail","6":"product_cat-ring","7":"product_cat-schmuckring","8":"product_cat-kugelring","9":"product_cat-direktverkauf","11":"first","12":"instock","13":"taxable","14":"shipping-taxable","15":"purchasable","16":"product-type-simple"},"_links":{"self":[{"href":"https:\/\/npschmuckwerk.de\/en\/wp-json\/wp\/v2\/product\/1213","targetHints":{"allow":["GET"]}}],"collection":[{"href":"https:\/\/npschmuckwerk.de\/en\/wp-json\/wp\/v2\/product"}],"about":[{"href":"https:\/\/npschmuckwerk.de\/en\/wp-json\/wp\/v2\/types\/product"}],"replies":[{"embeddable":true,"href":"https:\/\/npschmuckwerk.de\/en\/wp-json\/wp\/v2\/comments?post=1213"}],"wp:featuredmedia":[{"embeddable":true,"href":"https:\/\/npschmuckwerk.de\/en\/wp-json\/wp\/v2\/media\/942"}],"wp:attachment":[{"href":"https:\/\/npschmuckwerk.de\/en\/wp-json\/wp\/v2\/media?parent=1213"}],"wp:term":[{"taxonomy":"product_brand","embeddable":true,"href":"https:\/\/npschmuckwerk.de\/en\/wp-json\/wp\/v2\/product_brand?post=1213"},{"taxonomy":"product_cat","embeddable":true,"href":"https:\/\/npschmuckwerk.de\/en\/wp-json\/wp\/v2\/product_cat?post=1213"},{"taxonomy":"product_tag","embeddable":true,"href":"https:\/\/npschmuckwerk.de\/en\/wp-json\/wp\/v2\/product_tag?post=1213"}],"curies":[{"name":"wp","href":"https:\/\/api.w.org\/{rel}","templated":true}]}}