{"id":1212,"date":"2025-05-21T14:50:47","date_gmt":"2025-05-21T14:50:47","guid":{"rendered":"https:\/\/npschmuckwerk.de\/?post_type=product&#038;p=1212"},"modified":"2025-07-24T10:48:55","modified_gmt":"2025-07-24T10:48:55","slug":"silberkugelring-mit-gelbgoldtropfen","status":"publish","type":"product","link":"https:\/\/npschmuckwerk.de\/en\/product\/silberkugelring-mit-gelbgoldtropfen\/","title":{"rendered":"Silberkugelring mit Gelbgoldtropfen"},"content":{"rendered":"<p><strong>Silberkugelring mit Gelbgoldtropfen<\/strong><\/p>\n<p>Dieser zarte Silberkugelring aus 925er Silber wird von einem eleganten Gelbgoldtropfen geziert. Die feinen Silberkugeln (\u00d8 2 mm) bilden die Basis dieses minimalistischen Designs, w\u00e4hrend der Tropfenanh\u00e4nger (10,79 \u00d7 5,5 \u00d7 0,95 mm) aus 585er Gelbgold dem Ring einen luxuri\u00f6sen und edlen Akzent verleiht. Der Ring ist in Gr\u00f6\u00dfe 52,5 erh\u00e4ltlich und eignet sich f\u00fcr jede Gelegenheit \u2013 ob als solit\u00e4res Schmuckst\u00fcck oder in Kombination mit anderen Ringen.<\/p>\n<ul>\n<li><strong>Material:<\/strong> 925 Silber, 585 Gelbgold<\/li>\n<li><strong>Ma\u00dfe Tropfen:<\/strong> 10,79 \u00d7 5,5 \u00d7 0,95 mm<\/li>\n<li><strong>Kugelgr\u00f6\u00dfe:<\/strong> \u00d8 2 mm<\/li>\n<li><strong>Ringgr\u00f6\u00dfe:<\/strong> 52,5<\/li>\n<li><strong>Gewicht:<\/strong> 1,86 g<\/li>\n<li><strong>Preis:<\/strong> 179,00 \u20ac<\/li>\n<\/ul>\n<p>Ein handgefertigter Ring, der mit minimalistischen Details und edlen Akzenten begeistert.<\/p>","protected":false},"excerpt":{"rendered":"<p>Silberkugelring mit Gelbgoldtropfen \u2013 edel, zart und handgefertigt.<\/p>","protected":false},"featured_media":941,"comment_status":"closed","ping_status":"closed","template":"","meta":[],"product_brand":[],"product_cat":[46,47,52,73],"product_tag":[],"class_list":{"0":"post-1212","1":"product","2":"type-product","3":"status-publish","4":"has-post-thumbnail","6":"product_cat-ring","7":"product_cat-schmuckring","8":"product_cat-kugelring","9":"product_cat-direktverkauf","11":"first","12":"instock","13":"taxable","14":"shipping-taxable","15":"purchasable","16":"product-type-simple"},"_links":{"self":[{"href":"https:\/\/npschmuckwerk.de\/en\/wp-json\/wp\/v2\/product\/1212","targetHints":{"allow":["GET"]}}],"collection":[{"href":"https:\/\/npschmuckwerk.de\/en\/wp-json\/wp\/v2\/product"}],"about":[{"href":"https:\/\/npschmuckwerk.de\/en\/wp-json\/wp\/v2\/types\/product"}],"replies":[{"embeddable":true,"href":"https:\/\/npschmuckwerk.de\/en\/wp-json\/wp\/v2\/comments?post=1212"}],"wp:featuredmedia":[{"embeddable":true,"href":"https:\/\/npschmuckwerk.de\/en\/wp-json\/wp\/v2\/media\/941"}],"wp:attachment":[{"href":"https:\/\/npschmuckwerk.de\/en\/wp-json\/wp\/v2\/media?parent=1212"}],"wp:term":[{"taxonomy":"product_brand","embeddable":true,"href":"https:\/\/npschmuckwerk.de\/en\/wp-json\/wp\/v2\/product_brand?post=1212"},{"taxonomy":"product_cat","embeddable":true,"href":"https:\/\/npschmuckwerk.de\/en\/wp-json\/wp\/v2\/product_cat?post=1212"},{"taxonomy":"product_tag","embeddable":true,"href":"https:\/\/npschmuckwerk.de\/en\/wp-json\/wp\/v2\/product_tag?post=1212"}],"curies":[{"name":"wp","href":"https:\/\/api.w.org\/{rel}","templated":true}]}}