{"id":1210,"date":"2025-05-21T14:50:39","date_gmt":"2025-05-21T14:50:39","guid":{"rendered":"https:\/\/npschmuckwerk.de\/?post_type=product&#038;p=1210"},"modified":"2025-07-24T10:48:55","modified_gmt":"2025-07-24T10:48:55","slug":"silberkugelring-mit-silberherzanhaenger","status":"publish","type":"product","link":"https:\/\/npschmuckwerk.de\/en\/product\/silberkugelring-mit-silberherzanhaenger\/","title":{"rendered":"Silberkugelring mit Silberherzanh\u00e4nger"},"content":{"rendered":"<p><strong>Silberkugelring mit Silberherzanh\u00e4nger<\/strong><\/p>\n<p>Dieser charmante Silberkugelring aus 925er Silber ist mit einem filigranen Silberherzanh\u00e4nger verziert. Die feinen Silberkugeln (\u00d8 3 mm) verleihen dem Ring eine weiche Textur, w\u00e4hrend der Herzanh\u00e4nger (10,68 \u00d7 6,25 \u00d7 1,8 mm) dem Schmuckst\u00fcck eine romantische und elegante Note verleiht. Der Ring ist in Gr\u00f6\u00dfe 56 erh\u00e4ltlich und eignet sich perfekt f\u00fcr den t\u00e4glichen Gebrauch oder als besonderes Geschenk.<\/p>\n<ul>\n<li><strong>Material:<\/strong> 925 Silber<\/li>\n<li><strong>Ma\u00dfe Anh\u00e4nger:<\/strong> 10,68 \u00d7 6,25 \u00d7 1,8 mm<\/li>\n<li><strong>Kugelgr\u00f6\u00dfe:<\/strong> \u00d8 3 mm<\/li>\n<li><strong>Ringgr\u00f6\u00dfe:<\/strong> 56<\/li>\n<li><strong>Gewicht:<\/strong> 4 g<\/li>\n<li><strong>Preis:<\/strong> 179,00 \u20ac<\/li>\n<\/ul>\n<p>Ein handgefertigter Ring, der zarte Eleganz mit romantischen Akzenten vereint.<\/p>","protected":false},"excerpt":{"rendered":"<p>Silberkugelring mit Silberherzanh\u00e4nger \u2013 zart, romantisch und handgefertigt.<\/p>","protected":false},"featured_media":939,"comment_status":"closed","ping_status":"closed","template":"","meta":[],"product_brand":[],"product_cat":[46,47,52,73],"product_tag":[],"class_list":{"0":"post-1210","1":"product","2":"type-product","3":"status-publish","4":"has-post-thumbnail","6":"product_cat-ring","7":"product_cat-schmuckring","8":"product_cat-kugelring","9":"product_cat-direktverkauf","11":"first","12":"instock","13":"taxable","14":"shipping-taxable","15":"purchasable","16":"product-type-simple"},"_links":{"self":[{"href":"https:\/\/npschmuckwerk.de\/en\/wp-json\/wp\/v2\/product\/1210","targetHints":{"allow":["GET"]}}],"collection":[{"href":"https:\/\/npschmuckwerk.de\/en\/wp-json\/wp\/v2\/product"}],"about":[{"href":"https:\/\/npschmuckwerk.de\/en\/wp-json\/wp\/v2\/types\/product"}],"replies":[{"embeddable":true,"href":"https:\/\/npschmuckwerk.de\/en\/wp-json\/wp\/v2\/comments?post=1210"}],"wp:featuredmedia":[{"embeddable":true,"href":"https:\/\/npschmuckwerk.de\/en\/wp-json\/wp\/v2\/media\/939"}],"wp:attachment":[{"href":"https:\/\/npschmuckwerk.de\/en\/wp-json\/wp\/v2\/media?parent=1210"}],"wp:term":[{"taxonomy":"product_brand","embeddable":true,"href":"https:\/\/npschmuckwerk.de\/en\/wp-json\/wp\/v2\/product_brand?post=1210"},{"taxonomy":"product_cat","embeddable":true,"href":"https:\/\/npschmuckwerk.de\/en\/wp-json\/wp\/v2\/product_cat?post=1210"},{"taxonomy":"product_tag","embeddable":true,"href":"https:\/\/npschmuckwerk.de\/en\/wp-json\/wp\/v2\/product_tag?post=1210"}],"curies":[{"name":"wp","href":"https:\/\/api.w.org\/{rel}","templated":true}]}}