{"id":1209,"date":"2025-05-21T14:50:39","date_gmt":"2025-05-21T14:50:39","guid":{"rendered":"https:\/\/npschmuckwerk.de\/?post_type=product&#038;p=1209"},"modified":"2025-08-24T10:43:59","modified_gmt":"2025-08-24T10:43:59","slug":"silberkugelring-mit-gelbgoldanhaenger-und-braunem-brillanten-015ct","status":"publish","type":"product","link":"https:\/\/npschmuckwerk.de\/en\/product\/silberkugelring-mit-gelbgoldanhaenger-und-braunem-brillanten-015ct\/","title":{"rendered":"Silberkugelring mit Gelbgoldanh\u00e4nger und braunem Brillanten 0,15ct"},"content":{"rendered":"<p><strong>Silberkugelring mit Gelbgoldanh\u00e4nger und braunem Brillanten (0,15 ct)<\/strong><\/p>\n<p>Dieser stilvolle Silberkugelring aus 925er Silber ist mit einem edlen Gelbgoldanh\u00e4nger verziert, der einen 1,5 mm braunen Brillanten (0,15 ct) in einer pr\u00e4zisen Fassung tr\u00e4gt. Die feinen Silberkugeln (\u00d8 3 mm) bilden die Basis dieses eleganten Rings, w\u00e4hrend der Anh\u00e4nger (7,46 \u00d7 3,69 mm) dem Design einen Hauch von Luxus und Feinheit verleiht. Der Ring ist in Gr\u00f6\u00dfe 56 erh\u00e4ltlich und eignet sich sowohl f\u00fcr den Alltag als auch f\u00fcr besondere Anl\u00e4sse.<\/p>\n<ul>\n<li><strong>Material:<\/strong> 925 Silber, 585 Gelbgold<\/li>\n<li><strong>Stein:<\/strong> 1,5 mm brauner Brillant (0,15 ct)<\/li>\n<li><strong>Ma\u00dfe Anh\u00e4nger:<\/strong> 7,46 \u00d7 3,69 mm<\/li>\n<li><strong>Kugelgr\u00f6\u00dfe:<\/strong> \u00d8 3 mm<\/li>\n<li><strong>Ringgr\u00f6\u00dfe:<\/strong> 56<\/li>\n<li><strong>Gewicht:<\/strong> 3,6 g<\/li>\n<li><strong>Preis:<\/strong> 215,00 \u20ac<\/li>\n<\/ul>\n<p>In pr\u00e4ziser Handarbeit gefertigt \u2013 ein zarter Ring mit edlen Details und einem dezenten Diamantakzent.<\/p>","protected":false},"excerpt":{"rendered":"<p>Silberkugelring mit Gelbgoldanh\u00e4nger und braunem Brillanten \u2013 edel, zart und handgefertigt.<\/p>","protected":false},"featured_media":938,"comment_status":"closed","ping_status":"closed","template":"","meta":[],"product_brand":[],"product_cat":[74,75,46,47,52],"product_tag":[],"class_list":{"0":"post-1209","1":"product","2":"type-product","3":"status-publish","4":"has-post-thumbnail","6":"product_cat-verkauf-nach-absprache","7":"product_cat-kv","8":"product_cat-ring","9":"product_cat-schmuckring","10":"product_cat-kugelring","12":"first","13":"outofstock","14":"virtual","15":"taxable","16":"purchasable","17":"product-type-simple"},"_links":{"self":[{"href":"https:\/\/npschmuckwerk.de\/en\/wp-json\/wp\/v2\/product\/1209","targetHints":{"allow":["GET"]}}],"collection":[{"href":"https:\/\/npschmuckwerk.de\/en\/wp-json\/wp\/v2\/product"}],"about":[{"href":"https:\/\/npschmuckwerk.de\/en\/wp-json\/wp\/v2\/types\/product"}],"replies":[{"embeddable":true,"href":"https:\/\/npschmuckwerk.de\/en\/wp-json\/wp\/v2\/comments?post=1209"}],"wp:featuredmedia":[{"embeddable":true,"href":"https:\/\/npschmuckwerk.de\/en\/wp-json\/wp\/v2\/media\/938"}],"wp:attachment":[{"href":"https:\/\/npschmuckwerk.de\/en\/wp-json\/wp\/v2\/media?parent=1209"}],"wp:term":[{"taxonomy":"product_brand","embeddable":true,"href":"https:\/\/npschmuckwerk.de\/en\/wp-json\/wp\/v2\/product_brand?post=1209"},{"taxonomy":"product_cat","embeddable":true,"href":"https:\/\/npschmuckwerk.de\/en\/wp-json\/wp\/v2\/product_cat?post=1209"},{"taxonomy":"product_tag","embeddable":true,"href":"https:\/\/npschmuckwerk.de\/en\/wp-json\/wp\/v2\/product_tag?post=1209"}],"curies":[{"name":"wp","href":"https:\/\/api.w.org\/{rel}","templated":true}]}}