{"id":1208,"date":"2025-05-21T14:50:39","date_gmt":"2025-05-21T14:50:39","guid":{"rendered":"https:\/\/npschmuckwerk.de\/?post_type=product&#038;p=1208"},"modified":"2025-07-24T10:48:55","modified_gmt":"2025-07-24T10:48:55","slug":"silberkugelring-mit-gelbgoldherz","status":"publish","type":"product","link":"https:\/\/npschmuckwerk.de\/en\/product\/silberkugelring-mit-gelbgoldherz\/","title":{"rendered":"Silberkugelring mit Gelbgoldherz"},"content":{"rendered":"<p><strong>Silberkugelring mit Gelbgoldherz<\/strong><\/p>\n<p>Dieser charmante Silberkugelring aus 925er Silber kombiniert schlichte Eleganz mit einem edlen Akzent: Ein zartes Gelbgoldherz (9,84 \u00d7 6,76 \u00d7 1,13 mm) ziert den Ring, der aus feinen Silberkugeln (\u00d8 3 mm) besteht. Die weichen Rundungen der Kugeln bieten einen sch\u00f6nen Kontrast zu der pr\u00e4zisen Form des Herzanh\u00e4ngers. Der Ring ist in Gr\u00f6\u00dfe 54,5 erh\u00e4ltlich und passt sich durch seine filigrane Gestaltung sowohl modischen als auch klassischen Stilen an.<\/p>\n<ul>\n<li><strong>Material:<\/strong> 925 Silber, 585 Gelbgold<\/li>\n<li><strong>Ma\u00dfe Herz:<\/strong> 9,84 \u00d7 6,76 \u00d7 1,13 mm<\/li>\n<li><strong>Kugelgr\u00f6\u00dfe:<\/strong> \u00d8 3 mm<\/li>\n<li><strong>Ringgr\u00f6\u00dfe:<\/strong> 54,5<\/li>\n<li><strong>Gewicht:<\/strong> 3,94 g<\/li>\n<li><strong>Preis:<\/strong> 179,00 \u20ac<\/li>\n<\/ul>\n<p>Ein handgefertigter Schmuckring, der Liebe und Eleganz auf dezente Weise ausdr\u00fcckt.<\/p>","protected":false},"excerpt":{"rendered":"<p>Silberkugelring mit Gelbgoldherz \u2013 zart, edel und handgefertigt.<\/p>","protected":false},"featured_media":937,"comment_status":"closed","ping_status":"closed","template":"","meta":[],"product_brand":[],"product_cat":[46,47,52,73],"product_tag":[],"class_list":{"0":"post-1208","1":"product","2":"type-product","3":"status-publish","4":"has-post-thumbnail","6":"product_cat-ring","7":"product_cat-schmuckring","8":"product_cat-kugelring","9":"product_cat-direktverkauf","11":"first","12":"instock","13":"taxable","14":"shipping-taxable","15":"purchasable","16":"product-type-simple"},"_links":{"self":[{"href":"https:\/\/npschmuckwerk.de\/en\/wp-json\/wp\/v2\/product\/1208","targetHints":{"allow":["GET"]}}],"collection":[{"href":"https:\/\/npschmuckwerk.de\/en\/wp-json\/wp\/v2\/product"}],"about":[{"href":"https:\/\/npschmuckwerk.de\/en\/wp-json\/wp\/v2\/types\/product"}],"replies":[{"embeddable":true,"href":"https:\/\/npschmuckwerk.de\/en\/wp-json\/wp\/v2\/comments?post=1208"}],"wp:featuredmedia":[{"embeddable":true,"href":"https:\/\/npschmuckwerk.de\/en\/wp-json\/wp\/v2\/media\/937"}],"wp:attachment":[{"href":"https:\/\/npschmuckwerk.de\/en\/wp-json\/wp\/v2\/media?parent=1208"}],"wp:term":[{"taxonomy":"product_brand","embeddable":true,"href":"https:\/\/npschmuckwerk.de\/en\/wp-json\/wp\/v2\/product_brand?post=1208"},{"taxonomy":"product_cat","embeddable":true,"href":"https:\/\/npschmuckwerk.de\/en\/wp-json\/wp\/v2\/product_cat?post=1208"},{"taxonomy":"product_tag","embeddable":true,"href":"https:\/\/npschmuckwerk.de\/en\/wp-json\/wp\/v2\/product_tag?post=1208"}],"curies":[{"name":"wp","href":"https:\/\/api.w.org\/{rel}","templated":true}]}}