{"id":1207,"date":"2025-05-21T14:50:38","date_gmt":"2025-05-21T14:50:38","guid":{"rendered":"https:\/\/npschmuckwerk.de\/?post_type=product&#038;p=1207"},"modified":"2025-07-24T10:50:16","modified_gmt":"2025-07-24T10:50:16","slug":"gelbgoldring-mit-quergekratzter-oberflaeche-und-18-brillanten-tw-vsi-im-verschnitt-gefasst","status":"publish","type":"product","link":"https:\/\/npschmuckwerk.de\/en\/product\/gelbgoldring-mit-quergekratzter-oberflaeche-und-18-brillanten-tw-vsi-im-verschnitt-gefasst\/","title":{"rendered":"Gelbgoldring mit quergekratzter Oberfl\u00e4che und 18 Brillanten (tw\/vsi) im Verschnitt gefasst"},"content":{"rendered":"<p><strong>Gelbgoldring mit quergekratzter Oberfl\u00e4che und 18 Brillanten (tw\/vsi)<\/strong><\/p>\n<p>Dieser elegante Gelbgoldring (585 Gelbgold) besticht durch seine quergekratzte Oberfl\u00e4che, die dem Design eine moderne und interessante Textur verleiht. Der Ring ist mit 18 Brillanten (1 mm Durchmesser, tw\/vsi) im Verschnitt gefasst, die subtil in das Design integriert sind und ihm einen dezenten Glanz verleihen. Der Ring misst 1,98 \u00d7 2 mm und ist in Gr\u00f6\u00dfe 58 erh\u00e4ltlich. Perfekt als Beisteckring oder auch als Solo-Schmuckst\u00fcck, das durch seine Details \u00fcberzeugt.<\/p>\n<ul>\n<li><strong>Material:<\/strong> 585 Gelbgold<\/li>\n<li><strong>Steine:<\/strong> 18 Brillanten (1 mm Durchmesser), tw\/vsi<\/li>\n<li><strong>Ma\u00dfe Ring:<\/strong> 1,98 \u00d7 2 mm<\/li>\n<li><strong>Ringgr\u00f6\u00dfe:<\/strong> 58<\/li>\n<li><strong>Gewicht:<\/strong> 2,56 g<\/li>\n<li><strong>Preis:<\/strong> 930,00 \u20ac<\/li>\n<\/ul>\n<p>In sorgf\u00e4ltiger Handarbeit gefertigt \u2013 ein eleganter Beisteckring, der durch schlichte Raffinesse und edlen Glanz punktet.<\/p>","protected":false},"excerpt":{"rendered":"<p>Gelbgoldring mit quergekratzter Oberfl\u00e4che und 18 Brillanten \u2013 elegant, fein und handgefertigt.<\/p>","protected":false},"featured_media":936,"comment_status":"closed","ping_status":"closed","template":"","meta":[],"product_brand":[],"product_cat":[46,47,48,74,75],"product_tag":[],"class_list":{"0":"post-1207","1":"product","2":"type-product","3":"status-publish","4":"has-post-thumbnail","6":"product_cat-ring","7":"product_cat-schmuckring","8":"product_cat-beisteckring","9":"product_cat-verkauf-nach-absprache","10":"product_cat-kv","12":"first","13":"instock","14":"virtual","15":"taxable","16":"purchasable","17":"product-type-simple"},"_links":{"self":[{"href":"https:\/\/npschmuckwerk.de\/en\/wp-json\/wp\/v2\/product\/1207","targetHints":{"allow":["GET"]}}],"collection":[{"href":"https:\/\/npschmuckwerk.de\/en\/wp-json\/wp\/v2\/product"}],"about":[{"href":"https:\/\/npschmuckwerk.de\/en\/wp-json\/wp\/v2\/types\/product"}],"replies":[{"embeddable":true,"href":"https:\/\/npschmuckwerk.de\/en\/wp-json\/wp\/v2\/comments?post=1207"}],"wp:featuredmedia":[{"embeddable":true,"href":"https:\/\/npschmuckwerk.de\/en\/wp-json\/wp\/v2\/media\/936"}],"wp:attachment":[{"href":"https:\/\/npschmuckwerk.de\/en\/wp-json\/wp\/v2\/media?parent=1207"}],"wp:term":[{"taxonomy":"product_brand","embeddable":true,"href":"https:\/\/npschmuckwerk.de\/en\/wp-json\/wp\/v2\/product_brand?post=1207"},{"taxonomy":"product_cat","embeddable":true,"href":"https:\/\/npschmuckwerk.de\/en\/wp-json\/wp\/v2\/product_cat?post=1207"},{"taxonomy":"product_tag","embeddable":true,"href":"https:\/\/npschmuckwerk.de\/en\/wp-json\/wp\/v2\/product_tag?post=1207"}],"curies":[{"name":"wp","href":"https:\/\/api.w.org\/{rel}","templated":true}]}}