{"id":1206,"date":"2025-05-21T14:50:38","date_gmt":"2025-05-21T14:50:38","guid":{"rendered":"https:\/\/npschmuckwerk.de\/?post_type=product&#038;p=1206"},"modified":"2025-07-24T10:50:20","modified_gmt":"2025-07-24T10:50:20","slug":"silberring-oberflaeche-gekratzt-mit-9-grauen-brillanten-015ct","status":"publish","type":"product","link":"https:\/\/npschmuckwerk.de\/en\/product\/silberring-oberflaeche-gekratzt-mit-9-grauen-brillanten-015ct\/","title":{"rendered":"Silberring Oberfl\u00e4che gekratzt mit 9 grauen Brillanten 0,15ct"},"content":{"rendered":"<p><strong>Silberring mit gekratzt Oberfl\u00e4che und 9 grauen Brillanten (0,15 ct)<\/strong><\/p>\n<p>Dieser feine Silberring aus 925er Silber beeindruckt mit einer sorgf\u00e4ltig gekratzt gestalteten Oberfl\u00e4che, die ihm eine markante Textur verleiht. Der Ring ist mit 9 grauen Brillanten (1,6 mm Durchmesser, gesamt 0,15 ct) besetzt, die dezent in die Struktur integriert sind und einen subtilen Glanz verleihen. Die Ringma\u00dfe betragen 1,64 \u00d7 1,93 mm f\u00fcr den Ringk\u00f6rper und 17,23 \u00d7 1,6 mm f\u00fcr den Stab. Der Ring ist in Gr\u00f6\u00dfe 54,5 erh\u00e4ltlich und bietet einen eleganten, aber dennoch modernen Look.<\/p>\n<ul>\n<li><strong>Material:<\/strong> 925 Silber<\/li>\n<li><strong>Steine:<\/strong> 9 graue Brillanten (1,6 mm Durchmesser), 0,15 ct<\/li>\n<li><strong>Ma\u00dfe Ring:<\/strong> 1,64 \u00d7 1,93 mm<\/li>\n<li><strong>Ma\u00dfe Stab:<\/strong> 17,23 \u00d7 1,6 mm<\/li>\n<li><strong>Ringgr\u00f6\u00dfe:<\/strong> 54,5<\/li>\n<li><strong>Gewicht:<\/strong> 2,54 g<\/li>\n<li><strong>Preis:<\/strong> 230,00 \u20ac<\/li>\n<\/ul>\n<p>Ein schlichter, aber edler Schmuckring mit dezenten Brillantakzenten, handgefertigt und einzigartig.<\/p>","protected":false},"excerpt":{"rendered":"<p>Silberring mit gekratzt Oberfl\u00e4che und 9 grauen Brillanten \u2013 elegant, fein und handgefertigt.<\/p>","protected":false},"featured_media":935,"comment_status":"closed","ping_status":"closed","template":"","meta":[],"product_brand":[],"product_cat":[46,47,74,75],"product_tag":[],"class_list":{"0":"post-1206","1":"product","2":"type-product","3":"status-publish","4":"has-post-thumbnail","6":"product_cat-ring","7":"product_cat-schmuckring","8":"product_cat-verkauf-nach-absprache","9":"product_cat-kv","11":"first","12":"instock","13":"virtual","14":"taxable","15":"purchasable","16":"product-type-simple"},"_links":{"self":[{"href":"https:\/\/npschmuckwerk.de\/en\/wp-json\/wp\/v2\/product\/1206","targetHints":{"allow":["GET"]}}],"collection":[{"href":"https:\/\/npschmuckwerk.de\/en\/wp-json\/wp\/v2\/product"}],"about":[{"href":"https:\/\/npschmuckwerk.de\/en\/wp-json\/wp\/v2\/types\/product"}],"replies":[{"embeddable":true,"href":"https:\/\/npschmuckwerk.de\/en\/wp-json\/wp\/v2\/comments?post=1206"}],"wp:featuredmedia":[{"embeddable":true,"href":"https:\/\/npschmuckwerk.de\/en\/wp-json\/wp\/v2\/media\/935"}],"wp:attachment":[{"href":"https:\/\/npschmuckwerk.de\/en\/wp-json\/wp\/v2\/media?parent=1206"}],"wp:term":[{"taxonomy":"product_brand","embeddable":true,"href":"https:\/\/npschmuckwerk.de\/en\/wp-json\/wp\/v2\/product_brand?post=1206"},{"taxonomy":"product_cat","embeddable":true,"href":"https:\/\/npschmuckwerk.de\/en\/wp-json\/wp\/v2\/product_cat?post=1206"},{"taxonomy":"product_tag","embeddable":true,"href":"https:\/\/npschmuckwerk.de\/en\/wp-json\/wp\/v2\/product_tag?post=1206"}],"curies":[{"name":"wp","href":"https:\/\/api.w.org\/{rel}","templated":true}]}}