{"id":1205,"date":"2025-05-21T14:50:38","date_gmt":"2025-05-21T14:50:38","guid":{"rendered":"https:\/\/npschmuckwerk.de\/?post_type=product&#038;p=1205"},"modified":"2025-07-24T10:50:18","modified_gmt":"2025-07-24T10:50:18","slug":"geschmorter-silberring-mit-kugeldraht-und-facettiertem-suncut-citrin","status":"publish","type":"product","link":"https:\/\/npschmuckwerk.de\/en\/product\/geschmorter-silberring-mit-kugeldraht-und-facettiertem-suncut-citrin\/","title":{"rendered":"Geschmorter Silberring mit Kugeldraht und facettiertem Suncut Citrin"},"content":{"rendered":"<p><strong>Unikat: Geschmorter Silberring mit Kugeldraht und facettiertem Suncut Citrin<\/strong><\/p>\n<p>Dieser auff\u00e4llige Silberring besticht durch seine einzigartige, geschmorte Oberfl\u00e4che und die raffinierte Verarbeitung von 925er Silber. Der Ringkopf misst 16 mm im Durchmesser und ist mit feinstem Kugeldraht verziert, der dem Design eine spannende Textur verleiht. Im Zentrum des Rings sitzt ein facettierter Suncut Citrin (\u00d8 10 mm), dessen sonniges Gelb durch die warme Schattierung des geschmorten Silbers perfekt zur Geltung kommt. Die Kugeln aus Silber (\u00d8 3 mm) erg\u00e4nzen das Gesamtbild und bringen zus\u00e4tzliche Struktur ins Design. Der Ring ist in Gr\u00f6\u00dfe 57 erh\u00e4ltlich.<\/p>\n<ul>\n<li><strong>Material:<\/strong> 925 Silber, Citrin<\/li>\n<li><strong>Ma\u00dfe Ringkopf:<\/strong> 16 mm im Durchmesser<\/li>\n<li><strong>Ma\u00dfe Kugel:<\/strong> 3 mm<\/li>\n<li><strong>Ma\u00dfe Citrin:<\/strong> 10 mm im Durchmesser<\/li>\n<li><strong>Ringgr\u00f6\u00dfe:<\/strong> 57<\/li>\n<li><strong>Gewicht:<\/strong> 24,48 g<\/li>\n<li><strong>Preis:<\/strong> 449,00 \u20ac<\/li>\n<\/ul>\n<p>In meisterhafter Handarbeit gefertigt \u2013 ein unverwechselbares Unikat mit nat\u00fcrlichem Glanz und spannender Textur.<\/p>","protected":false},"excerpt":{"rendered":"<p>Geschmorter Silberring mit Kugeldraht &amp; Suncut Citrin \u2013 markant, edel und handgefertigt.<\/p>","protected":false},"featured_media":934,"comment_status":"closed","ping_status":"closed","template":"","meta":[],"product_brand":[],"product_cat":[46,47,52,74,75,38],"product_tag":[],"class_list":{"0":"post-1205","1":"product","2":"type-product","3":"status-publish","4":"has-post-thumbnail","6":"product_cat-ring","7":"product_cat-schmuckring","8":"product_cat-kugelring","9":"product_cat-verkauf-nach-absprache","10":"product_cat-kv","11":"product_cat-unikate","13":"first","14":"instock","15":"virtual","16":"taxable","17":"purchasable","18":"product-type-simple"},"_links":{"self":[{"href":"https:\/\/npschmuckwerk.de\/en\/wp-json\/wp\/v2\/product\/1205","targetHints":{"allow":["GET"]}}],"collection":[{"href":"https:\/\/npschmuckwerk.de\/en\/wp-json\/wp\/v2\/product"}],"about":[{"href":"https:\/\/npschmuckwerk.de\/en\/wp-json\/wp\/v2\/types\/product"}],"replies":[{"embeddable":true,"href":"https:\/\/npschmuckwerk.de\/en\/wp-json\/wp\/v2\/comments?post=1205"}],"wp:featuredmedia":[{"embeddable":true,"href":"https:\/\/npschmuckwerk.de\/en\/wp-json\/wp\/v2\/media\/934"}],"wp:attachment":[{"href":"https:\/\/npschmuckwerk.de\/en\/wp-json\/wp\/v2\/media?parent=1205"}],"wp:term":[{"taxonomy":"product_brand","embeddable":true,"href":"https:\/\/npschmuckwerk.de\/en\/wp-json\/wp\/v2\/product_brand?post=1205"},{"taxonomy":"product_cat","embeddable":true,"href":"https:\/\/npschmuckwerk.de\/en\/wp-json\/wp\/v2\/product_cat?post=1205"},{"taxonomy":"product_tag","embeddable":true,"href":"https:\/\/npschmuckwerk.de\/en\/wp-json\/wp\/v2\/product_tag?post=1205"}],"curies":[{"name":"wp","href":"https:\/\/api.w.org\/{rel}","templated":true}]}}