{"id":1202,"date":"2025-05-21T14:50:38","date_gmt":"2025-05-21T14:50:38","guid":{"rendered":"https:\/\/npschmuckwerk.de\/?post_type=product&#038;p=1202"},"modified":"2025-07-24T10:50:20","modified_gmt":"2025-07-24T10:50:20","slug":"silberring-mit-schieferpyrit-in-gelbgold-gefasst","status":"publish","type":"product","link":"https:\/\/npschmuckwerk.de\/en\/product\/silberring-mit-schieferpyrit-in-gelbgold-gefasst\/","title":{"rendered":"Silberring mit Schieferpyrit in Gelbgold gefasst"},"content":{"rendered":"<p><strong>Silberring mit Schieferpyrit in Gelbgoldfassung<\/strong><\/p>\n<p>Dieser markante Silberring aus 925er Silber tr\u00e4gt einen auff\u00e4lligen Schieferpyrit, der in 585er Gelbgold gefasst ist. Der Ringkopf misst 14,41 \u00d7 15,11 \u00d7 9,7 mm und bietet Platz f\u00fcr den beeindruckend schimmernden Stein, der mit seiner nat\u00fcrlichen Struktur und dem metallischen Glanz das Design des Rings bestimmt. Die Kombination aus k\u00fchlem Silber und warmem Gelbgold schafft eine elegante, aber dennoch rustikale Ausstrahlung. Der Ring ist in Gr\u00f6\u00dfe 57 erh\u00e4ltlich.<\/p>\n<ul>\n<li><strong>Material:<\/strong> 925 Silber, 585 Gelbgold, Schieferpyrit<\/li>\n<li><strong>Ma\u00dfe Ringkopf:<\/strong> 14,41 \u00d7 15,11 \u00d7 9,7 mm<\/li>\n<li><strong>Ringgr\u00f6\u00dfe:<\/strong> 57<\/li>\n<li><strong>Gewicht:<\/strong> 21,3 g<\/li>\n<li><strong>Preis:<\/strong> 310,00 \u20ac<\/li>\n<\/ul>\n<p>In sorgf\u00e4ltiger Handarbeit gefertigt \u2013 ein Unikat mit einer faszinierenden Struktur und einem nat\u00fcrlichen Glanz.<\/p>","protected":false},"excerpt":{"rendered":"<p>Silberring mit Schieferpyrit in Gelbgoldfassung \u2013 einzigartig, edel und handgefertigt.<\/p>","protected":false},"featured_media":932,"comment_status":"closed","ping_status":"closed","template":"","meta":[],"product_brand":[],"product_cat":[46,47,74,75],"product_tag":[],"class_list":{"0":"post-1202","1":"product","2":"type-product","3":"status-publish","4":"has-post-thumbnail","6":"product_cat-ring","7":"product_cat-schmuckring","8":"product_cat-verkauf-nach-absprache","9":"product_cat-kv","11":"first","12":"instock","13":"virtual","14":"taxable","15":"purchasable","16":"product-type-simple"},"_links":{"self":[{"href":"https:\/\/npschmuckwerk.de\/en\/wp-json\/wp\/v2\/product\/1202","targetHints":{"allow":["GET"]}}],"collection":[{"href":"https:\/\/npschmuckwerk.de\/en\/wp-json\/wp\/v2\/product"}],"about":[{"href":"https:\/\/npschmuckwerk.de\/en\/wp-json\/wp\/v2\/types\/product"}],"replies":[{"embeddable":true,"href":"https:\/\/npschmuckwerk.de\/en\/wp-json\/wp\/v2\/comments?post=1202"}],"wp:featuredmedia":[{"embeddable":true,"href":"https:\/\/npschmuckwerk.de\/en\/wp-json\/wp\/v2\/media\/932"}],"wp:attachment":[{"href":"https:\/\/npschmuckwerk.de\/en\/wp-json\/wp\/v2\/media?parent=1202"}],"wp:term":[{"taxonomy":"product_brand","embeddable":true,"href":"https:\/\/npschmuckwerk.de\/en\/wp-json\/wp\/v2\/product_brand?post=1202"},{"taxonomy":"product_cat","embeddable":true,"href":"https:\/\/npschmuckwerk.de\/en\/wp-json\/wp\/v2\/product_cat?post=1202"},{"taxonomy":"product_tag","embeddable":true,"href":"https:\/\/npschmuckwerk.de\/en\/wp-json\/wp\/v2\/product_tag?post=1202"}],"curies":[{"name":"wp","href":"https:\/\/api.w.org\/{rel}","templated":true}]}}