{"id":1201,"date":"2025-05-21T14:50:37","date_gmt":"2025-05-21T14:50:37","guid":{"rendered":"https:\/\/npschmuckwerk.de\/?post_type=product&#038;p=1201"},"modified":"2025-07-24T10:50:17","modified_gmt":"2025-07-24T10:50:17","slug":"silberring-quer-gekratzt-mit-rotgoldstreifen-und-025ct-braun-beige-farbenen-brillanten","status":"publish","type":"product","link":"https:\/\/npschmuckwerk.de\/en\/product\/silberring-quer-gekratzt-mit-rotgoldstreifen-und-025ct-braun-beige-farbenen-brillanten\/","title":{"rendered":"Silberring quer gekratzt mit Rotgoldstreifen und 0,25ct braun\/beige Farbenen Brillanten"},"content":{"rendered":"<p><strong>Silberring mit Rotgoldstreifen und braun\/beigen Brillanten (0,25 ct)<\/strong><\/p>\n<p>Dieser moderne Silberring kombiniert 925er Silber mit eleganten Rotgoldstreifen und wird von 0,25 ct braun\/beigen Brillanten (\u00d8 4,2 mm) in Krappenfassung veredelt. Die quer gekratzt aussehende Oberfl\u00e4che des Rings verleiht ihm eine interessante Textur, w\u00e4hrend das warme Rotgold und das dezente Funkeln der Brillanten dem Schmuckst\u00fcck einen luxuri\u00f6sen Akzent verleihen. Der Ring misst 11,43 \u00d7 2,23 mm und hat eine Gr\u00f6\u00dfe von 56.<\/p>\n<ul>\n<li><strong>Material:<\/strong> 925 Silber, 585 Rotgold<\/li>\n<li><strong>Stein:<\/strong> 0,25 ct braun\/beige Brillanten (\u00d8 4,2 mm)<\/li>\n<li><strong>Ma\u00dfe Ring:<\/strong> 11,43 \u00d7 2,23 mm<\/li>\n<li><strong>Ringgr\u00f6\u00dfe:<\/strong> 56<\/li>\n<li><strong>Gewicht:<\/strong> 10,86 g<\/li>\n<li><strong>Preis:<\/strong> 599,00 \u20ac<\/li>\n<\/ul>\n<p>In sorgf\u00e4ltiger Handarbeit gefertigt \u2013 ein markanter Ring mit edlen Akzenten und modernen Linien.<\/p>","protected":false},"excerpt":{"rendered":"<p>Silberring mit Rotgoldstreifen und 0,25 ct Brillant \u2013 modern, edel und handgefertigt.<\/p>","protected":false},"featured_media":931,"comment_status":"closed","ping_status":"closed","template":"","meta":[],"product_brand":[],"product_cat":[46,47,74,75],"product_tag":[],"class_list":{"0":"post-1201","1":"product","2":"type-product","3":"status-publish","4":"has-post-thumbnail","6":"product_cat-ring","7":"product_cat-schmuckring","8":"product_cat-verkauf-nach-absprache","9":"product_cat-kv","11":"first","12":"instock","13":"virtual","14":"taxable","15":"purchasable","16":"product-type-simple"},"_links":{"self":[{"href":"https:\/\/npschmuckwerk.de\/en\/wp-json\/wp\/v2\/product\/1201","targetHints":{"allow":["GET"]}}],"collection":[{"href":"https:\/\/npschmuckwerk.de\/en\/wp-json\/wp\/v2\/product"}],"about":[{"href":"https:\/\/npschmuckwerk.de\/en\/wp-json\/wp\/v2\/types\/product"}],"replies":[{"embeddable":true,"href":"https:\/\/npschmuckwerk.de\/en\/wp-json\/wp\/v2\/comments?post=1201"}],"wp:featuredmedia":[{"embeddable":true,"href":"https:\/\/npschmuckwerk.de\/en\/wp-json\/wp\/v2\/media\/931"}],"wp:attachment":[{"href":"https:\/\/npschmuckwerk.de\/en\/wp-json\/wp\/v2\/media?parent=1201"}],"wp:term":[{"taxonomy":"product_brand","embeddable":true,"href":"https:\/\/npschmuckwerk.de\/en\/wp-json\/wp\/v2\/product_brand?post=1201"},{"taxonomy":"product_cat","embeddable":true,"href":"https:\/\/npschmuckwerk.de\/en\/wp-json\/wp\/v2\/product_cat?post=1201"},{"taxonomy":"product_tag","embeddable":true,"href":"https:\/\/npschmuckwerk.de\/en\/wp-json\/wp\/v2\/product_tag?post=1201"}],"curies":[{"name":"wp","href":"https:\/\/api.w.org\/{rel}","templated":true}]}}