{"id":1200,"date":"2025-05-21T14:50:37","date_gmt":"2025-05-21T14:50:37","guid":{"rendered":"https:\/\/npschmuckwerk.de\/?post_type=product&#038;p=1200"},"modified":"2025-07-24T10:50:19","modified_gmt":"2025-07-24T10:50:19","slug":"silberzopfkette-oberflaeche-geschmort-und-geschwaerzt-mit-bicolor-zwischenteil-kristalliener-onyx-in-gelbgold-gefasst","status":"publish","type":"product","link":"https:\/\/npschmuckwerk.de\/en\/product\/silberzopfkette-oberflaeche-geschmort-und-geschwaerzt-mit-bicolor-zwischenteil-kristalliener-onyx-in-gelbgold-gefasst\/","title":{"rendered":"Silberzopfkette, Oberfl\u00e4che geschmort und geschw\u00e4rzt mit Bicolor Zwischenteil, kristalliener Onyx in Gelbgold gefasst"},"content":{"rendered":"<p><strong>Unikat: Silberzopfkette mit geschw\u00e4rzter Oberfl\u00e4che, Bicolor-Zwischenteil, kristallisierter Onyx in Gelbgoldfassung<\/strong><\/p>\n<p>Diese markante Silberzopfkette (2,55 mm) besticht durch ihre einzigartige Oberfl\u00e4che, die durch eine Kombination aus geschmorter und geschw\u00e4rzter Verarbeitung eine rustikale, tiefgr\u00fcndige Textur erh\u00e4lt. Der Bicolor-Zwischenteil (26,71 \u00d7 23,56 \u00d7 4,82 mm) vereint 925er Silber und 585er Gelbgold und tr\u00e4gt einen kristallinen Onyx, der in Gelbgold gefasst ist. Der schwarz glizernde Onyx kontrastiert sch\u00f6n mit dem warmen Goldton und macht das Schmuckst\u00fcck zu einem faszinierenden Unikat. Die Kettenl\u00e4nge betr\u00e4gt 41 cm.<\/p>\n<ul>\n<li><strong>Material:<\/strong> 925 Silber, 585 Gelbgold, kristalliner Onyx<\/li>\n<li><strong>Ma\u00dfe Zwischenteil:<\/strong> 26,71 \u00d7 23,56 \u00d7 4,82 mm<\/li>\n<li><strong>Kettenst\u00e4rke:<\/strong> 2,55 mm<\/li>\n<li><strong>Kettenl\u00e4nge:<\/strong> 41 cm<\/li>\n<li><strong>Gewicht:<\/strong> 13,45 g<\/li>\n<li><strong>Preis:<\/strong> 360,00 \u20ac<\/li>\n<\/ul>\n<p>In kunstvoller Handarbeit gefertigt \u2013 ein Unikat, das edle Materialien mit markantem Design kombiniert.<\/p>","protected":false},"excerpt":{"rendered":"<p>Silberzopfkette mit Bicolor-Zwischenteil und Onyx \u2013 rustikal, edel und handgefertigt.<\/p>","protected":false},"featured_media":1480,"comment_status":"closed","ping_status":"closed","template":"","meta":[],"product_brand":[],"product_cat":[39,41,74,75,38],"product_tag":[],"class_list":{"0":"post-1200","1":"product","2":"type-product","3":"status-publish","4":"has-post-thumbnail","6":"product_cat-halsschmuck","7":"product_cat-kette","8":"product_cat-verkauf-nach-absprache","9":"product_cat-kv","10":"product_cat-unikate","12":"first","13":"instock","14":"virtual","15":"taxable","16":"purchasable","17":"product-type-simple"},"_links":{"self":[{"href":"https:\/\/npschmuckwerk.de\/en\/wp-json\/wp\/v2\/product\/1200","targetHints":{"allow":["GET"]}}],"collection":[{"href":"https:\/\/npschmuckwerk.de\/en\/wp-json\/wp\/v2\/product"}],"about":[{"href":"https:\/\/npschmuckwerk.de\/en\/wp-json\/wp\/v2\/types\/product"}],"replies":[{"embeddable":true,"href":"https:\/\/npschmuckwerk.de\/en\/wp-json\/wp\/v2\/comments?post=1200"}],"wp:featuredmedia":[{"embeddable":true,"href":"https:\/\/npschmuckwerk.de\/en\/wp-json\/wp\/v2\/media\/1480"}],"wp:attachment":[{"href":"https:\/\/npschmuckwerk.de\/en\/wp-json\/wp\/v2\/media?parent=1200"}],"wp:term":[{"taxonomy":"product_brand","embeddable":true,"href":"https:\/\/npschmuckwerk.de\/en\/wp-json\/wp\/v2\/product_brand?post=1200"},{"taxonomy":"product_cat","embeddable":true,"href":"https:\/\/npschmuckwerk.de\/en\/wp-json\/wp\/v2\/product_cat?post=1200"},{"taxonomy":"product_tag","embeddable":true,"href":"https:\/\/npschmuckwerk.de\/en\/wp-json\/wp\/v2\/product_tag?post=1200"}],"curies":[{"name":"wp","href":"https:\/\/api.w.org\/{rel}","templated":true}]}}