{"id":1199,"date":"2025-05-21T14:50:37","date_gmt":"2025-05-21T14:50:37","guid":{"rendered":"https:\/\/npschmuckwerk.de\/?post_type=product&#038;p=1199"},"modified":"2025-07-24T10:50:20","modified_gmt":"2025-07-24T10:50:20","slug":"silbererbskette-bicolor-anhaenger-mit-schiefer-pyrit-tropfen-und-facettiertem-citrin","status":"publish","type":"product","link":"https:\/\/npschmuckwerk.de\/en\/product\/silbererbskette-bicolor-anhaenger-mit-schiefer-pyrit-tropfen-und-facettiertem-citrin\/","title":{"rendered":"Silbererbskette, Bicolor Anh\u00e4nger mit Schiefer &#8211; Pyrit Tropfen und Facettiertem Citrin"},"content":{"rendered":"<p><strong>Unikat: Silber-Erbskette mit Bicolor-Anh\u00e4nger, Schiefer-Pyrit Tropfen und facettiertem Citrin<\/strong><\/p>\n<p>Diese au\u00dfergew\u00f6hnliche Erbskette aus 925er Silber (2 mm St\u00e4rke) tr\u00e4gt einen kunstvoll gestalteten Bicolor-Anh\u00e4nger aus 585er Gelbgold. Der Anh\u00e4nger besteht aus einem Schiefer-Pyrit Tropfen, der durch seine nat\u00fcrliche Struktur und glitzernde Oberfl\u00e4che einen faszinierenden Kontrast zu dem facettierten Citrin (43,57 \u00d7 16,76 \u00d7 6,23 mm) bildet. Diese edlen Materialien sorgen zusammen f\u00fcr ein Unikat, das sowohl rustikale als auch raffinierte Akzente setzt. Die Kettenl\u00e4nge betr\u00e4gt 46 cm, was das Schmuckst\u00fcck zu einem markanten, aber dennoch tragbaren Highlight macht.<\/p>\n<ul>\n<li><strong>Material:<\/strong> 925 Silber, 585 Gelbgold, Schiefer-Pyrit, Citrin<\/li>\n<li><strong>Ma\u00dfe Anh\u00e4nger:<\/strong> 43,57 \u00d7 16,76 \u00d7 6,23 mm<\/li>\n<li><strong>Kettenst\u00e4rke:<\/strong> 2 mm<\/li>\n<li><strong>Kettenl\u00e4nge:<\/strong> 46 cm<\/li>\n<li><strong>Gewicht:<\/strong> 14,33 g<\/li>\n<li><strong>Preis:<\/strong> 319,00 \u20ac<\/li>\n<\/ul>\n<p>In sorgf\u00e4ltiger Handarbeit gefertigt \u2013 ein Unikat, das rustikale und elegante Elemente gekonnt vereint.<\/p>","protected":false},"excerpt":{"rendered":"<p>Silber-Erbskette mit Bicolor-Anh\u00e4nger, Schiefer-Pyrit und Citrin \u2013 einzigartig, edel und handgefertigt.<\/p>","protected":false},"featured_media":929,"comment_status":"closed","ping_status":"closed","template":"","meta":[],"product_brand":[],"product_cat":[38,39,41,74,75],"product_tag":[],"class_list":{"0":"post-1199","1":"product","2":"type-product","3":"status-publish","4":"has-post-thumbnail","6":"product_cat-unikate","7":"product_cat-halsschmuck","8":"product_cat-kette","9":"product_cat-verkauf-nach-absprache","10":"product_cat-kv","12":"first","13":"instock","14":"virtual","15":"taxable","16":"purchasable","17":"product-type-simple"},"_links":{"self":[{"href":"https:\/\/npschmuckwerk.de\/en\/wp-json\/wp\/v2\/product\/1199","targetHints":{"allow":["GET"]}}],"collection":[{"href":"https:\/\/npschmuckwerk.de\/en\/wp-json\/wp\/v2\/product"}],"about":[{"href":"https:\/\/npschmuckwerk.de\/en\/wp-json\/wp\/v2\/types\/product"}],"replies":[{"embeddable":true,"href":"https:\/\/npschmuckwerk.de\/en\/wp-json\/wp\/v2\/comments?post=1199"}],"wp:featuredmedia":[{"embeddable":true,"href":"https:\/\/npschmuckwerk.de\/en\/wp-json\/wp\/v2\/media\/929"}],"wp:attachment":[{"href":"https:\/\/npschmuckwerk.de\/en\/wp-json\/wp\/v2\/media?parent=1199"}],"wp:term":[{"taxonomy":"product_brand","embeddable":true,"href":"https:\/\/npschmuckwerk.de\/en\/wp-json\/wp\/v2\/product_brand?post=1199"},{"taxonomy":"product_cat","embeddable":true,"href":"https:\/\/npschmuckwerk.de\/en\/wp-json\/wp\/v2\/product_cat?post=1199"},{"taxonomy":"product_tag","embeddable":true,"href":"https:\/\/npschmuckwerk.de\/en\/wp-json\/wp\/v2\/product_tag?post=1199"}],"curies":[{"name":"wp","href":"https:\/\/api.w.org\/{rel}","templated":true}]}}