{"id":1198,"date":"2025-05-21T14:50:37","date_gmt":"2025-05-21T14:50:37","guid":{"rendered":"https:\/\/npschmuckwerk.de\/?post_type=product&#038;p=1198"},"modified":"2025-07-24T10:50:19","modified_gmt":"2025-07-24T10:50:19","slug":"silber-erbskette-mit-silberzwischenteil-norwegischem-schiefer-und-geschmorter-geschwaerzter-oberflaeche","status":"publish","type":"product","link":"https:\/\/npschmuckwerk.de\/en\/product\/silber-erbskette-mit-silberzwischenteil-norwegischem-schiefer-und-geschmorter-geschwaerzter-oberflaeche\/","title":{"rendered":"Silber &#8211; Erbskette mit Silberzwischenteil, Norwegischem Schiefer und geschmorter\/geschw\u00e4rzter Oberfl\u00e4che"},"content":{"rendered":"<p><strong>Unikat: Silber-Erbskette mit Norwegischem Schiefer und geschmorter\/geschw\u00e4rzter Oberfl\u00e4che<\/strong><\/p>\n<p>Diese au\u00dfergew\u00f6hnliche Erbskette aus 925er Silber (2,5 mm St\u00e4rke) kombiniert das k\u00fchle Metall mit einem einzigartigen Zwischenteil aus Norwegischem Schiefer. Die Kombination aus geschmorter und geschw\u00e4rzter Oberfl\u00e4che verleiht dem Schmuckst\u00fcck eine markante, industriell inspirierte \u00c4sthetik. Das Zwischenteil misst 23,39 \u00d7 27,32 \u00d7 4,52 mm und hebt sich mit seiner nat\u00fcrlichen Struktur und Farbe von der silbernen Kette ab. Die Kettenl\u00e4nge betr\u00e4gt 53 cm und bietet einen komfortablen Sitz.<\/p>\n<ul>\n<li><strong>Material:<\/strong> 925 Silber, Norwegischer Schiefer<\/li>\n<li><strong>Ma\u00dfe Zwischenteil:<\/strong> 23,39 \u00d7 27,32 \u00d7 4,52 mm<\/li>\n<li><strong>Kettenst\u00e4rke:<\/strong> 2,5 mm<\/li>\n<li><strong>Kettenl\u00e4nge:<\/strong> 53 cm<\/li>\n<li><strong>Gewicht:<\/strong> 14,91 g<\/li>\n<li><strong>Preis:<\/strong> 390,00 \u20ac<\/li>\n<\/ul>\n<p>In kunstvoller Handarbeit gefertigt \u2013 ein Unikat mit einzigartigem Charme und nat\u00fcrlicher Eleganz.<\/p>","protected":false},"excerpt":{"rendered":"<p>Silber-Erbskette mit Norwegischem Schiefer \u2013 markant, einzigartig und handgefertigt.<\/p>","protected":false},"featured_media":1478,"comment_status":"closed","ping_status":"closed","template":"","meta":[],"product_brand":[],"product_cat":[39,41,74,75,38],"product_tag":[],"class_list":{"0":"post-1198","1":"product","2":"type-product","3":"status-publish","4":"has-post-thumbnail","6":"product_cat-halsschmuck","7":"product_cat-kette","8":"product_cat-verkauf-nach-absprache","9":"product_cat-kv","10":"product_cat-unikate","12":"first","13":"instock","14":"virtual","15":"taxable","16":"purchasable","17":"product-type-simple"},"_links":{"self":[{"href":"https:\/\/npschmuckwerk.de\/en\/wp-json\/wp\/v2\/product\/1198","targetHints":{"allow":["GET"]}}],"collection":[{"href":"https:\/\/npschmuckwerk.de\/en\/wp-json\/wp\/v2\/product"}],"about":[{"href":"https:\/\/npschmuckwerk.de\/en\/wp-json\/wp\/v2\/types\/product"}],"replies":[{"embeddable":true,"href":"https:\/\/npschmuckwerk.de\/en\/wp-json\/wp\/v2\/comments?post=1198"}],"wp:featuredmedia":[{"embeddable":true,"href":"https:\/\/npschmuckwerk.de\/en\/wp-json\/wp\/v2\/media\/1478"}],"wp:attachment":[{"href":"https:\/\/npschmuckwerk.de\/en\/wp-json\/wp\/v2\/media?parent=1198"}],"wp:term":[{"taxonomy":"product_brand","embeddable":true,"href":"https:\/\/npschmuckwerk.de\/en\/wp-json\/wp\/v2\/product_brand?post=1198"},{"taxonomy":"product_cat","embeddable":true,"href":"https:\/\/npschmuckwerk.de\/en\/wp-json\/wp\/v2\/product_cat?post=1198"},{"taxonomy":"product_tag","embeddable":true,"href":"https:\/\/npschmuckwerk.de\/en\/wp-json\/wp\/v2\/product_tag?post=1198"}],"curies":[{"name":"wp","href":"https:\/\/api.w.org\/{rel}","templated":true}]}}