{"id":1197,"date":"2025-05-21T14:50:37","date_gmt":"2025-05-21T14:50:37","guid":{"rendered":"https:\/\/npschmuckwerk.de\/?post_type=product&#038;p=1197"},"modified":"2025-07-24T10:50:17","modified_gmt":"2025-07-24T10:50:17","slug":"gelbgoldzopfkette-mit-gelbgoldherz-und-braunem-diamanttropfen-ca-010ct","status":"publish","type":"product","link":"https:\/\/npschmuckwerk.de\/en\/product\/gelbgoldzopfkette-mit-gelbgoldherz-und-braunem-diamanttropfen-ca-010ct\/","title":{"rendered":"Gelbgoldzopfkette mit Gelbgoldherz und braunem Diamanttropfen (ca. 0,10ct)"},"content":{"rendered":"<p><strong>Gelbgoldzopfkette mit Gelbgoldherz und braunem Diamanttropfen (ca. 0,10 ct)<\/strong><\/p>\n<p>Diese edle Gelbgoldzopfkette (1,1 mm dick) tr\u00e4gt einen zarten Anh\u00e4nger in Herzform aus 585er Gelbgold. Der braune Diamanttropfen (ca. 0,10 ct) an feiner \u00d6se verleiht dem Schmuckst\u00fcck ein edles Funkeln. Der Anh\u00e4nger misst 10,85 \u00d7 8,53 \u00d7 3,28 mm und passt perfekt zur schlichten Eleganz der Kette (42 cm L\u00e4nge). Das warm schimmernde Gelbgold und der naturfarbene Diamanttropfen sorgen f\u00fcr ein klassisches, zeitlos sch\u00f6nes Design.<\/p>\n<ul>\n<li><strong>Material:<\/strong> 585 Gelbgold, brauner Diamant (ca. 0,10 ct)<\/li>\n<li><strong>Ma\u00dfe Anh\u00e4nger:<\/strong> 10,85 \u00d7 8,53 \u00d7 3,28 mm<\/li>\n<li><strong>Kettenst\u00e4rke:<\/strong> 1,1 mm<\/li>\n<li><strong>Kettenl\u00e4nge:<\/strong> 42 cm<\/li>\n<li><strong>Gewicht:<\/strong> 3,31 g<\/li>\n<li><strong>Preis:<\/strong> Kette 559,00 \u20ac, Anh\u00e4nger 330,00 \u20ac (Gesamt: 889,00 \u20ac)<\/li>\n<\/ul>\n<p>In sorgf\u00e4ltiger Handarbeit gefertigt \u2013 ein zeitloser Klassiker, der Stil und Eleganz vereint.<\/p>","protected":false},"excerpt":{"rendered":"<p>Gelbgoldzopfkette mit Herzanh\u00e4nger und Diamanttropfen \u2013 edel, funkelnd und handgefertigt.<\/p>","protected":false},"featured_media":1477,"comment_status":"closed","ping_status":"closed","template":"","meta":[],"product_brand":[],"product_cat":[39,41,74,75],"product_tag":[],"class_list":{"0":"post-1197","1":"product","2":"type-product","3":"status-publish","4":"has-post-thumbnail","6":"product_cat-halsschmuck","7":"product_cat-kette","8":"product_cat-verkauf-nach-absprache","9":"product_cat-kv","11":"first","12":"instock","13":"virtual","14":"taxable","15":"purchasable","16":"product-type-simple"},"_links":{"self":[{"href":"https:\/\/npschmuckwerk.de\/en\/wp-json\/wp\/v2\/product\/1197","targetHints":{"allow":["GET"]}}],"collection":[{"href":"https:\/\/npschmuckwerk.de\/en\/wp-json\/wp\/v2\/product"}],"about":[{"href":"https:\/\/npschmuckwerk.de\/en\/wp-json\/wp\/v2\/types\/product"}],"replies":[{"embeddable":true,"href":"https:\/\/npschmuckwerk.de\/en\/wp-json\/wp\/v2\/comments?post=1197"}],"wp:featuredmedia":[{"embeddable":true,"href":"https:\/\/npschmuckwerk.de\/en\/wp-json\/wp\/v2\/media\/1477"}],"wp:attachment":[{"href":"https:\/\/npschmuckwerk.de\/en\/wp-json\/wp\/v2\/media?parent=1197"}],"wp:term":[{"taxonomy":"product_brand","embeddable":true,"href":"https:\/\/npschmuckwerk.de\/en\/wp-json\/wp\/v2\/product_brand?post=1197"},{"taxonomy":"product_cat","embeddable":true,"href":"https:\/\/npschmuckwerk.de\/en\/wp-json\/wp\/v2\/product_cat?post=1197"},{"taxonomy":"product_tag","embeddable":true,"href":"https:\/\/npschmuckwerk.de\/en\/wp-json\/wp\/v2\/product_tag?post=1197"}],"curies":[{"name":"wp","href":"https:\/\/api.w.org\/{rel}","templated":true}]}}