{"id":1196,"date":"2025-05-21T14:50:37","date_gmt":"2025-05-21T14:50:37","guid":{"rendered":"https:\/\/npschmuckwerk.de\/?post_type=product&#038;p=1196"},"modified":"2025-07-24T10:50:17","modified_gmt":"2025-07-24T10:50:17","slug":"zopfkette-silber-mit-bicoloranhaenger-und-facettiertem-citrin","status":"publish","type":"product","link":"https:\/\/npschmuckwerk.de\/en\/product\/zopfkette-silber-mit-bicoloranhaenger-und-facettiertem-citrin\/","title":{"rendered":"Zopfkette, Silber mit Bicoloranh\u00e4nger und facettiertem Citrin"},"content":{"rendered":"<p><strong>Silber-Zopfkette mit Bicolor-Anh\u00e4nger und facettiertem Citrin<\/strong><\/p>\n<p>Diese elegante Zopfkette aus 925er Silber (Kettenst\u00e4rke 2,4 mm) kombiniert gl\u00e4nzendes Silber mit einem auff\u00e4lligen Bicolor-Anh\u00e4nger aus 585er Gelbgold und 925 Silber. Im Zentrum des Anh\u00e4ngers befindet sich ein facettierter Citrin, der mit seinem warmen Goldton und der lebendigen, honiggelben Farbe das Schmuckst\u00fcck zum strahlenden Mittelpunkt macht. Der Anh\u00e4nger misst 20,38 \u00d7 20,38 \u00d7 9,8 mm und ist ein echter Blickfang. Die Kettenl\u00e4nge betr\u00e4gt 47 cm.<\/p>\n<ul>\n<li><strong>Material:<\/strong> 925 Silber, 585 Gelbgold, Citrin<\/li>\n<li><strong>Ma\u00dfe Anh\u00e4nger:<\/strong> 20,38 \u00d7 20,38 \u00d7 9,8 mm<\/li>\n<li><strong>Kettenst\u00e4rke:<\/strong> 2,4 mm<\/li>\n<li><strong>Kettenl\u00e4nge:<\/strong> 47 cm<\/li>\n<li><strong>Gewicht:<\/strong> 18,01 g<\/li>\n<li><strong>Preis:<\/strong> 620,00 \u20ac<\/li>\n<\/ul>\n<p>In sorgf\u00e4ltiger Handarbeit gefertigt \u2013 ein harmonisches Schmuckst\u00fcck mit nat\u00fcrlicher Farbintensit\u00e4t und edlem Design.<\/p>","protected":false},"excerpt":{"rendered":"<p>Silber-Zopfkette mit Bicolor-Anh\u00e4nger und Citrin \u2013 strahlend, edel und handgefertigt.<\/p>","protected":false},"featured_media":1476,"comment_status":"closed","ping_status":"closed","template":"","meta":[],"product_brand":[],"product_cat":[39,41,74,75],"product_tag":[],"class_list":{"0":"post-1196","1":"product","2":"type-product","3":"status-publish","4":"has-post-thumbnail","6":"product_cat-halsschmuck","7":"product_cat-kette","8":"product_cat-verkauf-nach-absprache","9":"product_cat-kv","11":"first","12":"outofstock","13":"virtual","14":"taxable","15":"purchasable","16":"product-type-simple"},"_links":{"self":[{"href":"https:\/\/npschmuckwerk.de\/en\/wp-json\/wp\/v2\/product\/1196","targetHints":{"allow":["GET"]}}],"collection":[{"href":"https:\/\/npschmuckwerk.de\/en\/wp-json\/wp\/v2\/product"}],"about":[{"href":"https:\/\/npschmuckwerk.de\/en\/wp-json\/wp\/v2\/types\/product"}],"replies":[{"embeddable":true,"href":"https:\/\/npschmuckwerk.de\/en\/wp-json\/wp\/v2\/comments?post=1196"}],"wp:featuredmedia":[{"embeddable":true,"href":"https:\/\/npschmuckwerk.de\/en\/wp-json\/wp\/v2\/media\/1476"}],"wp:attachment":[{"href":"https:\/\/npschmuckwerk.de\/en\/wp-json\/wp\/v2\/media?parent=1196"}],"wp:term":[{"taxonomy":"product_brand","embeddable":true,"href":"https:\/\/npschmuckwerk.de\/en\/wp-json\/wp\/v2\/product_brand?post=1196"},{"taxonomy":"product_cat","embeddable":true,"href":"https:\/\/npschmuckwerk.de\/en\/wp-json\/wp\/v2\/product_cat?post=1196"},{"taxonomy":"product_tag","embeddable":true,"href":"https:\/\/npschmuckwerk.de\/en\/wp-json\/wp\/v2\/product_tag?post=1196"}],"curies":[{"name":"wp","href":"https:\/\/api.w.org\/{rel}","templated":true}]}}