{"id":1195,"date":"2025-05-21T14:50:36","date_gmt":"2025-05-21T14:50:36","guid":{"rendered":"https:\/\/npschmuckwerk.de\/?post_type=product&#038;p=1195"},"modified":"2025-07-24T10:50:16","modified_gmt":"2025-07-24T10:50:16","slug":"zopfkette-gelbgold-mit-bicolor-rauchquarzanhaenger","status":"publish","type":"product","link":"https:\/\/npschmuckwerk.de\/en\/product\/zopfkette-gelbgold-mit-bicolor-rauchquarzanhaenger\/","title":{"rendered":"Zopfkette , Gelbgold mit Bicolor Rauchquarzanh\u00e4nger"},"content":{"rendered":"<p><strong>Gelbgold-Zopfkette mit Bicolor-Rauchquarzanh\u00e4nger<\/strong><\/p>\n<p>Diese raffinierte Zopfkette aus 925er Silber und 585er Gelbgold (Kettenst\u00e4rke: 2,2 mm) tr\u00e4gt einen auff\u00e4lligen Bicolor-Anh\u00e4nger, der mit einem facettierten Rauchquarz (29,38 \u00d7 18,86 mm) in einer Kombination aus Silber und Gelbgold umrahmt wird. Der Anh\u00e4nger hebt den nat\u00fcrlichen Glanz des Quarzes hervor und bringt die zarten T\u00f6ne des Steins mit den warmen Farben des Goldes in Einklang. Der Anh\u00e4nger wiegt 11,75 g und gibt der Kette (42 cm L\u00e4nge) eine besondere Eleganz.<\/p>\n<ul>\n<li><strong>Material:<\/strong> 925 Silber, 585 Gelbgold, Rauchquarz<\/li>\n<li><strong>Ma\u00dfe Anh\u00e4nger:<\/strong> 29,38 \u00d7 18,86 mm<\/li>\n<li><strong>Kettenst\u00e4rke:<\/strong> 2,2 mm<\/li>\n<li><strong>Kettenl\u00e4nge:<\/strong> 42 cm<\/li>\n<li><strong>Gewicht:<\/strong> Kette 3,98 g, Anh\u00e4nger 11,75 g<\/li>\n<li><strong>Preis:<\/strong> Kette 790,00 \u20ac, Anh\u00e4nger 750,00 \u20ac (Gesamt: 1.540,00 \u20ac)<\/li>\n<\/ul>\n<p>Ein handgefertigtes Unikat \u2013 harmonisch, edel und mit edlen Materialien gearbeitet.<\/p>","protected":false},"excerpt":{"rendered":"<p>Gelbgold-Zopfkette mit Bicolor-Rauchquarzanh\u00e4nger \u2013 elegant, funkelnd &amp; handgefertigt.<\/p>","protected":false},"featured_media":1475,"comment_status":"closed","ping_status":"closed","template":"","meta":[],"product_brand":[],"product_cat":[39,41,74,75],"product_tag":[],"class_list":{"0":"post-1195","1":"product","2":"type-product","3":"status-publish","4":"has-post-thumbnail","6":"product_cat-halsschmuck","7":"product_cat-kette","8":"product_cat-verkauf-nach-absprache","9":"product_cat-kv","11":"first","12":"instock","13":"virtual","14":"taxable","15":"purchasable","16":"product-type-simple"},"_links":{"self":[{"href":"https:\/\/npschmuckwerk.de\/en\/wp-json\/wp\/v2\/product\/1195","targetHints":{"allow":["GET"]}}],"collection":[{"href":"https:\/\/npschmuckwerk.de\/en\/wp-json\/wp\/v2\/product"}],"about":[{"href":"https:\/\/npschmuckwerk.de\/en\/wp-json\/wp\/v2\/types\/product"}],"replies":[{"embeddable":true,"href":"https:\/\/npschmuckwerk.de\/en\/wp-json\/wp\/v2\/comments?post=1195"}],"wp:featuredmedia":[{"embeddable":true,"href":"https:\/\/npschmuckwerk.de\/en\/wp-json\/wp\/v2\/media\/1475"}],"wp:attachment":[{"href":"https:\/\/npschmuckwerk.de\/en\/wp-json\/wp\/v2\/media?parent=1195"}],"wp:term":[{"taxonomy":"product_brand","embeddable":true,"href":"https:\/\/npschmuckwerk.de\/en\/wp-json\/wp\/v2\/product_brand?post=1195"},{"taxonomy":"product_cat","embeddable":true,"href":"https:\/\/npschmuckwerk.de\/en\/wp-json\/wp\/v2\/product_cat?post=1195"},{"taxonomy":"product_tag","embeddable":true,"href":"https:\/\/npschmuckwerk.de\/en\/wp-json\/wp\/v2\/product_tag?post=1195"}],"curies":[{"name":"wp","href":"https:\/\/api.w.org\/{rel}","templated":true}]}}