{"id":1191,"date":"2025-05-21T14:50:36","date_gmt":"2025-05-21T14:50:36","guid":{"rendered":"https:\/\/npschmuckwerk.de\/?post_type=product&#038;p=1191"},"modified":"2025-07-24T10:50:16","modified_gmt":"2025-07-24T10:50:16","slug":"peridothkette-mit-silber-vergoldeten-elementen-gruener-perle-und-bicolor-silber-gelbgoldanhaenger-labradorith-stein","status":"publish","type":"product","link":"https:\/\/npschmuckwerk.de\/en\/product\/peridothkette-mit-silber-vergoldeten-elementen-gruener-perle-und-bicolor-silber-gelbgoldanhaenger-labradorith-stein\/","title":{"rendered":"Peridothkette mit Silber vergoldeten Elementen gr\u00fcner Perle und Bicolor Silber\/Gelbgoldanh\u00e4nger Labradorith Stein"},"content":{"rendered":"<p><strong>Unikat: Peridothkette mit vergoldeten Elementen, gr\u00fcner Perle und Bicolor-Anh\u00e4nger mit Labradorith<\/strong><\/p>\n<p>Diese einzigartige Kette vereint frisches Gr\u00fcn, nat\u00fcrliche Tiefe und edle Metalle zu einem harmonischen Gesamtbild. Die facettierten Peridothelemente (ca. 3,84 \u00d7 1,92 mm) werden von vergoldeten Silberelementen und einer gr\u00fcnen Perle (10,96 \u00d7 8,30 mm) rhythmisch akzentuiert. Im Mittelpunkt steht ein Bicolor-Anh\u00e4nger aus 925er Silber, 585er Gelbgold und einem schimmernden Labradorith \u2013 geheimnisvoll und lichtempfindlich zugleich. Der Anh\u00e4nger misst 26,32 \u00d7 15,01 \u00d7 5,57 mm und setzt einen eindrucksvollen, aber nat\u00fcrlichen Akzent.<\/p>\n<ul>\n<li><strong>Material:<\/strong> 925 Silber, Silber vergoldet, 585 Gelbgold, Peridot, gr\u00fcne Perle, Labradorith<\/li>\n<li><strong>Ma\u00dfe Kette:<\/strong> ca. 3,84 \u00d7 1,92 mm<\/li>\n<li><strong>Ma\u00dfe Perle:<\/strong> 10,96 \u00d7 8,30 mm<\/li>\n<li><strong>Ma\u00dfe Anh\u00e4nger:<\/strong> 26,32 \u00d7 15,01 \u00d7 5,57 mm<\/li>\n<li><strong>Kettenl\u00e4nge:<\/strong> 48 cm<\/li>\n<li><strong>Gewicht:<\/strong> 17,12 g<\/li>\n<li><strong>Preis:<\/strong> 930,00 \u20ac<\/li>\n<\/ul>\n<p>In aufwendiger Handarbeit gefertigt \u2013 ein farbenfrohes Unikat mit feinem Edelsteinspiel und hochwertigem Bicolor-Kontrast.<\/p>","protected":false},"excerpt":{"rendered":"<p>Peridothkette mit gr\u00fcner Perle &amp; Bicolor-Anh\u00e4nger mit Labradorith \u2013 leuchtend, edel &amp; handgefertigt.<\/p>","protected":false},"featured_media":1471,"comment_status":"closed","ping_status":"closed","template":"","meta":[],"product_brand":[],"product_cat":[75,38,39,41,74],"product_tag":[],"class_list":{"0":"post-1191","1":"product","2":"type-product","3":"status-publish","4":"has-post-thumbnail","6":"product_cat-kv","7":"product_cat-unikate","8":"product_cat-halsschmuck","9":"product_cat-kette","10":"product_cat-verkauf-nach-absprache","12":"first","13":"instock","14":"virtual","15":"taxable","16":"purchasable","17":"product-type-simple"},"_links":{"self":[{"href":"https:\/\/npschmuckwerk.de\/en\/wp-json\/wp\/v2\/product\/1191","targetHints":{"allow":["GET"]}}],"collection":[{"href":"https:\/\/npschmuckwerk.de\/en\/wp-json\/wp\/v2\/product"}],"about":[{"href":"https:\/\/npschmuckwerk.de\/en\/wp-json\/wp\/v2\/types\/product"}],"replies":[{"embeddable":true,"href":"https:\/\/npschmuckwerk.de\/en\/wp-json\/wp\/v2\/comments?post=1191"}],"wp:featuredmedia":[{"embeddable":true,"href":"https:\/\/npschmuckwerk.de\/en\/wp-json\/wp\/v2\/media\/1471"}],"wp:attachment":[{"href":"https:\/\/npschmuckwerk.de\/en\/wp-json\/wp\/v2\/media?parent=1191"}],"wp:term":[{"taxonomy":"product_brand","embeddable":true,"href":"https:\/\/npschmuckwerk.de\/en\/wp-json\/wp\/v2\/product_brand?post=1191"},{"taxonomy":"product_cat","embeddable":true,"href":"https:\/\/npschmuckwerk.de\/en\/wp-json\/wp\/v2\/product_cat?post=1191"},{"taxonomy":"product_tag","embeddable":true,"href":"https:\/\/npschmuckwerk.de\/en\/wp-json\/wp\/v2\/product_tag?post=1191"}],"curies":[{"name":"wp","href":"https:\/\/api.w.org\/{rel}","templated":true}]}}