{"id":1189,"date":"2025-05-21T14:50:36","date_gmt":"2025-05-21T14:50:36","guid":{"rendered":"https:\/\/npschmuckwerk.de\/?post_type=product&#038;p=1189"},"modified":"2025-07-24T10:50:19","modified_gmt":"2025-07-24T10:50:19","slug":"rubbelithkette-mit-rosa-turmalin","status":"publish","type":"product","link":"https:\/\/npschmuckwerk.de\/en\/product\/rubbelithkette-mit-rosa-turmalin\/","title":{"rendered":"Rubbelithkette mit rosa Turmalin"},"content":{"rendered":"<p><strong>Rubellithkette mit rosa Turmalin-Anh\u00e4nger<\/strong><\/p>\n<p>Diese feine Kette vereint den intensiven Farbcharakter von Rubellith mit einem zartrosa Turmalin-Anh\u00e4nger. Die rund geschliffenen Rubellith-Elemente (ca. 3 \u00d7 2,2 mm) verleihen dem Schmuckst\u00fcck eine lebendige Tiefe, w\u00e4hrend der Anh\u00e4nger mit offener Kugel (\u00d8 au\u00dfen 14,5 mm, Kugeldicke 2,5 mm) das Licht sanft aufnimmt. Im Zentrum sitzt ein rosa Turmalin in ovaler Form (12,14 \u00d7 5,63 mm), der die Komposition abrundet. Die Kette misst 44,5 cm in der L\u00e4nge.<\/p>\n<ul>\n<li><strong>Material:<\/strong> 925 Silber, Rubellith, rosa Turmalin<\/li>\n<li><strong>Ma\u00dfe Kette:<\/strong> ca. 3 \u00d7 2,2 mm<\/li>\n<li><strong>Ma\u00dfe Anh\u00e4nger:<\/strong> Kugel \u00d8 14,5 mm, Kugeldicke 2,5 mm, Turmalin 12,14 \u00d7 5,63 mm<\/li>\n<li><strong>Kettenl\u00e4nge:<\/strong> 44,5 cm<\/li>\n<li><strong>Gewicht:<\/strong> 8,51 g<\/li>\n<li><strong>Preis:<\/strong> 399,00 \u20ac<\/li>\n<\/ul>\n<p>In liebevoller Handarbeit gefertigt \u2013 ein lebendiges Schmuckst\u00fcck mit feinen Ros\u00e9-T\u00f6nen und nat\u00fcrlichem Glanz.<\/p>","protected":false},"excerpt":{"rendered":"<p>Rubellithkette mit rosa Turmalin \u2013 farbintensiv, zart und handgefertigt.<\/p>","protected":false},"featured_media":919,"comment_status":"closed","ping_status":"closed","template":"","meta":[],"product_brand":[],"product_cat":[39,41,74,75],"product_tag":[],"class_list":{"0":"post-1189","1":"product","2":"type-product","3":"status-publish","4":"has-post-thumbnail","6":"product_cat-halsschmuck","7":"product_cat-kette","8":"product_cat-verkauf-nach-absprache","9":"product_cat-kv","11":"first","12":"instock","13":"virtual","14":"taxable","15":"purchasable","16":"product-type-simple"},"_links":{"self":[{"href":"https:\/\/npschmuckwerk.de\/en\/wp-json\/wp\/v2\/product\/1189","targetHints":{"allow":["GET"]}}],"collection":[{"href":"https:\/\/npschmuckwerk.de\/en\/wp-json\/wp\/v2\/product"}],"about":[{"href":"https:\/\/npschmuckwerk.de\/en\/wp-json\/wp\/v2\/types\/product"}],"replies":[{"embeddable":true,"href":"https:\/\/npschmuckwerk.de\/en\/wp-json\/wp\/v2\/comments?post=1189"}],"wp:featuredmedia":[{"embeddable":true,"href":"https:\/\/npschmuckwerk.de\/en\/wp-json\/wp\/v2\/media\/919"}],"wp:attachment":[{"href":"https:\/\/npschmuckwerk.de\/en\/wp-json\/wp\/v2\/media?parent=1189"}],"wp:term":[{"taxonomy":"product_brand","embeddable":true,"href":"https:\/\/npschmuckwerk.de\/en\/wp-json\/wp\/v2\/product_brand?post=1189"},{"taxonomy":"product_cat","embeddable":true,"href":"https:\/\/npschmuckwerk.de\/en\/wp-json\/wp\/v2\/product_cat?post=1189"},{"taxonomy":"product_tag","embeddable":true,"href":"https:\/\/npschmuckwerk.de\/en\/wp-json\/wp\/v2\/product_tag?post=1189"}],"curies":[{"name":"wp","href":"https:\/\/api.w.org\/{rel}","templated":true}]}}