{"id":1188,"date":"2025-05-21T14:50:35","date_gmt":"2025-05-21T14:50:35","guid":{"rendered":"https:\/\/npschmuckwerk.de\/?post_type=product&#038;p=1188"},"modified":"2025-07-24T10:50:18","modified_gmt":"2025-07-24T10:50:18","slug":"turmalinkette-mit-bicolor-anhaenger-und-turmalin-facettiert","status":"publish","type":"product","link":"https:\/\/npschmuckwerk.de\/en\/product\/turmalinkette-mit-bicolor-anhaenger-und-turmalin-facettiert\/","title":{"rendered":"Turmalinkette mit Bicolor Anh\u00e4nger und Turmalin facettiert"},"content":{"rendered":"<p><strong>Turmalinkette mit Bicolor-Anh\u00e4nger und facettiertem Turmalin<\/strong><\/p>\n<p>Diese elegante Kette kombiniert den nat\u00fcrlichen Farbzauber von Turmalin mit edlen Metallen: Die Turmalinkette mit feinen Elementen (ca. 3,6 \u00d7 1,7 mm) tr\u00e4gt einen runden Bicolor-Anh\u00e4nger aus 925er Silber und 585er Gelbgold. Im Zentrum des Anh\u00e4ngers sitzt ein facettierter Turmalin (5 mm Durchmesser), der mit seinem lebendigen Farbspiel einen harmonischen Akzent setzt. Der Anh\u00e4nger selbst misst 9,83 mm im Durchmesser bei einer H\u00f6he von 4,39 mm.<\/p>\n<ul>\n<li><strong>Material:<\/strong> 925 Silber, 585 Gelbgold, Turmalin<\/li>\n<li><strong>Ma\u00dfe Anh\u00e4nger:<\/strong> \u00d8 9,83 mm, H\u00f6he 4,39 mm<\/li>\n<li><strong>Ma\u00dfe Kette:<\/strong> ca. 3,6 \u00d7 1,7 mm<\/li>\n<li><strong>Kettenl\u00e4nge:<\/strong> 43 cm<\/li>\n<li><strong>Gewicht:<\/strong> 13,15 g<\/li>\n<li><strong>Preis:<\/strong> 490,00 \u20ac<\/li>\n<\/ul>\n<p>Handgefertigt mit feinem Gesp\u00fcr f\u00fcr Farbe und Form \u2013 ein harmonisches Schmuckst\u00fcck mit nat\u00fcrlicher Leuchtkraft.<\/p>","protected":false},"excerpt":{"rendered":"<p>Turmalinkette mit Bicolor-Anh\u00e4nger \u2013 facettiert, farbintensiv und handgefertigt.<\/p>","protected":false},"featured_media":1467,"comment_status":"closed","ping_status":"closed","template":"","meta":[],"product_brand":[],"product_cat":[41,74,75,39],"product_tag":[],"class_list":{"0":"post-1188","1":"product","2":"type-product","3":"status-publish","4":"has-post-thumbnail","6":"product_cat-kette","7":"product_cat-verkauf-nach-absprache","8":"product_cat-kv","9":"product_cat-halsschmuck","11":"first","12":"instock","13":"virtual","14":"taxable","15":"purchasable","16":"product-type-simple"},"_links":{"self":[{"href":"https:\/\/npschmuckwerk.de\/en\/wp-json\/wp\/v2\/product\/1188","targetHints":{"allow":["GET"]}}],"collection":[{"href":"https:\/\/npschmuckwerk.de\/en\/wp-json\/wp\/v2\/product"}],"about":[{"href":"https:\/\/npschmuckwerk.de\/en\/wp-json\/wp\/v2\/types\/product"}],"replies":[{"embeddable":true,"href":"https:\/\/npschmuckwerk.de\/en\/wp-json\/wp\/v2\/comments?post=1188"}],"wp:featuredmedia":[{"embeddable":true,"href":"https:\/\/npschmuckwerk.de\/en\/wp-json\/wp\/v2\/media\/1467"}],"wp:attachment":[{"href":"https:\/\/npschmuckwerk.de\/en\/wp-json\/wp\/v2\/media?parent=1188"}],"wp:term":[{"taxonomy":"product_brand","embeddable":true,"href":"https:\/\/npschmuckwerk.de\/en\/wp-json\/wp\/v2\/product_brand?post=1188"},{"taxonomy":"product_cat","embeddable":true,"href":"https:\/\/npschmuckwerk.de\/en\/wp-json\/wp\/v2\/product_cat?post=1188"},{"taxonomy":"product_tag","embeddable":true,"href":"https:\/\/npschmuckwerk.de\/en\/wp-json\/wp\/v2\/product_tag?post=1188"}],"curies":[{"name":"wp","href":"https:\/\/api.w.org\/{rel}","templated":true}]}}