{"id":1187,"date":"2025-05-21T14:50:35","date_gmt":"2025-05-21T14:50:35","guid":{"rendered":"https:\/\/npschmuckwerk.de\/?post_type=product&#038;p=1187"},"modified":"2025-07-24T10:50:19","modified_gmt":"2025-07-24T10:50:19","slug":"zirkonkette-mit-rosa-beige-turmalin-und-mondsteintropfen","status":"publish","type":"product","link":"https:\/\/npschmuckwerk.de\/en\/product\/zirkonkette-mit-rosa-beige-turmalin-und-mondsteintropfen\/","title":{"rendered":"Zirkonkette mit rosa\/beige Turmalin und Mondsteintropfen"},"content":{"rendered":"<p><strong>Zirkonkette mit rosa\/beigem Turmalin und Mondstein-Tropfen<\/strong><\/p>\n<p>Diese feine Zirkonkette aus 925er Silber vereint sanfte Farben und zarten Glanz. Der Anh\u00e4nger kombiniert einen facettierten Turmalin in Ros\u00e9- und Beiget\u00f6nen mit einem harmonisch dazu passenden Mondstein-Tropfen. Die nat\u00fcrlichen Farbverl\u00e4ufe des Turmalins und das weiche Leuchten des Mondsteins verleihen dem Schmuckst\u00fcck eine feminine, fast poetische Ausstrahlung. Die funkelnden Zirkone (ca. 3 \u00d7 1,7 mm) runden das Gesamtbild elegant ab.<\/p>\n<ul>\n<li><strong>Material:<\/strong> 925 Silber, Turmalin, Mondstein, Zirkon<\/li>\n<li><strong>Ma\u00dfe Anh\u00e4nger:<\/strong> 22,62 \u00d7 12,07 \u00d7 6,34 mm<\/li>\n<li><strong>Kettenma\u00df:<\/strong> ca. 3 \u00d7 1,7 mm<\/li>\n<li><strong>Kettenl\u00e4nge:<\/strong> 40 cm<\/li>\n<li><strong>Gewicht:<\/strong> 12,06 g<\/li>\n<li><strong>Preis:<\/strong> 380,00 \u20ac<\/li>\n<\/ul>\n<p>In liebevoller Handarbeit gefertigt \u2013 ein filigranes Schmuckst\u00fcck mit nat\u00fcrlichem Farbspiel und zartem Charakter.<\/p>","protected":false},"excerpt":{"rendered":"<p>Zirkonkette mit Turmalin und Mondstein \u2013 sanfte Farben, feiner Glanz, handgefertigt.<\/p>","protected":false},"featured_media":917,"comment_status":"closed","ping_status":"closed","template":"","meta":[],"product_brand":[],"product_cat":[41,74,75,39],"product_tag":[],"class_list":{"0":"post-1187","1":"product","2":"type-product","3":"status-publish","4":"has-post-thumbnail","6":"product_cat-kette","7":"product_cat-verkauf-nach-absprache","8":"product_cat-kv","9":"product_cat-halsschmuck","11":"first","12":"instock","13":"virtual","14":"taxable","15":"purchasable","16":"product-type-simple"},"_links":{"self":[{"href":"https:\/\/npschmuckwerk.de\/en\/wp-json\/wp\/v2\/product\/1187","targetHints":{"allow":["GET"]}}],"collection":[{"href":"https:\/\/npschmuckwerk.de\/en\/wp-json\/wp\/v2\/product"}],"about":[{"href":"https:\/\/npschmuckwerk.de\/en\/wp-json\/wp\/v2\/types\/product"}],"replies":[{"embeddable":true,"href":"https:\/\/npschmuckwerk.de\/en\/wp-json\/wp\/v2\/comments?post=1187"}],"wp:featuredmedia":[{"embeddable":true,"href":"https:\/\/npschmuckwerk.de\/en\/wp-json\/wp\/v2\/media\/917"}],"wp:attachment":[{"href":"https:\/\/npschmuckwerk.de\/en\/wp-json\/wp\/v2\/media?parent=1187"}],"wp:term":[{"taxonomy":"product_brand","embeddable":true,"href":"https:\/\/npschmuckwerk.de\/en\/wp-json\/wp\/v2\/product_brand?post=1187"},{"taxonomy":"product_cat","embeddable":true,"href":"https:\/\/npschmuckwerk.de\/en\/wp-json\/wp\/v2\/product_cat?post=1187"},{"taxonomy":"product_tag","embeddable":true,"href":"https:\/\/npschmuckwerk.de\/en\/wp-json\/wp\/v2\/product_tag?post=1187"}],"curies":[{"name":"wp","href":"https:\/\/api.w.org\/{rel}","templated":true}]}}