{"id":1185,"date":"2025-05-21T14:50:35","date_gmt":"2025-05-21T14:50:35","guid":{"rendered":"https:\/\/npschmuckwerk.de\/?post_type=product&#038;p=1185"},"modified":"2025-07-24T10:50:16","modified_gmt":"2025-07-24T10:50:16","slug":"goldene-flachpanzerkette-mit-bicolor-quarzanhaenger","status":"publish","type":"product","link":"https:\/\/npschmuckwerk.de\/en\/product\/goldene-flachpanzerkette-mit-bicolor-quarzanhaenger\/","title":{"rendered":"Goldene Flachpanzerkette mit Bicolor Quarzanh\u00e4nger"},"content":{"rendered":"<p><strong>Goldene Flachpanzerkette mit Bicolor-Quarzanh\u00e4nger<\/strong><\/p>\n<p>Diese elegante Flachpanzerkette aus 585er Gelbgold (Gliederma\u00df 0,6 \u00d7 1,6 mm) \u00fcberzeugt durch ihre edle Optik und gro\u00dfz\u00fcgige L\u00e4nge von 70 cm. Der Blickfang ist der Bicolor-Anh\u00e4nger: Ein markanter Quarzstein in geometrischer Fassung, kombiniert aus 925er Silber und 585er Gelbgold. Mit seinen Ma\u00dfen von 29,5 \u00d7 10,47 \u00d7 16 mm setzt der Anh\u00e4nger ein modernes, klares Statement und verleiht dem Schmuckst\u00fcck eine architektonische Note.<\/p>\n<ul>\n<li><strong>Material:<\/strong> 585 Gelbgold (Kette), 925 Silber &#038; 585 Gelbgold (Anh\u00e4nger), Quarz<\/li>\n<li><strong>Ma\u00dfe Anh\u00e4nger:<\/strong> 29,5 \u00d7 10,47 \u00d7 16 mm<\/li>\n<li><strong>Kettenl\u00e4nge:<\/strong> 70 cm<\/li>\n<li><strong>Gewicht:<\/strong> 11,68 g<\/li>\n<li><strong>Preis:<\/strong> Kette 890,00 \u20ac, Anh\u00e4nger 520,00 \u20ac (Gesamt: 1.410,00 \u20ac)<\/li>\n<\/ul>\n<p>In pr\u00e4ziser Handarbeit gefertigt \u2013 ein stilvoller Begleiter mit klarer Form und edlem Bicolor-Kontrast.<\/p>","protected":false},"excerpt":{"rendered":"<p>Goldene Flachpanzerkette mit Bicolor-Quarzanh\u00e4nger \u2013 modern, hochwertig und handgefertigt.<\/p>","protected":false},"featured_media":1463,"comment_status":"closed","ping_status":"closed","template":"","meta":[],"product_brand":[],"product_cat":[41,74,75,39],"product_tag":[],"class_list":{"0":"post-1185","1":"product","2":"type-product","3":"status-publish","4":"has-post-thumbnail","6":"product_cat-kette","7":"product_cat-verkauf-nach-absprache","8":"product_cat-kv","9":"product_cat-halsschmuck","11":"first","12":"instock","13":"virtual","14":"taxable","15":"purchasable","16":"product-type-simple"},"_links":{"self":[{"href":"https:\/\/npschmuckwerk.de\/en\/wp-json\/wp\/v2\/product\/1185","targetHints":{"allow":["GET"]}}],"collection":[{"href":"https:\/\/npschmuckwerk.de\/en\/wp-json\/wp\/v2\/product"}],"about":[{"href":"https:\/\/npschmuckwerk.de\/en\/wp-json\/wp\/v2\/types\/product"}],"replies":[{"embeddable":true,"href":"https:\/\/npschmuckwerk.de\/en\/wp-json\/wp\/v2\/comments?post=1185"}],"wp:featuredmedia":[{"embeddable":true,"href":"https:\/\/npschmuckwerk.de\/en\/wp-json\/wp\/v2\/media\/1463"}],"wp:attachment":[{"href":"https:\/\/npschmuckwerk.de\/en\/wp-json\/wp\/v2\/media?parent=1185"}],"wp:term":[{"taxonomy":"product_brand","embeddable":true,"href":"https:\/\/npschmuckwerk.de\/en\/wp-json\/wp\/v2\/product_brand?post=1185"},{"taxonomy":"product_cat","embeddable":true,"href":"https:\/\/npschmuckwerk.de\/en\/wp-json\/wp\/v2\/product_cat?post=1185"},{"taxonomy":"product_tag","embeddable":true,"href":"https:\/\/npschmuckwerk.de\/en\/wp-json\/wp\/v2\/product_tag?post=1185"}],"curies":[{"name":"wp","href":"https:\/\/api.w.org\/{rel}","templated":true}]}}