{"id":1183,"date":"2025-05-21T14:50:35","date_gmt":"2025-05-21T14:50:35","guid":{"rendered":"https:\/\/npschmuckwerk.de\/?post_type=product&#038;p=1183"},"modified":"2025-07-24T10:50:16","modified_gmt":"2025-07-24T10:50:16","slug":"gelbgold-kette-mit-gelbgoldanhaenger-suncut-prasiolith-navette","status":"publish","type":"product","link":"https:\/\/npschmuckwerk.de\/en\/product\/gelbgold-kette-mit-gelbgoldanhaenger-suncut-prasiolith-navette\/","title":{"rendered":"Gelbgold &#8211; Kette mit Gelbgoldanh\u00e4nger Suncut Prasiolith Navette"},"content":{"rendered":"<p><strong>Gelbgold-Kette mit Navette-Anh\u00e4nger mit Suncut-Prasiolith<\/strong><\/p>\n<p>Diese exklusive Kette aus 585er Gelbgold (0,74 \u00d7 1,85 mm Gliederma\u00df) \u00fcberzeugt durch ihr elegantes Design und einen edlen Anh\u00e4nger in Navetteform. Im Mittelpunkt steht ein facettierter Prasiolith im Suncut-Schliff, der durch seine feinen Facetten und den zartgr\u00fcnen Farbton f\u00fcr einen klaren, modernen Look sorgt. Der Anh\u00e4nger misst 27,48 \u00d7 10,26 \u00d7 6 mm und ist vollst\u00e4ndig in Gelbgold gefasst \u2013 ein stilvoller Kontrast aus Farbstein und edlem Metall.<\/p>\n<ul>\n<li><strong>Material:<\/strong> 585 Gelbgold, Prasiolith<\/li>\n<li><strong>Schliff:<\/strong> Navetteform, Suncut<\/li>\n<li><strong>Ma\u00dfe Anh\u00e4nger:<\/strong> 27,48 \u00d7 10,26 \u00d7 6 mm<\/li>\n<li><strong>Kettenl\u00e4nge:<\/strong> 50 cm<\/li>\n<li><strong>Gewicht:<\/strong> 8,76 g<\/li>\n<li><strong>Preis:<\/strong> Anh\u00e4nger 899,00 \u20ac, Kette 1.350,00 \u20ac (Gesamt: 2.249,00 \u20ac)<\/li>\n<\/ul>\n<p>In meisterhafter Handarbeit gefertigt \u2013 ein hochwertiges Schmuckst\u00fcck mit edlem Farbstein und feiner Linienf\u00fchrung.<\/p>","protected":false},"excerpt":{"rendered":"<p>Gelbgoldkette mit Navette-Anh\u00e4nger aus facettiertem Prasiolith \u2013 klar, edel und handgefertigt.<\/p>","protected":false},"featured_media":913,"comment_status":"closed","ping_status":"closed","template":"","meta":[],"product_brand":[],"product_cat":[41,74,75,39],"product_tag":[],"class_list":{"0":"post-1183","1":"product","2":"type-product","3":"status-publish","4":"has-post-thumbnail","6":"product_cat-kette","7":"product_cat-verkauf-nach-absprache","8":"product_cat-kv","9":"product_cat-halsschmuck","11":"first","12":"instock","13":"virtual","14":"taxable","15":"purchasable","16":"product-type-simple"},"_links":{"self":[{"href":"https:\/\/npschmuckwerk.de\/en\/wp-json\/wp\/v2\/product\/1183","targetHints":{"allow":["GET"]}}],"collection":[{"href":"https:\/\/npschmuckwerk.de\/en\/wp-json\/wp\/v2\/product"}],"about":[{"href":"https:\/\/npschmuckwerk.de\/en\/wp-json\/wp\/v2\/types\/product"}],"replies":[{"embeddable":true,"href":"https:\/\/npschmuckwerk.de\/en\/wp-json\/wp\/v2\/comments?post=1183"}],"wp:featuredmedia":[{"embeddable":true,"href":"https:\/\/npschmuckwerk.de\/en\/wp-json\/wp\/v2\/media\/913"}],"wp:attachment":[{"href":"https:\/\/npschmuckwerk.de\/en\/wp-json\/wp\/v2\/media?parent=1183"}],"wp:term":[{"taxonomy":"product_brand","embeddable":true,"href":"https:\/\/npschmuckwerk.de\/en\/wp-json\/wp\/v2\/product_brand?post=1183"},{"taxonomy":"product_cat","embeddable":true,"href":"https:\/\/npschmuckwerk.de\/en\/wp-json\/wp\/v2\/product_cat?post=1183"},{"taxonomy":"product_tag","embeddable":true,"href":"https:\/\/npschmuckwerk.de\/en\/wp-json\/wp\/v2\/product_tag?post=1183"}],"curies":[{"name":"wp","href":"https:\/\/api.w.org\/{rel}","templated":true}]}}