{"id":1181,"date":"2025-05-21T14:50:26","date_gmt":"2025-05-21T14:50:26","guid":{"rendered":"https:\/\/npschmuckwerk.de\/?post_type=product&#038;p=1181"},"modified":"2025-07-24T10:50:18","modified_gmt":"2025-07-24T10:50:18","slug":"silber-erbskette-mit-silberanhaenger-mit-grauen-brillanten-034ct","status":"publish","type":"product","link":"https:\/\/npschmuckwerk.de\/en\/product\/silber-erbskette-mit-silberanhaenger-mit-grauen-brillanten-034ct\/","title":{"rendered":"Silber Erbskette mit Silberanh\u00e4nger mit grauen Brillanten 0,34ct"},"content":{"rendered":"<p><strong>Silber-Erbskette mit Anh\u00e4nger und grauen Brillanten (0,34 ct)<\/strong><\/p>\n<p>Diese stilvolle Erbskette aus 925er Silber (St\u00e4rke: 1,5 mm) \u00fcberzeugt durch ihren modernen Look und den edel besetzten Anh\u00e4nger. In das reduzierte Design sind 17 graue Brillanten (gesamt 0,34 ct) harmonisch eingefasst \u2013 sie verleihen dem Anh\u00e4nger mit einem Durchmesser von 1,2 mm je Stein eine dezente, rauchige Eleganz. Der Anh\u00e4nger selbst misst 30,4 \u00d7 15,8 \u00d7 2,29 mm und wirkt trotz seiner Gr\u00f6\u00dfe angenehm zur\u00fcckhaltend.<\/p>\n<ul>\n<li><strong>Material:<\/strong> 925 Silber<\/li>\n<li><strong>Steinbesatz:<\/strong> 17 graue Brillanten, gesamt 0,34 ct<\/li>\n<li><strong>Ma\u00dfe Anh\u00e4nger:<\/strong> 30,4 \u00d7 15,8 \u00d7 2,29 mm<\/li>\n<li><strong>Kettenst\u00e4rke:<\/strong> 1,5 mm<\/li>\n<li><strong>Kettenl\u00e4nge:<\/strong> 63 cm<\/li>\n<li><strong>Gewicht:<\/strong> 9,67 g<\/li>\n<li><strong>Preis:<\/strong> 519,00 \u20ac<\/li>\n<\/ul>\n<p>In sorgf\u00e4ltiger Handarbeit gefertigt \u2013 ein modernes Schmuckst\u00fcck mit Understatement und Brillanz.<\/p>","protected":false},"excerpt":{"rendered":"<p>Silberkette mit Anh\u00e4nger &#038; grauen Brillanten (0,34 ct) \u2013 dezent, elegant und handgefertigt.<\/p>","protected":false},"featured_media":911,"comment_status":"closed","ping_status":"closed","template":"","meta":[],"product_brand":[],"product_cat":[39,41,74,75],"product_tag":[],"class_list":{"0":"post-1181","1":"product","2":"type-product","3":"status-publish","4":"has-post-thumbnail","6":"product_cat-halsschmuck","7":"product_cat-kette","8":"product_cat-verkauf-nach-absprache","9":"product_cat-kv","11":"first","12":"instock","13":"virtual","14":"taxable","15":"purchasable","16":"product-type-simple"},"_links":{"self":[{"href":"https:\/\/npschmuckwerk.de\/en\/wp-json\/wp\/v2\/product\/1181","targetHints":{"allow":["GET"]}}],"collection":[{"href":"https:\/\/npschmuckwerk.de\/en\/wp-json\/wp\/v2\/product"}],"about":[{"href":"https:\/\/npschmuckwerk.de\/en\/wp-json\/wp\/v2\/types\/product"}],"replies":[{"embeddable":true,"href":"https:\/\/npschmuckwerk.de\/en\/wp-json\/wp\/v2\/comments?post=1181"}],"wp:featuredmedia":[{"embeddable":true,"href":"https:\/\/npschmuckwerk.de\/en\/wp-json\/wp\/v2\/media\/911"}],"wp:attachment":[{"href":"https:\/\/npschmuckwerk.de\/en\/wp-json\/wp\/v2\/media?parent=1181"}],"wp:term":[{"taxonomy":"product_brand","embeddable":true,"href":"https:\/\/npschmuckwerk.de\/en\/wp-json\/wp\/v2\/product_brand?post=1181"},{"taxonomy":"product_cat","embeddable":true,"href":"https:\/\/npschmuckwerk.de\/en\/wp-json\/wp\/v2\/product_cat?post=1181"},{"taxonomy":"product_tag","embeddable":true,"href":"https:\/\/npschmuckwerk.de\/en\/wp-json\/wp\/v2\/product_tag?post=1181"}],"curies":[{"name":"wp","href":"https:\/\/api.w.org\/{rel}","templated":true}]}}