{"id":1176,"date":"2025-05-21T14:50:25","date_gmt":"2025-05-21T14:50:25","guid":{"rendered":"https:\/\/npschmuckwerk.de\/?post_type=product&#038;p=1176"},"modified":"2025-07-24T10:50:19","modified_gmt":"2025-07-24T10:50:19","slug":"silber-ohrstecker-mit-gehaemmerter-oberflaeche-matt-aquamarin-kugeln-facettiert","status":"publish","type":"product","link":"https:\/\/npschmuckwerk.de\/en\/product\/silber-ohrstecker-mit-gehaemmerter-oberflaeche-matt-aquamarin-kugeln-facettiert\/","title":{"rendered":"Silber Ohrstecker mit geh\u00e4mmerter Oberfl\u00e4che matt. Aquamarin &#8211; Kugeln facettiert"},"content":{"rendered":"<p><strong>Bicolor-Ohrstecker aus Silber und Gelbgold mit geh\u00e4mmerter Oberfl\u00e4che &amp; facettierten Aquamarin-Kugeln<\/strong><\/p>\n<p>Diese handgefertigten Ohrstecker vereinen klare Formgebung mit edlen Materialien: Die geh\u00e4mmerte, mattierte Oberfl\u00e4che der Stecker besteht aus 925er Silber, kombiniert mit feinen Akzenten aus 585er Gelbgold, Silber und Aquamarinkugeln. Der Clou: Abnehmbare Einh\u00e4nger mit facettierten Aquamarin-Kugeln (17,1 \u00d7 10,4 mm) bringen Farbe und Bewegung ins Spiel. So lassen sich die Stecker je nach Anlass schlicht oder auff\u00e4llig tragen.<\/p>\n<ul>\n<li><strong>Material:<\/strong> 925 Silber, 585 Gelbgold, facettierter Aquamarin<\/li>\n<li><strong>Ma\u00dfe Ohrstecker:<\/strong> 45,5 \u00d7 1,54 \u00d7 8,7 mm<\/li>\n<li><strong>Ma\u00dfe Einh\u00e4nger:<\/strong> 17,1 \u00d7 10,4 mm<\/li>\n<li><strong>Gewicht:<\/strong> Ohrstecker 3,75 g, Gesamtgewicht 8,87 g<\/li>\n<li><strong>Preis:<\/strong> Ohrstecker 99,00 \u20ac, Einh\u00e4nger 279,00 \u20ac (Gesamt: 378,00 \u20ac)<\/li>\n<\/ul>\n<p>Ein wandelbares Bicolor-Unikat \u2013 modern, elegant und mit ausdrucksstarkem Edelsteinakzent.<\/p>","protected":false},"excerpt":{"rendered":"<p>Bicolor-Ohrstecker mit Aquamarin-Einh\u00e4ngern \u2013 geh\u00e4mmertes Silber, Goldakzente &amp; wandelbares Design.<\/p>","protected":false},"featured_media":906,"comment_status":"closed","ping_status":"closed","template":"","meta":[],"product_brand":[],"product_cat":[36,74,75,35],"product_tag":[],"class_list":{"0":"post-1176","1":"product","2":"type-product","3":"status-publish","4":"has-post-thumbnail","6":"product_cat-ohrstecker","7":"product_cat-verkauf-nach-absprache","8":"product_cat-kv","9":"product_cat-ohrschmuck","11":"first","12":"instock","13":"virtual","14":"taxable","15":"purchasable","16":"product-type-simple"},"_links":{"self":[{"href":"https:\/\/npschmuckwerk.de\/en\/wp-json\/wp\/v2\/product\/1176","targetHints":{"allow":["GET"]}}],"collection":[{"href":"https:\/\/npschmuckwerk.de\/en\/wp-json\/wp\/v2\/product"}],"about":[{"href":"https:\/\/npschmuckwerk.de\/en\/wp-json\/wp\/v2\/types\/product"}],"replies":[{"embeddable":true,"href":"https:\/\/npschmuckwerk.de\/en\/wp-json\/wp\/v2\/comments?post=1176"}],"wp:featuredmedia":[{"embeddable":true,"href":"https:\/\/npschmuckwerk.de\/en\/wp-json\/wp\/v2\/media\/906"}],"wp:attachment":[{"href":"https:\/\/npschmuckwerk.de\/en\/wp-json\/wp\/v2\/media?parent=1176"}],"wp:term":[{"taxonomy":"product_brand","embeddable":true,"href":"https:\/\/npschmuckwerk.de\/en\/wp-json\/wp\/v2\/product_brand?post=1176"},{"taxonomy":"product_cat","embeddable":true,"href":"https:\/\/npschmuckwerk.de\/en\/wp-json\/wp\/v2\/product_cat?post=1176"},{"taxonomy":"product_tag","embeddable":true,"href":"https:\/\/npschmuckwerk.de\/en\/wp-json\/wp\/v2\/product_tag?post=1176"}],"curies":[{"name":"wp","href":"https:\/\/api.w.org\/{rel}","templated":true}]}}