{"id":1173,"date":"2025-05-21T14:50:24","date_gmt":"2025-05-21T14:50:24","guid":{"rendered":"https:\/\/npschmuckwerk.de\/?post_type=product&#038;p=1173"},"modified":"2025-07-24T10:50:20","modified_gmt":"2025-07-24T10:50:20","slug":"labradorithkette-mit-silber-vergoldeten-elementen-und-silber","status":"publish","type":"product","link":"https:\/\/npschmuckwerk.de\/en\/product\/labradorithkette-mit-silber-vergoldeten-elementen-und-silber\/","title":{"rendered":"Labradorithkette mit Silber &#8211; vergoldeten Elementen und Silber"},"content":{"rendered":"<p><strong>Labradorithkette mit vergoldeten Silberelementen und offener Schlie\u00dfe<\/strong><\/p>\n<p>Diese stilvolle Labradorithkette vereint nat\u00fcrliche Eleganz mit raffinierten Akzenten. Die ca. 11 \u00d7 5 mm gro\u00dfen, l\u00e4nglich facettierten Steine zeigen das typische Farbspiel des Labradoriths \u2013 von Grau bis Blau mit irisierenden Effekten. Silber-vergoldete Zwischenelemente setzen gl\u00e4nzende Akzente, w\u00e4hrend die offen gestaltete, vergoldete Schlie\u00dfe mit einem Durchmesser von 14,4 mm auch als dekoratives Designelement fungiert.<\/p>\n<ul>\n<li><strong>Material:<\/strong> Labradorith, 925 Silber, vergoldetes Silber<\/li>\n<li><strong>Ma\u00dfe Steine:<\/strong> ca. 11 \u00d7 5 mm<\/li>\n<li><strong>Schlie\u00dfe:<\/strong> Durchmesser 14,4 mm, L\u00e4nge ab Schlie\u00dfe ca. 30 mm<\/li>\n<li><strong>Kettenl\u00e4nge:<\/strong> 51 cm<\/li>\n<li><strong>Gewicht:<\/strong> 46,79 g<\/li>\n<li><strong>Preis:<\/strong> 269,00 \u20ac<\/li>\n<\/ul>\n<p>In sorgf\u00e4ltiger Handarbeit gefertigt \u2013 eine moderne Kette mit nat\u00fcrlichem Schimmer und edlem Detail.<\/p>","protected":false},"excerpt":{"rendered":"<p>Labradorithkette mit Silber-vergoldeten Elementen und dekorativer Schlie\u00dfe \u2013 modern, schimmernd und handgefertigt.<\/p>","protected":false},"featured_media":903,"comment_status":"closed","ping_status":"closed","template":"","meta":[],"product_brand":[],"product_cat":[39,41,74,75],"product_tag":[],"class_list":{"0":"post-1173","1":"product","2":"type-product","3":"status-publish","4":"has-post-thumbnail","6":"product_cat-halsschmuck","7":"product_cat-kette","8":"product_cat-verkauf-nach-absprache","9":"product_cat-kv","11":"first","12":"instock","13":"virtual","14":"taxable","15":"purchasable","16":"product-type-simple"},"_links":{"self":[{"href":"https:\/\/npschmuckwerk.de\/en\/wp-json\/wp\/v2\/product\/1173","targetHints":{"allow":["GET"]}}],"collection":[{"href":"https:\/\/npschmuckwerk.de\/en\/wp-json\/wp\/v2\/product"}],"about":[{"href":"https:\/\/npschmuckwerk.de\/en\/wp-json\/wp\/v2\/types\/product"}],"replies":[{"embeddable":true,"href":"https:\/\/npschmuckwerk.de\/en\/wp-json\/wp\/v2\/comments?post=1173"}],"wp:featuredmedia":[{"embeddable":true,"href":"https:\/\/npschmuckwerk.de\/en\/wp-json\/wp\/v2\/media\/903"}],"wp:attachment":[{"href":"https:\/\/npschmuckwerk.de\/en\/wp-json\/wp\/v2\/media?parent=1173"}],"wp:term":[{"taxonomy":"product_brand","embeddable":true,"href":"https:\/\/npschmuckwerk.de\/en\/wp-json\/wp\/v2\/product_brand?post=1173"},{"taxonomy":"product_cat","embeddable":true,"href":"https:\/\/npschmuckwerk.de\/en\/wp-json\/wp\/v2\/product_cat?post=1173"},{"taxonomy":"product_tag","embeddable":true,"href":"https:\/\/npschmuckwerk.de\/en\/wp-json\/wp\/v2\/product_tag?post=1173"}],"curies":[{"name":"wp","href":"https:\/\/api.w.org\/{rel}","templated":true}]}}