{"id":1172,"date":"2025-05-21T14:50:24","date_gmt":"2025-05-21T14:50:24","guid":{"rendered":"https:\/\/npschmuckwerk.de\/?post_type=product&#038;p=1172"},"modified":"2025-07-24T10:50:17","modified_gmt":"2025-07-24T10:50:17","slug":"graue-suesswasser-perlenkette-mit-bajonette-schliesse","status":"publish","type":"product","link":"https:\/\/npschmuckwerk.de\/en\/product\/graue-suesswasser-perlenkette-mit-bajonette-schliesse\/","title":{"rendered":"Graue S\u00fc\u00dfwasser &#8211; Perlenkette mit Bajonette Schlie\u00dfe"},"content":{"rendered":"<p><strong>Graue S\u00fc\u00dfwasser-Perlenkette mit Bajonette-Schlie\u00dfe<\/strong><\/p>\n<p>Diese klassische Perlenkette aus grauen S\u00fc\u00dfwasser-Zuchtperlen \u00fcberzeugt durch ihre gleichm\u00e4\u00dfige Form, ihren seidigen Schimmer und ihre zeitlose Eleganz. Die ca. 11 mm gro\u00dfen Perlen wirken markant und zugleich weich im Ausdruck. Die Bajonette-Schlie\u00dfe sorgt f\u00fcr einen sicheren Halt und f\u00fcgt sich dezent in das edle Gesamtbild ein.<\/p>\n<ul>\n<li><strong>Perlenart:<\/strong> Graue S\u00fc\u00dfwasser-Zuchtperlen<\/li>\n<li><strong>Perlendurchmesser:<\/strong> ca. 11 mm<\/li>\n<li><strong>Kettenl\u00e4nge:<\/strong> 45 cm<\/li>\n<li><strong>Gewicht:<\/strong> 69,38 g<\/li>\n<li><strong>Preis:<\/strong> 780,00 \u20ac<\/li>\n<\/ul>\n<p>Ein eleganter Klassiker \u2013 sorgf\u00e4ltig von Hand aufgezogen und mit hochwertiger Schlie\u00dfe versehen.<\/p>","protected":false},"excerpt":{"rendered":"<p>Graue S\u00fc\u00dfwasser-Perlenkette mit ca. 11 mm Perlen und Bajonette-Schlie\u00dfe \u2013 klassisch, edel und handgefertigt.<\/p>","protected":false},"featured_media":902,"comment_status":"closed","ping_status":"closed","template":"","meta":[],"product_brand":[],"product_cat":[39,41,74,75],"product_tag":[],"class_list":{"0":"post-1172","1":"product","2":"type-product","3":"status-publish","4":"has-post-thumbnail","6":"product_cat-halsschmuck","7":"product_cat-kette","8":"product_cat-verkauf-nach-absprache","9":"product_cat-kv","11":"first","12":"instock","13":"virtual","14":"taxable","15":"purchasable","16":"product-type-simple"},"_links":{"self":[{"href":"https:\/\/npschmuckwerk.de\/en\/wp-json\/wp\/v2\/product\/1172","targetHints":{"allow":["GET"]}}],"collection":[{"href":"https:\/\/npschmuckwerk.de\/en\/wp-json\/wp\/v2\/product"}],"about":[{"href":"https:\/\/npschmuckwerk.de\/en\/wp-json\/wp\/v2\/types\/product"}],"replies":[{"embeddable":true,"href":"https:\/\/npschmuckwerk.de\/en\/wp-json\/wp\/v2\/comments?post=1172"}],"wp:featuredmedia":[{"embeddable":true,"href":"https:\/\/npschmuckwerk.de\/en\/wp-json\/wp\/v2\/media\/902"}],"wp:attachment":[{"href":"https:\/\/npschmuckwerk.de\/en\/wp-json\/wp\/v2\/media?parent=1172"}],"wp:term":[{"taxonomy":"product_brand","embeddable":true,"href":"https:\/\/npschmuckwerk.de\/en\/wp-json\/wp\/v2\/product_brand?post=1172"},{"taxonomy":"product_cat","embeddable":true,"href":"https:\/\/npschmuckwerk.de\/en\/wp-json\/wp\/v2\/product_cat?post=1172"},{"taxonomy":"product_tag","embeddable":true,"href":"https:\/\/npschmuckwerk.de\/en\/wp-json\/wp\/v2\/product_tag?post=1172"}],"curies":[{"name":"wp","href":"https:\/\/api.w.org\/{rel}","templated":true}]}}