{"id":1171,"date":"2025-05-21T14:50:24","date_gmt":"2025-05-21T14:50:24","guid":{"rendered":"https:\/\/npschmuckwerk.de\/?post_type=product&#038;p=1171"},"modified":"2025-07-24T10:50:18","modified_gmt":"2025-07-24T10:50:18","slug":"labradorithkette-mit-silber-vergoldeten-elementen","status":"publish","type":"product","link":"https:\/\/npschmuckwerk.de\/en\/product\/labradorithkette-mit-silber-vergoldeten-elementen\/","title":{"rendered":"UNIKAT Labradorithkette mit Silber &#8211; vergoldeten Elementen"},"content":{"rendered":"<p><strong>Unikat: Labradorithkette mit vergoldeten Silberelementen und Navette-Anh\u00e4nger<\/strong><\/p>\n<p>Diese edle Unikatkette kombiniert schimmernden Labradorith mit vergoldeten Elementen aus 925er Silber und einem ausdrucksstarken Anh\u00e4nger. Der gro\u00dfe Labradorith ist als Navettecabochon geschliffen, in Silber gefasst und mit einer eleganten Aufh\u00e4ngung aus 585er Gelbgold versehen. Das facettenreiche Farbspiel des Steins reicht von tiefem Blau bis zu gr\u00fcnlich-silbrigen T\u00f6nen \u2013 ein nat\u00fcrlicher Blickfang mit Tiefe und Mystik.<\/p>\n<ul>\n<li><strong>Material:<\/strong> Labradorith, 925 Silber, 585 Gelbgold, gelbvergoldete Silberelemente<\/li>\n<li><strong>Ma\u00dfe Anh\u00e4nger:<\/strong> 17,93 \u00d7 37,87 \u00d7 6,35 mm<\/li>\n<li><strong>Kettenl\u00e4nge:<\/strong> 46 cm<\/li>\n<li><strong>Gewicht:<\/strong> 28,52 g<\/li>\n<li><strong>Preis:<\/strong> 599,00 \u20ac<\/li>\n<\/ul>\n<p>In meisterhafter Handarbeit gefertigt \u2013 ein einzigartiges Schmuckst\u00fcck, das Naturstein und Edelmetall stilvoll verbindet.<\/p>","protected":false},"excerpt":{"rendered":"<p>Labradorithkette mit vergoldeten Elementen &amp; Navette-Anh\u00e4nger \u2013 einzigartig, schimmernd und handgefertigt.<\/p>","protected":false},"featured_media":901,"comment_status":"closed","ping_status":"closed","template":"","meta":[],"product_brand":[],"product_cat":[38,39,41,74,75],"product_tag":[],"class_list":{"0":"post-1171","1":"product","2":"type-product","3":"status-publish","4":"has-post-thumbnail","6":"product_cat-unikate","7":"product_cat-halsschmuck","8":"product_cat-kette","9":"product_cat-verkauf-nach-absprache","10":"product_cat-kv","12":"first","13":"instock","14":"virtual","15":"taxable","16":"purchasable","17":"product-type-simple"},"_links":{"self":[{"href":"https:\/\/npschmuckwerk.de\/en\/wp-json\/wp\/v2\/product\/1171","targetHints":{"allow":["GET"]}}],"collection":[{"href":"https:\/\/npschmuckwerk.de\/en\/wp-json\/wp\/v2\/product"}],"about":[{"href":"https:\/\/npschmuckwerk.de\/en\/wp-json\/wp\/v2\/types\/product"}],"replies":[{"embeddable":true,"href":"https:\/\/npschmuckwerk.de\/en\/wp-json\/wp\/v2\/comments?post=1171"}],"wp:featuredmedia":[{"embeddable":true,"href":"https:\/\/npschmuckwerk.de\/en\/wp-json\/wp\/v2\/media\/901"}],"wp:attachment":[{"href":"https:\/\/npschmuckwerk.de\/en\/wp-json\/wp\/v2\/media?parent=1171"}],"wp:term":[{"taxonomy":"product_brand","embeddable":true,"href":"https:\/\/npschmuckwerk.de\/en\/wp-json\/wp\/v2\/product_brand?post=1171"},{"taxonomy":"product_cat","embeddable":true,"href":"https:\/\/npschmuckwerk.de\/en\/wp-json\/wp\/v2\/product_cat?post=1171"},{"taxonomy":"product_tag","embeddable":true,"href":"https:\/\/npschmuckwerk.de\/en\/wp-json\/wp\/v2\/product_tag?post=1171"}],"curies":[{"name":"wp","href":"https:\/\/api.w.org\/{rel}","templated":true}]}}