{"id":1169,"date":"2025-05-21T14:50:24","date_gmt":"2025-05-21T14:50:24","guid":{"rendered":"https:\/\/npschmuckwerk.de\/?post_type=product&#038;p=1169"},"modified":"2025-07-24T10:48:57","modified_gmt":"2025-07-24T10:48:57","slug":"silberanhaenger-mit-rubin-navette","status":"publish","type":"product","link":"https:\/\/npschmuckwerk.de\/en\/product\/silberanhaenger-mit-rubin-navette\/","title":{"rendered":"Silberanh\u00e4nger mit Rubin Navette"},"content":{"rendered":"<p><strong>Silber-Anh\u00e4nger mit Rubin Navette<\/strong><\/p>\n<p>Dieser elegante Anh\u00e4nger aus 925er Silber kombiniert klare Linien mit einem edel gefassten Rubin in Navetteform. Der intensiv rote Rubin bildet dabei den dezenten Akzent, der das schlichte Design aufwertet. Die sorgf\u00e4ltige Verarbeitung sorgt daf\u00fcr, dass das Schmuckst\u00fcck sowohl zeitlos als auch modern wirkt \u2013 ideal als feiner Begleiter zu jeder Halskette.<\/p>\n<ul>\n<li><strong>Material:<\/strong> 925 Silber<\/li>\n<li><strong>Stein:<\/strong> Rubin in Navetteform<\/li>\n<li><strong>Ma\u00dfe:<\/strong> 13,38 x 4,28 mm<\/li>\n<li><strong>Gewicht:<\/strong> 0,50 g<\/li>\n<li><strong>Preis:<\/strong> 89,00 \u20ac<\/li>\n<\/ul>\n<p>In liebevoller Handarbeit gefertigt \u2013 ein zeitlos eleganter Schmuck, der jeden Look veredelt.<\/p>","protected":false},"excerpt":{"rendered":"<p>Silber-Anh\u00e4nger mit Rubin Navette \u2013 dezent, edel und handgefertigt.<\/p>","protected":false},"featured_media":899,"comment_status":"closed","ping_status":"closed","template":"","meta":[],"product_brand":[],"product_cat":[40,73,39],"product_tag":[],"class_list":{"0":"post-1169","1":"product","2":"type-product","3":"status-publish","4":"has-post-thumbnail","6":"product_cat-anhaenger","7":"product_cat-direktverkauf","8":"product_cat-halsschmuck","10":"first","11":"instock","12":"taxable","13":"shipping-taxable","14":"purchasable","15":"product-type-simple"},"_links":{"self":[{"href":"https:\/\/npschmuckwerk.de\/en\/wp-json\/wp\/v2\/product\/1169","targetHints":{"allow":["GET"]}}],"collection":[{"href":"https:\/\/npschmuckwerk.de\/en\/wp-json\/wp\/v2\/product"}],"about":[{"href":"https:\/\/npschmuckwerk.de\/en\/wp-json\/wp\/v2\/types\/product"}],"replies":[{"embeddable":true,"href":"https:\/\/npschmuckwerk.de\/en\/wp-json\/wp\/v2\/comments?post=1169"}],"wp:featuredmedia":[{"embeddable":true,"href":"https:\/\/npschmuckwerk.de\/en\/wp-json\/wp\/v2\/media\/899"}],"wp:attachment":[{"href":"https:\/\/npschmuckwerk.de\/en\/wp-json\/wp\/v2\/media?parent=1169"}],"wp:term":[{"taxonomy":"product_brand","embeddable":true,"href":"https:\/\/npschmuckwerk.de\/en\/wp-json\/wp\/v2\/product_brand?post=1169"},{"taxonomy":"product_cat","embeddable":true,"href":"https:\/\/npschmuckwerk.de\/en\/wp-json\/wp\/v2\/product_cat?post=1169"},{"taxonomy":"product_tag","embeddable":true,"href":"https:\/\/npschmuckwerk.de\/en\/wp-json\/wp\/v2\/product_tag?post=1169"}],"curies":[{"name":"wp","href":"https:\/\/api.w.org\/{rel}","templated":true}]}}