{"id":1167,"date":"2025-05-21T14:50:24","date_gmt":"2025-05-21T14:50:24","guid":{"rendered":"https:\/\/npschmuckwerk.de\/?post_type=product&#038;p=1167"},"modified":"2025-08-24T10:43:12","modified_gmt":"2025-08-24T10:43:12","slug":"silberanhaenger-mit-blau-gruenem-turmalin-rund-facettiert","status":"publish","type":"product","link":"https:\/\/npschmuckwerk.de\/en\/product\/silberanhaenger-mit-blau-gruenem-turmalin-rund-facettiert\/","title":{"rendered":"Silberanh\u00e4nger mit blau gr\u00fcnem Turmalin rund facettiert"},"content":{"rendered":"<p><strong>Silber-Anh\u00e4nger mit rund facettiertem blau-gr\u00fcnem Turmalin<\/strong><\/p>\n<p>Dieser Anh\u00e4nger aus 925er Silber fasst einen rund facettierten Turmalin mit faszinierendem Farbspiel zwischen Blau und Gr\u00fcn. Je nach Lichteinfall zeigt der Edelstein unterschiedliche Nuancen \u2013 mal tiefgr\u00fcndig, mal lebendig. Die schlichte Silberfassung lenkt den Fokus ganz auf den Stein und macht das Schmuckst\u00fcck vielseitig tragbar.<\/p>\n<ul>\n<li><strong>Material:<\/strong> 925 Silber<\/li>\n<li><strong>Stein:<\/strong> Blau-gr\u00fcner Turmalin, rund facettiert<\/li>\n<li><strong>Ma\u00dfe:<\/strong> 12,5 \u00d7 8,26 mm<\/li>\n<li><strong>Gewicht:<\/strong> 1,39 g<\/li>\n<li><strong>Preis:<\/strong> 279,00 \u20ac<\/li>\n<\/ul>\n<p>In liebevoller Handarbeit gefertigt \u2013 ein nat\u00fcrliches Unikat mit farblichem Tiefgang.<\/p>","protected":false},"excerpt":{"rendered":"<p>Silber-Anh\u00e4nger mit blau-gr\u00fcnem Turmalin \u2013 facettiert, farbintensiv und handgefertigt.<\/p>","protected":false},"featured_media":897,"comment_status":"closed","ping_status":"closed","template":"","meta":[],"product_brand":[],"product_cat":[39,40,73],"product_tag":[],"class_list":{"0":"post-1167","1":"product","2":"type-product","3":"status-publish","4":"has-post-thumbnail","6":"product_cat-halsschmuck","7":"product_cat-anhaenger","8":"product_cat-direktverkauf","10":"first","11":"outofstock","12":"taxable","13":"shipping-taxable","14":"purchasable","15":"product-type-simple"},"_links":{"self":[{"href":"https:\/\/npschmuckwerk.de\/en\/wp-json\/wp\/v2\/product\/1167","targetHints":{"allow":["GET"]}}],"collection":[{"href":"https:\/\/npschmuckwerk.de\/en\/wp-json\/wp\/v2\/product"}],"about":[{"href":"https:\/\/npschmuckwerk.de\/en\/wp-json\/wp\/v2\/types\/product"}],"replies":[{"embeddable":true,"href":"https:\/\/npschmuckwerk.de\/en\/wp-json\/wp\/v2\/comments?post=1167"}],"wp:featuredmedia":[{"embeddable":true,"href":"https:\/\/npschmuckwerk.de\/en\/wp-json\/wp\/v2\/media\/897"}],"wp:attachment":[{"href":"https:\/\/npschmuckwerk.de\/en\/wp-json\/wp\/v2\/media?parent=1167"}],"wp:term":[{"taxonomy":"product_brand","embeddable":true,"href":"https:\/\/npschmuckwerk.de\/en\/wp-json\/wp\/v2\/product_brand?post=1167"},{"taxonomy":"product_cat","embeddable":true,"href":"https:\/\/npschmuckwerk.de\/en\/wp-json\/wp\/v2\/product_cat?post=1167"},{"taxonomy":"product_tag","embeddable":true,"href":"https:\/\/npschmuckwerk.de\/en\/wp-json\/wp\/v2\/product_tag?post=1167"}],"curies":[{"name":"wp","href":"https:\/\/api.w.org\/{rel}","templated":true}]}}