{"id":1161,"date":"2025-05-21T14:50:23","date_gmt":"2025-05-21T14:50:23","guid":{"rendered":"https:\/\/npschmuckwerk.de\/?post_type=product&#038;p=1161"},"modified":"2025-07-24T10:50:19","modified_gmt":"2025-07-24T10:50:19","slug":"silber-anhaenger-mit-17-grauen-brillanten-eingefasst","status":"publish","type":"product","link":"https:\/\/npschmuckwerk.de\/en\/product\/silber-anhaenger-mit-17-grauen-brillanten-eingefasst\/","title":{"rendered":"Silber Anh\u00e4nger mit 17 grauen Brillanten eingefasst"},"content":{"rendered":"<p><strong>Silber-Anh\u00e4nger mit 17 grauen Brillanten<\/strong><\/p>\n<p>Dieser ausdrucksstarke Anh\u00e4nger aus 925er Silber vereint klare Formgebung mit edlem Steinbesatz: 17 graue Brillanten sind pr\u00e4zise eingefasst und verleihen dem Schmuckst\u00fcck ein dezentes, rauchiges Funkeln. Die l\u00e4nglich-ovale Form und die matte Silberoberfl\u00e4che unterstreichen die moderne \u00c4sthetik dieses besonderen Anh\u00e4ngers.<\/p>\n<ul>\n<li><strong>Material:<\/strong> 925 Silber<\/li>\n<li><strong>Steinbesatz:<\/strong> 17 graue Brillanten<\/li>\n<li><strong>Ma\u00dfe:<\/strong> 29,11 \u00d7 16,5 mm<\/li>\n<li><strong>Gewicht:<\/strong> 4,36 g<\/li>\n<li><strong>Preis:<\/strong> 425,00 \u20ac<\/li>\n<\/ul>\n<p>In sorgf\u00e4ltiger Handarbeit gefertigt \u2013 ein charaktervolles Schmuckst\u00fcck mit moderner Eleganz.<\/p>","protected":false},"excerpt":{"rendered":"<p>Silber-Anh\u00e4nger mit 17 grauen Brillanten \u2013 modern, dezent funkelnd und handgefertigt.<\/p>","protected":false},"featured_media":892,"comment_status":"closed","ping_status":"closed","template":"","meta":[],"product_brand":[],"product_cat":[39,40,74,75],"product_tag":[],"class_list":{"0":"post-1161","1":"product","2":"type-product","3":"status-publish","4":"has-post-thumbnail","6":"product_cat-halsschmuck","7":"product_cat-anhaenger","8":"product_cat-verkauf-nach-absprache","9":"product_cat-kv","11":"first","12":"instock","13":"virtual","14":"taxable","15":"purchasable","16":"product-type-simple"},"_links":{"self":[{"href":"https:\/\/npschmuckwerk.de\/en\/wp-json\/wp\/v2\/product\/1161","targetHints":{"allow":["GET"]}}],"collection":[{"href":"https:\/\/npschmuckwerk.de\/en\/wp-json\/wp\/v2\/product"}],"about":[{"href":"https:\/\/npschmuckwerk.de\/en\/wp-json\/wp\/v2\/types\/product"}],"replies":[{"embeddable":true,"href":"https:\/\/npschmuckwerk.de\/en\/wp-json\/wp\/v2\/comments?post=1161"}],"wp:featuredmedia":[{"embeddable":true,"href":"https:\/\/npschmuckwerk.de\/en\/wp-json\/wp\/v2\/media\/892"}],"wp:attachment":[{"href":"https:\/\/npschmuckwerk.de\/en\/wp-json\/wp\/v2\/media?parent=1161"}],"wp:term":[{"taxonomy":"product_brand","embeddable":true,"href":"https:\/\/npschmuckwerk.de\/en\/wp-json\/wp\/v2\/product_brand?post=1161"},{"taxonomy":"product_cat","embeddable":true,"href":"https:\/\/npschmuckwerk.de\/en\/wp-json\/wp\/v2\/product_cat?post=1161"},{"taxonomy":"product_tag","embeddable":true,"href":"https:\/\/npschmuckwerk.de\/en\/wp-json\/wp\/v2\/product_tag?post=1161"}],"curies":[{"name":"wp","href":"https:\/\/api.w.org\/{rel}","templated":true}]}}